{"id":23478,"date":"2024-12-27T21:09:42","date_gmt":"2024-12-27T22:09:42","guid":{"rendered":"https:\/\/guidetotheazores.pt\/product\/randonnee-et-plongee-avec-masque-et-tuba-avec-un-habitant-de-la-region\/"},"modified":"2024-12-27T21:09:42","modified_gmt":"2024-12-27T22:09:42","slug":"randonnee-et-plongee-avec-masque-et-tuba-avec-un-habitant-de-la-region","status":"publish","type":"product","link":"https:\/\/guidetotheazores.pt\/fr\/produit\/randonnee-et-plongee-avec-masque-et-tuba-avec-un-habitant-de-la-region\/","title":{"rendered":"Randonn\u00e9e et plong\u00e9e avec masque et tuba avec un habitant de la r\u00e9gion"},"content":{"rendered":"<p>Bienvenue dans une exp\u00e9rience qui exacerbera tes sens, d\u00e9fiera tes limites et te connectera \u00e0 la nature d&rsquo;une mani\u00e8re unique.<\/p>\n<p>Es-tu pr\u00eat \u00e0 fouler des sentiers qui m\u00e8nent \u00e0 des vues \u00e0 couper le souffle, \u00e0 surmonter des obstacles et \u00e0 cr\u00e9er des souvenirs qui dureront toute une vie ? Bienvenue dans mon itin\u00e9raire de randonn\u00e9e ! <\/p>\n<p>Notre voyage commence l\u00e0 o\u00f9 le macadam se termine. Nous laisserons derri\u00e8re nous le quotidien et nous nous lancerons dans une aventure qui nous fera traverser des paysages \u00e9poustouflants, des for\u00eats anciennes et une cascade majestueuse. <\/p>\n<p>\u00c0 chaque \u00e9tape, nous laisserons derri\u00e8re nous ce qui nous est familier, nous embrasserons l&rsquo;inconnu et nous ferons de la place pour la d\u00e9couverte !<\/p>\n<p>Cette journ\u00e9e \u00e9pique se termine sur une plage volcanique o\u00f9 tu pourras observer la vie marine de cette \u00eele en faisant du snorkeling autour d&rsquo;un r\u00e9cif sous-marin.<\/p>\n","protected":false},"excerpt":{"rendered":"<p>Promenons-nous dans la plus belle for\u00eat de l&rsquo;\u00eele et baignons-nous dans la plage volcanique la plus sauvage.<\/p>\n","protected":false},"featured_media":23486,"comment_status":"open","ping_status":"closed","template":"","meta":{"_acf_changed":false},"product_brand":[],"product_cat":[19484,19531,19547,19545,19527,19486],"product_tag":[19528],"class_list":{"0":"post-23478","1":"product","2":"type-product","3":"status-publish","4":"has-post-thumbnail","6":"product_cat-activites","7":"product_cat-hiking","8":"product_cat-observation-des-oiseaux","9":"product_cat-plongee-en-apnee","10":"product_cat-sao-miguel","11":"product_cat-toutes-les-iles","12":"product_tag-saomiguelisland","14":"first","15":"instock","16":"virtual","17":"sold-individually","18":"taxable","19":"purchasable","20":"product-type-phive_booking"},"acf":[],"_links":{"self":[{"href":"https:\/\/guidetotheazores.pt\/fr\/wp-json\/wp\/v2\/product\/23478","targetHints":{"allow":["GET"]}}],"collection":[{"href":"https:\/\/guidetotheazores.pt\/fr\/wp-json\/wp\/v2\/product"}],"about":[{"href":"https:\/\/guidetotheazores.pt\/fr\/wp-json\/wp\/v2\/types\/product"}],"replies":[{"embeddable":true,"href":"https:\/\/guidetotheazores.pt\/fr\/wp-json\/wp\/v2\/comments?post=23478"}],"wp:featuredmedia":[{"embeddable":true,"href":"https:\/\/guidetotheazores.pt\/fr\/wp-json\/wp\/v2\/media\/23486"}],"wp:attachment":[{"href":"https:\/\/guidetotheazores.pt\/fr\/wp-json\/wp\/v2\/media?parent=23478"}],"wp:term":[{"taxonomy":"product_brand","embeddable":true,"href":"https:\/\/guidetotheazores.pt\/fr\/wp-json\/wp\/v2\/product_brand?post=23478"},{"taxonomy":"product_cat","embeddable":true,"href":"https:\/\/guidetotheazores.pt\/fr\/wp-json\/wp\/v2\/product_cat?post=23478"},{"taxonomy":"product_tag","embeddable":true,"href":"https:\/\/guidetotheazores.pt\/fr\/wp-json\/wp\/v2\/product_tag?post=23478"}],"curies":[{"name":"wp","href":"https:\/\/api.w.org\/{rel}","templated":true}]}}