{"id":23525,"date":"2024-08-21T15:44:57","date_gmt":"2024-08-21T16:44:57","guid":{"rendered":"https:\/\/guidetotheazores.pt\/product\/excursion-dune-demi-journee-algar-do-carvao-route-de-la-lave\/"},"modified":"2024-08-21T15:44:57","modified_gmt":"2024-08-21T16:44:57","slug":"excursion-dune-demi-journee-algar-do-carvao-route-de-la-lave","status":"publish","type":"product","link":"https:\/\/guidetotheazores.pt\/fr\/produit\/excursion-dune-demi-journee-algar-do-carvao-route-de-la-lave\/","title":{"rendered":"Excursion d&rsquo;une demi-journ\u00e9e : Algar do Carv\u00e3o &#8211; Route de la lave"},"content":{"rendered":"<p class=\"MsoNormal\"><b style=\"text-align: justify\"><span style=\"font-size: 18.0pt;line-height: 115%;font-family: 'Arial',sans-serif\">Excursion d&rsquo;une demi-journ\u00e9e : Algar do Carv\u00e3o &#8211; Route de la lave<\/span><\/b><\/p>\n<p class=\"MsoNormal\" style=\"text-align: justify\"><span lang=\"EN-US\" style=\"font-family: 'Arial',sans-serif\">Comprend : 3 heures (environ) &#8211; Prise en charge et retour* &#8211; Portugais, anglais et espagnol &#8211; Minibus\/Minivan<\/span><\/p>\n<p class=\"MsoNormal\" style=\"text-align: justify\"><b><span lang=\"EN-US\" style=\"font-size: 13.0pt;line-height: 115%;font-family: 'Arial',sans-serif\">D\u00e9part<\/span><\/b><\/p>\n<p class=\"MsoNormal\" style=\"text-align: justify\"><span lang=\"EN-US\" style=\"font-family: 'Arial',sans-serif\">Heure : 02h00 PM<\/span><\/p>\n<p class=\"MsoNormal\" style=\"text-align: justify\"><b><span lang=\"EN-US\" style=\"font-size: 13.0pt;line-height: 115%;font-family: 'Arial',sans-serif\">Arriv\u00e9e<\/span><\/b><\/p>\n<p class=\"MsoNormal\" style=\"text-align: justify\"><span lang=\"EN-US\" style=\"font-family: 'Arial',sans-serif\">Heure : 05h00 PM<\/span><\/p>\n<p class=\"MsoNormal\" style=\"text-align: justify\"><b><span lang=\"EN-US\" style=\"font-size: 13.0pt;line-height: 115%;font-family: 'Arial',sans-serif\">Difficult\u00e9<\/span><\/b><\/p>\n<p class=\"MsoNormal\" style=\"text-align: justify\"><span lang=\"EN-US\" style=\"font-family: 'Arial',sans-serif\">Facile<\/span><\/p>\n<p class=\"MsoNormal\" style=\"text-align: justify\"><b><span lang=\"EN-US\" style=\"font-size: 13.0pt;line-height: 115%;font-family: 'Arial',sans-serif\">Description<\/span><\/b><\/p>\n<p class=\"MsoNormal\" style=\"text-align: justify\"><span lang=\"EN-US\" style=\"font-family: 'Arial',sans-serif\">Explore la g\u00e9ologie de l&rsquo;\u00eele de Terceira, v\u00e9ritable joyau sculpt\u00e9 par la force des volcans au cours des mill\u00e9naires. Ressens la tranquillit\u00e9 de Lagoa das Patas et des \u00e9tonnantes cryptomerias.   <\/span><\/p>\n<p class=\"MsoNormal\" style=\"text-align: justify\"><span lang=\"EN-US\" style=\"font-family: 'Arial',sans-serif\">Marche dans le tube de lave de la Gruta do Natal, un excellent moyen de voyager \u00e0 travers la formation de l&rsquo;\u00eele.  <\/span><\/p>\n<p class=\"MsoNormal\" style=\"text-align: justify\"><span lang=\"EN-US\" style=\"font-family: 'Arial',sans-serif\">Fais l&rsquo;exp\u00e9rience de l&rsquo;activit\u00e9 volcanique de l&rsquo;int\u00e9rieur de la Terre en visitant Furnas do Enxofre.  <\/span><\/p>\n<p class=\"MsoNormal\" style=\"text-align: justify\"><span lang=\"EN-US\" style=\"font-family: 'Arial',sans-serif\">Pars \u00e0 l&rsquo;aventure \u00e0 l&rsquo;Algar do Carv\u00e3o**, l&rsquo;un des rares volcans visitables au monde.  <\/span><\/p>\n<p class=\"MsoNormal\" style=\"text-align: justify\"><span lang=\"EN-US\" style=\"font-family: 'Arial',sans-serif\">Chaque pas que tu fais sur l&rsquo;\u00eele de Terceira est un voyage au plus profond de l&rsquo;origine de la Terre, l\u00e0 o\u00f9 la Nature est en parfaite harmonie.<\/span><\/p>\n<ul style=\"margin-top: 0cm\" type=\"disc\">\n<li class=\"MsoNormal\" style=\"text-align: justify;line-height: normal\"><span style=\"font-family: 'Arial',sans-serif\">Lagoa das Patas<b>;<\/b> <\/span><\/li>\n<\/ul>\n<ul style=\"margin-top: 0cm\" type=\"disc\">\n<li class=\"MsoNormal\" style=\"text-align: justify;line-height: normal\"><span style=\"font-family: 'Arial',sans-serif\">Gruta do Natal ;  <\/span><\/li>\n<\/ul>\n<ul style=\"margin-top: 0cm\" type=\"disc\">\n<li class=\"MsoNormal\" style=\"text-align: justify;line-height: normal\"><span style=\"font-family: 'Arial',sans-serif\">Les meubles de l&rsquo;enxofre ;  <\/span><\/li>\n<\/ul>\n<ul style=\"margin-top: 0cm\" type=\"disc\">\n<li class=\"MsoNormal\" style=\"text-align: justify;line-height: normal\"><span style=\"font-family: 'Arial',sans-serif\">Algar do Carv\u00e3o** (est temporairement ferm\u00e9<b>)<\/b><\/span><\/li>\n<\/ul>\n<p class=\"MsoNormal\" style=\"text-align: justify\"><b><span style=\"font-size: 13.0pt;line-height: 115%;font-family: 'Arial',sans-serif\">Qu&rsquo;est-ce qui est inclus ?<\/span><\/b><\/p>\n<ul style=\"margin-top: 0cm\" type=\"disc\">\n<li class=\"MsoNormal\" style=\"text-align: justify\"><span style=\"font-family: 'Arial',sans-serif\">Entr\u00e9e de l&rsquo;Algar do Carvao ;<\/span><\/li>\n<li class=\"MsoNormal\" style=\"text-align: justify\"><span style=\"font-family: 'Arial',sans-serif\">Entr\u00e9e de la Gruta do Natal ;<\/span><\/li>\n<li class=\"MsoNormal\" style=\"text-align: justify\"><span style=\"font-family: 'Arial',sans-serif\">Chauffeur\/guide professionnel certifi\u00e9 ;<\/span><\/li>\n<li class=\"MsoNormal\" style=\"text-align: justify\"><span style=\"font-family: 'Arial',sans-serif\">Assurance responsabilit\u00e9 civile ;<\/span><\/li>\n<li class=\"MsoNormal\" style=\"text-align: justify\"><span style=\"font-family: 'Arial',sans-serif\">Assurance individuelle contre les accidents ;<\/span><\/li>\n<li class=\"MsoNormal\" style=\"text-align: justify\"><span lang=\"EN-US\" style=\"font-family: 'Arial',sans-serif\">*Collecte et d\u00e9pose dans les h\u00f4tels et les maisons d&rsquo;h\u00f4tes proches du centre d&rsquo;Angra do Hero\u00edsmo. En dehors de cette zone, c&rsquo;est possible mais il y a un suppl\u00e9ment \u00e0 payer. <\/span><\/li>\n<\/ul>\n<p class=\"MsoNormal\" style=\"text-align: justify\"><b><span lang=\"EN-US\" style=\"font-size: 13.0pt;line-height: 115%;font-family: 'Arial',sans-serif\">\u00c0 quoi dois-tu faire attention ?<\/span><\/b><\/p>\n<ul style=\"margin-top: 0cm\" type=\"disc\">\n<li class=\"MsoNormal\" style=\"text-align: justify\"><span style=\"font-family: 'Arial',sans-serif\">Minimum 2 personnes ;<\/span><\/li>\n<li class=\"MsoNormal\" style=\"text-align: justify\"><span lang=\"EN-US\" style=\"font-family: 'Arial',sans-serif\">Les enfants \u00e2g\u00e9s de 6 \u00e0 10 ans b\u00e9n\u00e9ficient d&rsquo;une r\u00e9duction de 50 % ;<\/span><\/li>\n<li class=\"MsoNormal\" style=\"text-align: justify\"><span lang=\"EN-US\" style=\"font-family: 'Arial',sans-serif\">Les enfants jusqu&rsquo;\u00e0 5 ans sont gratuits ;<\/span><\/li>\n<li class=\"MsoNormal\" style=\"text-align: justify\"><span style=\"font-family: 'Arial',sans-serif\">Des chaussures confortables ;<\/span><\/li>\n<li class=\"MsoNormal\" style=\"text-align: justify\"><span lang=\"EN-US\" style=\"font-family: 'Arial',sans-serif\">Veste de pluie l\u00e9g\u00e8re ou coupe-vent.<\/span><\/li>\n<li class=\"MsoNormal\" style=\"text-align: justify\"><b><span style=\"font-family: 'Arial',sans-serif\">**<\/span><\/b><span style=\"font-family: 'Arial',sans-serif\">Algar do Carv\u00e3o est temporairement ferm\u00e9.<\/span><\/li>\n<\/ul>\n<p class=\"MsoNormal\" style=\"text-align: justify\"><b><span style=\"font-size: 13.0pt;line-height: 115%;font-family: 'Arial',sans-serif\">Annulations<\/span><\/b><\/p>\n<p class=\"MsoNormal\" style=\"text-align: justify\"><span lang=\"EN-US\" style=\"font-family: 'Arial',sans-serif\">Les clients recevront un remboursement complet ou un cr\u00e9dit si l&rsquo;annulation est faite jusqu&rsquo;\u00e0 24 heures avant le d\u00e9but de l&rsquo;activit\u00e9. Contacte-nous si tu as des questions concernant les options d&rsquo;annulation et de remboursement. En cas de non-pr\u00e9sentation, le montant total sera factur\u00e9.  <\/span><\/p>\n<p class=\"MsoNormal\" style=\"text-align: justify\"><span lang=\"EN-US\" style=\"font-family: 'Segoe UI Emoji',sans-serif\"> <\/span><\/p>\n<p class=\"MsoNormal\"><span style=\"font-family: 'Segoe UI Emoji', sans-serif\"> <\/span><b style=\"text-align: justify\"><\/b><\/p>\n","protected":false},"excerpt":{"rendered":"<p>D\u00e9couvre les merveilles volcaniques de Terceira lors d&rsquo;une excursion de 3 heures \u00e0 Algar do Carv\u00e3o et sur les sites de lave.<\/p>\n","protected":false},"featured_media":23526,"comment_status":"open","ping_status":"closed","template":"","meta":{"_acf_changed":false},"product_brand":[],"product_cat":[19484,19525,19549,19497,19486,19550,19500],"product_tag":[19498],"class_list":{"0":"post-23525","1":"product","2":"type-product","3":"status-publish","4":"has-post-thumbnail","6":"product_cat-activites","7":"product_cat-geotourisme","8":"product_cat-nourriture-et-boissons","9":"product_cat-terceira","10":"product_cat-toutes-les-iles","11":"product_cat-vins-des-acores","12":"product_cat-visites-guidees","13":"product_tag-terceiraisland","15":"first","16":"instock","17":"virtual","18":"sold-individually","19":"taxable","20":"purchasable","21":"product-type-phive_booking"},"acf":[],"_links":{"self":[{"href":"https:\/\/guidetotheazores.pt\/fr\/wp-json\/wp\/v2\/product\/23525","targetHints":{"allow":["GET"]}}],"collection":[{"href":"https:\/\/guidetotheazores.pt\/fr\/wp-json\/wp\/v2\/product"}],"about":[{"href":"https:\/\/guidetotheazores.pt\/fr\/wp-json\/wp\/v2\/types\/product"}],"replies":[{"embeddable":true,"href":"https:\/\/guidetotheazores.pt\/fr\/wp-json\/wp\/v2\/comments?post=23525"}],"wp:featuredmedia":[{"embeddable":true,"href":"https:\/\/guidetotheazores.pt\/fr\/wp-json\/wp\/v2\/media\/23526"}],"wp:attachment":[{"href":"https:\/\/guidetotheazores.pt\/fr\/wp-json\/wp\/v2\/media?parent=23525"}],"wp:term":[{"taxonomy":"product_brand","embeddable":true,"href":"https:\/\/guidetotheazores.pt\/fr\/wp-json\/wp\/v2\/product_brand?post=23525"},{"taxonomy":"product_cat","embeddable":true,"href":"https:\/\/guidetotheazores.pt\/fr\/wp-json\/wp\/v2\/product_cat?post=23525"},{"taxonomy":"product_tag","embeddable":true,"href":"https:\/\/guidetotheazores.pt\/fr\/wp-json\/wp\/v2\/product_tag?post=23525"}],"curies":[{"name":"wp","href":"https:\/\/api.w.org\/{rel}","templated":true}]}}