{"id":23533,"date":"2024-08-20T11:18:14","date_gmt":"2024-08-20T12:18:14","guid":{"rendered":"https:\/\/guidetotheazores.pt\/product\/journee-entiere-le-meilleur-de-lile-de-terceira\/"},"modified":"2024-08-20T11:18:14","modified_gmt":"2024-08-20T12:18:14","slug":"journee-entiere-le-meilleur-de-lile-de-terceira","status":"publish","type":"product","link":"https:\/\/guidetotheazores.pt\/fr\/produit\/journee-entiere-le-meilleur-de-lile-de-terceira\/","title":{"rendered":"Journ\u00e9e enti\u00e8re : Le meilleur de l&rsquo;\u00eele de Terceira"},"content":{"rendered":"<p class=\"MsoNormal\" style=\"text-align: justify\"><b><span lang=\"EN-US\" style=\"font-size: 18.0pt;line-height: 115%;font-family: 'Arial',sans-serif\">Excursion d&rsquo;une journ\u00e9e : Le meilleur de l&rsquo;\u00eele de Terceira<\/span><\/b><\/p>\n<p class=\"MsoNormal\" style=\"text-align: justify\"><span lang=\"EN-US\" style=\"font-family: 'Arial',sans-serif\">Comprend : 8 heures (environ) &#8211; Prise en charge et retour* &#8211; Portugais, anglais et espagnol &#8211; Minibus\/Minivan<\/span><\/p>\n<p class=\"MsoNormal\" style=\"text-align: justify\"><b><span lang=\"EN-US\" style=\"font-family: 'Arial',sans-serif\">Difficult\u00e9<\/span><\/b><\/p>\n<p class=\"MsoNormal\" style=\"text-align: justify\"><span lang=\"EN-US\" style=\"font-family: 'Arial',sans-serif\">Facile<\/span><\/p>\n<p class=\"MsoNormal\" style=\"text-align: justify\"><b><span lang=\"EN-US\" style=\"font-family: 'Arial',sans-serif\">Description<\/span><\/b><\/p>\n<p class=\"MsoNormal\" style=\"text-align: justify\"><span lang=\"EN-US\" style=\"font-family: 'Arial',sans-serif\">Commence la journ\u00e9e au Monte Brasil, en profitant d&rsquo;une vue panoramique sur la ville d&rsquo;Angra do Hero\u00edsmo. Longe la c\u00f4te jusqu&rsquo;au point de vue de Serretinha, d&rsquo;o\u00f9 tu pourras voir les \u00eelots de Cabras, en passant par les villages de Ribeirinha et Feteira.   <\/span><\/p>\n<p class=\"MsoNormal\" style=\"text-align: justify\"><span lang=\"EN-US\" style=\"font-family: 'Arial',sans-serif\">Apr\u00e8s avoir travers\u00e9 le village de Porto Judeu, continue vers la baie de Salga, un haut lieu de l&rsquo;histoire du Portugal.  <\/span><\/p>\n<p class=\"MsoNormal\" style=\"text-align: justify\"><span lang=\"EN-US\" style=\"font-family: 'Arial',sans-serif\">Un peu plus loin, profite de la tranquillit\u00e9 du village de S\u00e3o Sebasti\u00e3o, o\u00f9 tu trouveras l&rsquo;une des plus anciennes \u00e9glises des A\u00e7ores.  <\/span><\/p>\n<p class=\"MsoNormal\" style=\"text-align: justify\"><span lang=\"EN-US\" style=\"font-family: 'Arial',sans-serif\">Continue vers la Serra do Cume et pr\u00e9pare-toi \u00e0 \u00eatre \u00e9merveill\u00e9 par la vue de la \u00ab\u00a0Manta de Retalhos\u00a0\u00bb, la plus grande caldeira des A\u00e7ores.  <\/span><\/p>\n<p class=\"MsoNormal\" style=\"text-align: justify\"><span lang=\"EN-US\" style=\"font-family: 'Arial',sans-serif\">Apr\u00e8s une pause d\u00e9jeuner** dans la ville de Praia da Vit\u00f3ria, poursuis l&rsquo;aventure en visitant la Serra do Facho, o\u00f9 la vue sur la ville est \u00e0 couper le souffle.  <\/span><\/p>\n<p class=\"MsoNormal\" style=\"text-align: justify\"><span lang=\"EN-US\" style=\"font-family: 'Arial',sans-serif\">Dirige-toi vers l&rsquo;int\u00e9rieur de l&rsquo;\u00eele et descends dans l&rsquo;impressionnante grotte volcanique d&rsquo;Algar do Carv\u00e3o***.  <\/span><\/p>\n<p class=\"MsoNormal\" style=\"text-align: justify\"><span lang=\"EN-US\" style=\"font-family: 'Arial',sans-serif\">La derni\u00e8re \u00e9tape est les piscines naturelles de Biscoitos, entour\u00e9es par les formations caract\u00e9ristiques de roches de lave, d&rsquo;o\u00f9 ses c\u00e9l\u00e8bres vignobles t&rsquo;\u00e9merveilleront<b>.<\/b><\/span><\/p>\n<ul style=\"margin-top: 0cm\" type=\"disc\">\n<li class=\"MsoNormal\" style=\"text-align: justify\"><span style=\"font-family: 'Arial',sans-serif\">Monte Brasil  <\/span><\/li>\n<li class=\"MsoNormal\" style=\"text-align: justify\"><span style=\"font-family: 'Arial',sans-serif\">Miradouro da Serretinha  <\/span><\/li>\n<li class=\"MsoNormal\" style=\"text-align: justify\"><span style=\"font-family: 'Arial',sans-serif\">Baie de Salga  <\/span><\/li>\n<li class=\"MsoNormal\" style=\"text-align: justify\"><span style=\"font-family: 'Arial',sans-serif\">\u00c9glise de S\u00e3o Sebasti\u00e3o  <\/span><\/li>\n<li class=\"MsoNormal\" style=\"text-align: justify\"><span style=\"font-family: 'Arial',sans-serif\">Miradouro da Serra do Cume  <\/span><\/li>\n<li class=\"MsoNormal\" style=\"text-align: justify\"><span style=\"font-family: 'Arial',sans-serif\">Praia da Vit\u00f3ria  <\/span><\/li>\n<li class=\"MsoNormal\" style=\"text-align: justify\"><span style=\"font-family: 'Arial',sans-serif\">Miradouro da Serra do Facho  <\/span><\/li>\n<li class=\"MsoNormal\" style=\"text-align: justify\"><span style=\"font-family: 'Arial',sans-serif\">Algar do Carv\u00e3o (optionnel, 10\u20ac par personne)<\/span><\/li>\n<li class=\"MsoNormal\" style=\"text-align: justify\"><span style=\"font-family: 'Arial',sans-serif\">Piscines naturelles de Biscoitos  <\/span><\/li>\n<\/ul>\n<p class=\"MsoNormal\" style=\"text-align: justify\"><b><span style=\"font-family: 'Arial',sans-serif\">Qu&rsquo;est-ce qui est inclus ?<\/span><\/b><\/p>\n<ul style=\"margin-top: 0cm\" type=\"disc\">\n<li class=\"MsoNormal\" style=\"text-align: justify\"><span style=\"font-family: 'Arial',sans-serif\">Chauffeur\/guide professionnel certifi\u00e9 ;<\/span><\/li>\n<li class=\"MsoNormal\" style=\"text-align: justify\"><span style=\"font-family: 'Arial',sans-serif\">Assurance responsabilit\u00e9 civile ;<\/span><\/li>\n<li class=\"MsoNormal\" style=\"text-align: justify\"><span style=\"font-family: 'Arial',sans-serif\">Assurance individuelle contre les accidents ;<\/span><\/li>\n<li class=\"MsoNormal\" style=\"text-align: justify\"><span lang=\"EN-US\" style=\"font-family: 'Arial',sans-serif\">*Collecte et d\u00e9pose dans les h\u00f4tels et les maisons d&rsquo;h\u00f4tes proches du centre d&rsquo;Angra do Hero\u00edsmo. En dehors de cette zone, c&rsquo;est possible mais il y a un suppl\u00e9ment \u00e0 payer. <\/span><\/li>\n<\/ul>\n<p class=\"MsoNormal\" style=\"text-align: justify\"><b><span lang=\"EN-US\" style=\"font-family: 'Arial',sans-serif\">\u00c0 quoi dois-tu faire attention ?<\/span><\/b><\/p>\n<ul style=\"margin-top: 0cm\" type=\"disc\">\n<li class=\"MsoNormal\" style=\"text-align: justify\"><span style=\"font-family: 'Arial',sans-serif\">Minimum 2 personnes ;<\/span><\/li>\n<li class=\"MsoNormal\" style=\"text-align: justify\"><span lang=\"EN-US\" style=\"font-family: 'Arial',sans-serif\">Les enfants \u00e2g\u00e9s de 6 \u00e0 10 ans b\u00e9n\u00e9ficient d&rsquo;une r\u00e9duction de 50 % ;<\/span><\/li>\n<li class=\"MsoNormal\" style=\"text-align: justify\"><span lang=\"EN-US\" style=\"font-family: 'Arial',sans-serif\">Les enfants jusqu&rsquo;\u00e0 5 ans sont gratuits ;<\/span><\/li>\n<li class=\"MsoNormal\" style=\"text-align: justify\"><span lang=\"EN-US\" style=\"font-family: 'Arial',sans-serif\">**Le d\u00e9jeuner n&rsquo;est pas inclus (temps libre) ;<\/span><\/li>\n<li class=\"MsoNormal\" style=\"text-align: justify\"><span style=\"font-family: 'Arial',sans-serif\">Des chaussures confortables ;<\/span><\/li>\n<li class=\"MsoNormal\" style=\"text-align: justify\"><span style=\"font-family: 'Arial',sans-serif\">***Algar do Carv\u00e3o est temporairement ferm\u00e9<\/span><\/li>\n<\/ul>\n<p class=\"MsoNormal\" style=\"text-align: justify\"><b><span style=\"font-family: 'Arial',sans-serif\">Annulations<\/span><\/b><\/p>\n<p class=\"MsoNormal\" style=\"text-align: justify\"><span lang=\"EN-US\" style=\"font-family: 'Arial',sans-serif\">Les clients recevront un remboursement complet ou un cr\u00e9dit si l&rsquo;annulation est faite jusqu&rsquo;\u00e0 24 heures avant le d\u00e9but de l&rsquo;activit\u00e9. Contacte-nous si tu as des questions concernant les options d&rsquo;annulation et de remboursement. En cas de non-pr\u00e9sentation, le montant total sera factur\u00e9.  <\/span><\/p>\n","protected":false},"excerpt":{"rendered":"<p><span style=\"color: #1a2b49;font-family: 'GT Eesti', 'fallback for GT Eesti', 'android fallback for GT Eesti', sans-serif\">Admire de superbes vues sur la c\u00f4te, visite des villages historiques, \u00e9merveille-toi devant les champs en patchwork de la Serra do Cume, et descends dans la merveille volcanique d&rsquo;Algar do Carv\u00e3o*. Termine la journ\u00e9e aux piscines naturelles de Biscoitos ! <\/span><\/p>\n<p>*Algar<span class=\"NormalTextRun SCXW94811095 BCX8\" style=\"margin: 0px;padding: 0px;color: #000000;font-family: Arial, Arial_EmbeddedFont, Arial_MSFontService, sans-serif;font-size: 14.6667px;text-align: justify\">do <\/span><span class=\"NormalTextRun SpellingErrorV2Themed SCXW94811095 BCX8\" style=\"margin: 0px;padding: 0px;background-position: 0px 100%;border-bottom: 1px solid transparent;color: #000000;font-family: Arial, Arial_EmbeddedFont, Arial_MSFontService, sans-serif;font-size: 14.6667px;text-align: justify\">Carv\u00e3o<\/span><span class=\"NormalTextRun SCXW94811095 BCX8\" style=\"margin: 0px;padding: 0px;color: #000000;font-family: Arial, Arial_EmbeddedFont, Arial_MSFontService, sans-serif;font-size: 14.6667px;text-align: justify\"> est temporairement ferm\u00e9 <\/span> <\/p>\n","protected":false},"featured_media":23542,"comment_status":"open","ping_status":"closed","template":"","meta":{"_acf_changed":false},"product_brand":[],"product_cat":[19484,19525,19497,19486,19500],"product_tag":[19498],"class_list":{"0":"post-23533","1":"product","2":"type-product","3":"status-publish","4":"has-post-thumbnail","6":"product_cat-activites","7":"product_cat-geotourisme","8":"product_cat-terceira","9":"product_cat-toutes-les-iles","10":"product_cat-visites-guidees","11":"product_tag-terceiraisland","13":"first","14":"instock","15":"virtual","16":"sold-individually","17":"taxable","18":"purchasable","19":"product-type-phive_booking"},"acf":[],"_links":{"self":[{"href":"https:\/\/guidetotheazores.pt\/fr\/wp-json\/wp\/v2\/product\/23533","targetHints":{"allow":["GET"]}}],"collection":[{"href":"https:\/\/guidetotheazores.pt\/fr\/wp-json\/wp\/v2\/product"}],"about":[{"href":"https:\/\/guidetotheazores.pt\/fr\/wp-json\/wp\/v2\/types\/product"}],"replies":[{"embeddable":true,"href":"https:\/\/guidetotheazores.pt\/fr\/wp-json\/wp\/v2\/comments?post=23533"}],"wp:featuredmedia":[{"embeddable":true,"href":"https:\/\/guidetotheazores.pt\/fr\/wp-json\/wp\/v2\/media\/23542"}],"wp:attachment":[{"href":"https:\/\/guidetotheazores.pt\/fr\/wp-json\/wp\/v2\/media?parent=23533"}],"wp:term":[{"taxonomy":"product_brand","embeddable":true,"href":"https:\/\/guidetotheazores.pt\/fr\/wp-json\/wp\/v2\/product_brand?post=23533"},{"taxonomy":"product_cat","embeddable":true,"href":"https:\/\/guidetotheazores.pt\/fr\/wp-json\/wp\/v2\/product_cat?post=23533"},{"taxonomy":"product_tag","embeddable":true,"href":"https:\/\/guidetotheazores.pt\/fr\/wp-json\/wp\/v2\/product_tag?post=23533"}],"curies":[{"name":"wp","href":"https:\/\/api.w.org\/{rel}","templated":true}]}}