{"id":23551,"date":"2024-08-21T15:25:28","date_gmt":"2024-08-21T16:25:28","guid":{"rendered":"https:\/\/guidetotheazores.pt\/product\/excursion-dune-demi-journee-angra-do-heroismo-visite-de-la-ville-a-pied\/"},"modified":"2024-08-21T15:25:28","modified_gmt":"2024-08-21T16:25:28","slug":"excursion-dune-demi-journee-angra-do-heroismo-visite-de-la-ville-a-pied","status":"publish","type":"product","link":"https:\/\/guidetotheazores.pt\/fr\/produit\/excursion-dune-demi-journee-angra-do-heroismo-visite-de-la-ville-a-pied\/","title":{"rendered":"Excursion d&rsquo;une demi-journ\u00e9e : Angra do Hero\u00edsmo : visite de la ville \u00e0 pied"},"content":{"rendered":"<p class=\"MsoNormal\" style=\"text-align: justify\"><b><span lang=\"EN-US\" style=\"font-size: 16.0pt;line-height: 115%;font-family: 'Arial',sans-serif\">Excursion d&rsquo;une demi-journ\u00e9e : Angra do Hero\u00edsmo : visite de la ville \u00e0 pied<\/span><\/b><\/p>\n<p class=\"MsoNormal\" style=\"text-align: justify\"><span lang=\"EN-US\" style=\"font-family: 'Arial',sans-serif\">Comprend : 3 heures (environ) &#8211; Prise en charge et retour* &#8211; Portugais, anglais et espagnol &#8211; Minibus\/Minivan<\/span><\/p>\n<p class=\"MsoNormal\" style=\"text-align: justify\"><b><span lang=\"EN-US\" style=\"font-family: 'Arial',sans-serif\">D\u00e9part :<\/span><\/b><\/p>\n<p class=\"MsoNormal\" style=\"text-align: justify\"><span lang=\"EN-US\" style=\"font-family: 'Arial',sans-serif\">Heure : 09h00 AM<\/span><\/p>\n<p class=\"MsoNormal\" style=\"text-align: justify\"><b><span lang=\"EN-US\" style=\"font-family: 'Arial',sans-serif\">Arriv\u00e9e :<\/span><\/b><\/p>\n<p class=\"MsoNormal\" style=\"text-align: justify\"><span lang=\"EN-US\" style=\"font-family: 'Arial',sans-serif\">Heure : 12h00 PM<\/span><\/p>\n<p class=\"MsoNormal\" style=\"text-align: justify\"><b><span lang=\"EN-US\" style=\"font-family: 'Arial',sans-serif\">Difficult\u00e9<\/span><\/b><\/p>\n<p class=\"MsoNormal\" style=\"text-align: justify\"><span lang=\"EN-US\" style=\"font-family: 'Arial',sans-serif\">Facile<\/span><\/p>\n<p class=\"MsoNormal\" style=\"text-align: justify\"><b><span lang=\"EN-US\" style=\"font-family: 'Arial',sans-serif\">Description<\/span><\/b><\/p>\n<p class=\"MsoNormal\" style=\"text-align: justify\"><span lang=\"EN-US\" style=\"font-family: 'Arial',sans-serif\">D\u00e9couvre l&rsquo;histoire et la beaut\u00e9 d&rsquo;Angra do Hero\u00edsmo, une ville class\u00e9e au patrimoine mondial de l&rsquo;UNESCO, lors d&rsquo;une visite \u00e0 pied de ses sites les plus embl\u00e9matiques.<b> <\/b><\/span><\/p>\n<p class=\"MsoNormal\" style=\"text-align: justify\"><span lang=\"EN-US\" style=\"font-family: 'Arial',sans-serif\">L&rsquo;itin\u00e9raire commence \u00e0 l&rsquo;Alto das Covas et descend par la Rua da S\u00e9 vers la cath\u00e9drale des A\u00e7ores, la cath\u00e9drale S\u00e9.  <b> <\/b><\/span><\/p>\n<p class=\"MsoNormal\" style=\"text-align: justify\"><span lang=\"EN-US\" style=\"font-family: 'Arial',sans-serif\">Nous continuons vers le th\u00e9\u00e2tre Angrense, et notre prochaine visite est le Pal\u00e1cio dos Capit\u00e3es-Generais, \u00e0 la d\u00e9couverte de ce b\u00e2timent charg\u00e9 d&rsquo;histoire.<b> <\/b><\/span><\/p>\n<p class=\"MsoNormal\" style=\"text-align: justify\"><span lang=\"EN-US\" style=\"font-family: 'Arial',sans-serif\">La visite se poursuit dans le charmant jardin Duque da Terceira, en passant par la Pra\u00e7a Velha, et se termine au P\u00e1tio da Alf\u00e2ndega, o\u00f9 se trouve la statue de Vasco da Gama, avec une vue imprenable sur la baie d&rsquo;Angra do Hero\u00edsmo.<b><\/b><\/span><\/p>\n<ul style=\"margin-top: 0cm\" type=\"disc\">\n<li class=\"MsoNormal\" style=\"text-align: justify\"><span style=\"font-family: 'Arial',sans-serif\">Cath\u00e9drale de S\u00e9<b><\/b><\/span><\/li>\n<\/ul>\n<ul style=\"margin-top: 0cm\" type=\"disc\">\n<li class=\"MsoNormal\" style=\"text-align: justify\"><span style=\"font-family: 'Arial',sans-serif\">Teatro Angrense<b> <\/b><\/span><\/li>\n<\/ul>\n<ul style=\"margin-top: 0cm\" type=\"disc\">\n<li class=\"MsoNormal\" style=\"text-align: justify\"><span style=\"font-family: 'Arial',sans-serif\">Palais Capit\u00e3es-Generais<b><\/b><\/span><\/li>\n<\/ul>\n<ul style=\"margin-top: 0cm\" type=\"disc\">\n<li class=\"MsoNormal\" style=\"text-align: justify\"><span style=\"font-family: 'Arial',sans-serif\">Jardin Duque da Terceira<b> <\/b><\/span><\/li>\n<\/ul>\n<ul style=\"margin-top: 0cm\" type=\"disc\">\n<li class=\"MsoNormal\" style=\"text-align: justify\"><span style=\"font-family: 'Arial',sans-serif\">Pra\u00e7a Velha (H\u00f4tel de ville)<b> <\/b><\/span><\/li>\n<\/ul>\n<ul style=\"margin-top: 0cm\" type=\"disc\">\n<li class=\"MsoNormal\" style=\"text-align: justify\"><span style=\"font-family: 'Arial',sans-serif\">P\u00e1tio da Alf\u00e2ndega (Statue de Vasco da Gama)<b><\/b><\/span><\/li>\n<\/ul>\n<p class=\"MsoNormal\" style=\"text-align: justify\"><b><span style=\"font-family: 'Arial',sans-serif\">Qu&rsquo;est-ce qui est inclus ?<\/span><\/b><\/p>\n<ul style=\"margin-top: 0cm\" type=\"disc\">\n<li class=\"MsoNormal\" style=\"text-align: justify\"><span lang=\"EN-US\" style=\"font-family: 'Arial',sans-serif\">Entr\u00e9e de la cath\u00e9drale de S\u00e9 ;<\/span><\/li>\n<li class=\"MsoNormal\" style=\"text-align: justify\"><span lang=\"EN-US\" style=\"font-family: 'Arial',sans-serif\">Entr\u00e9e du palais des capitaines g\u00e9n\u00e9raux ;<\/span><\/li>\n<li class=\"MsoNormal\" style=\"text-align: justify\"><span style=\"font-family: 'Arial',sans-serif\">Chauffeur\/guide professionnel certifi\u00e9 ;<\/span><\/li>\n<li class=\"MsoNormal\" style=\"text-align: justify\"><span style=\"font-family: 'Arial',sans-serif\">Assurance responsabilit\u00e9 civile ;<\/span><\/li>\n<li class=\"MsoNormal\" style=\"text-align: justify\"><span style=\"font-family: 'Arial',sans-serif\">Assurance individuelle contre les accidents ;<\/span><\/li>\n<li class=\"MsoNormal\" style=\"text-align: justify\"><span lang=\"EN-US\" style=\"font-family: 'Arial',sans-serif\">*Collecte et d\u00e9pose dans les h\u00f4tels et les maisons d&rsquo;h\u00f4tes proches du centre d&rsquo;Angra do Hero\u00edsmo. En dehors de cette zone, c&rsquo;est possible mais il y a un suppl\u00e9ment \u00e0 payer. <\/span><\/li>\n<\/ul>\n<p class=\"MsoNormal\" style=\"text-align: justify\"><b><span lang=\"EN-US\" style=\"font-family: 'Arial',sans-serif\">\u00c0 quoi dois-tu faire attention ?<\/span><\/b><\/p>\n<ul style=\"margin-top: 0cm\" type=\"disc\">\n<li class=\"MsoNormal\" style=\"text-align: justify\"><span style=\"font-family: 'Arial',sans-serif\">Minimum 2 personnes ;<\/span><\/li>\n<li class=\"MsoNormal\" style=\"text-align: justify\"><span lang=\"EN-US\" style=\"font-family: 'Arial',sans-serif\">Les enfants \u00e2g\u00e9s de 6 \u00e0 10 ans b\u00e9n\u00e9ficient d&rsquo;une r\u00e9duction de 50 % ;<\/span><\/li>\n<li class=\"MsoNormal\" style=\"text-align: justify\"><span lang=\"EN-US\" style=\"font-family: 'Arial',sans-serif\">Les enfants jusqu&rsquo;\u00e0 5 ans sont gratuits ;<\/span><\/li>\n<li class=\"MsoNormal\" style=\"text-align: justify\"><span style=\"font-family: 'Arial',sans-serif\">Des chaussures confortables ;<\/span><\/li>\n<\/ul>\n<p class=\"MsoNormal\" style=\"text-align: justify\"><b><span style=\"font-family: 'Arial',sans-serif\">Annulations<\/span><\/b><\/p>\n<p class=\"MsoNormal\" style=\"text-align: justify\"><span lang=\"EN-US\" style=\"font-family: 'Arial',sans-serif\">Les clients recevront un remboursement complet ou un cr\u00e9dit si l&rsquo;annulation est faite jusqu&rsquo;\u00e0 24 heures avant le d\u00e9but de l&rsquo;activit\u00e9. Contacte-nous si tu as des questions concernant les options d&rsquo;annulation et de remboursement. En cas de non-pr\u00e9sentation, le montant total sera factur\u00e9.  <\/span><\/p>\n","protected":false},"excerpt":{"rendered":"<p>Explore le charme d&rsquo;Angra do Hero\u00edsmo lors d&rsquo;une visite guid\u00e9e \u00e0 pied ! D\u00e9couvre sa riche histoire, ses monuments embl\u00e9matiques et ses magnifiques jardins, et termine par une vue imprenable sur la baie au P\u00e1tio da Alf\u00e2ndega. <\/p>\n","protected":false},"featured_media":23563,"comment_status":"open","ping_status":"closed","template":"","meta":{"_acf_changed":false},"product_brand":[],"product_cat":[19484,19497,19486,19500],"product_tag":[19498],"class_list":{"0":"post-23551","1":"product","2":"type-product","3":"status-publish","4":"has-post-thumbnail","6":"product_cat-activites","7":"product_cat-terceira","8":"product_cat-toutes-les-iles","9":"product_cat-visites-guidees","10":"product_tag-terceiraisland","12":"first","13":"instock","14":"sold-individually","15":"taxable","16":"shipping-taxable","17":"purchasable","18":"product-type-phive_booking"},"acf":[],"_links":{"self":[{"href":"https:\/\/guidetotheazores.pt\/fr\/wp-json\/wp\/v2\/product\/23551","targetHints":{"allow":["GET"]}}],"collection":[{"href":"https:\/\/guidetotheazores.pt\/fr\/wp-json\/wp\/v2\/product"}],"about":[{"href":"https:\/\/guidetotheazores.pt\/fr\/wp-json\/wp\/v2\/types\/product"}],"replies":[{"embeddable":true,"href":"https:\/\/guidetotheazores.pt\/fr\/wp-json\/wp\/v2\/comments?post=23551"}],"wp:featuredmedia":[{"embeddable":true,"href":"https:\/\/guidetotheazores.pt\/fr\/wp-json\/wp\/v2\/media\/23563"}],"wp:attachment":[{"href":"https:\/\/guidetotheazores.pt\/fr\/wp-json\/wp\/v2\/media?parent=23551"}],"wp:term":[{"taxonomy":"product_brand","embeddable":true,"href":"https:\/\/guidetotheazores.pt\/fr\/wp-json\/wp\/v2\/product_brand?post=23551"},{"taxonomy":"product_cat","embeddable":true,"href":"https:\/\/guidetotheazores.pt\/fr\/wp-json\/wp\/v2\/product_cat?post=23551"},{"taxonomy":"product_tag","embeddable":true,"href":"https:\/\/guidetotheazores.pt\/fr\/wp-json\/wp\/v2\/product_tag?post=23551"}],"curies":[{"name":"wp","href":"https:\/\/api.w.org\/{rel}","templated":true}]}}