{"id":23562,"date":"2024-06-06T08:06:23","date_gmt":"2024-06-06T09:06:23","guid":{"rendered":"https:\/\/guidetotheazores.pt\/product\/autour-de-lilot-de-vila-franca-do-campo-du-15-avril-au-15-octobre\/"},"modified":"2024-06-06T08:06:23","modified_gmt":"2024-06-06T09:06:23","slug":"autour-de-lilot-de-vila-franca-do-campo-du-15-avril-au-15-octobre","status":"publish","type":"product","link":"https:\/\/guidetotheazores.pt\/fr\/produit\/autour-de-lilot-de-vila-franca-do-campo-du-15-avril-au-15-octobre\/","title":{"rendered":"Autour de l&rsquo;\u00eelot de Vila Franca do Campo (du 15 avril au 15 octobre)"},"content":{"rendered":"<p>Fais le tour en bateau de l&rsquo;\u00eelot de Vila Franca do Campo, vois et apprends \u00e0 conna\u00eetre la g\u00e9ologie et l&rsquo;habitat vivant de ce magnifique volcan submerg\u00e9 !<\/p>\n<p>L&rsquo;excursion commence par un court briefing pr\u00e9sentant la g\u00e9ologie et la faune de l&rsquo;\u00eelot, la r\u00e9serve naturelle et la s\u00e9curit\u00e9 du bateau. Suis le guide et le skipper jusqu&rsquo;\u00e0 ton bateau d\u00e9sign\u00e9 pour un trajet de 5 minutes par la mer jusqu&rsquo;\u00e0 l&rsquo;\u00eelot. <\/p>\n<p>Profite d&rsquo;une exploration en bateau pour voir et admirer la merveille volcanique et ses caract\u00e9ristiques g\u00e9ologiques notoires, ainsi que les points forts saisonniers de la vie marine, avec un r\u00e9cit enchanteur tout en faisant le tour de l&rsquo;Ilh\u00e9u de Vila Franca do Campo.<\/p>\n<p>Cette magnifique relique expos\u00e9e d&rsquo;un c\u00f4ne volcanique oc\u00e9anique est un sanctuaire maritime unique, riche en faune et en flore, sculpt\u00e9 par les forces de la mer et de l&rsquo;activit\u00e9 sismique. Les oiseaux, les poissons et m\u00eame les crabes \u00e0 pieds l\u00e9gers y trouvent une vie particuli\u00e8rement riche de l&rsquo;automne au printemps ! C&rsquo;est aussi un facteur d&rsquo;influence important dans l&rsquo;histoire de Vila Franca do Campo et de l&rsquo;\u00eele, une repr\u00e9sentation de la r\u00e9silience de la vie au bord de l&rsquo;Atlantique. <\/p>\n<p>Ton guide te tiendra inform\u00e9 de ce que tu observes et se tient \u00e0 ta disposition pour toute question sp\u00e9cifique &#8211; n&rsquo;h\u00e9site pas \u00e0 demander ! Apr\u00e8s l&rsquo;excursion en bateau, il est temps de retourner \u00e0 la marina pour le d\u00e9part. <\/p>\n<p>Nous te recommandons d&rsquo;\u00eatre \u00e0 l&rsquo;heure sp\u00e9cifi\u00e9e pour l&rsquo;enregistrement et le briefing. Mangez l\u00e9ger, apportez votre r\u00e9serve d&rsquo;eau personnelle, de la cr\u00e8me solaire et du stick \u00e0 l\u00e8vres pour le soleil, et des v\u00eatements chauds car les temp\u00e9ratures peuvent varier. La nourriture l\u00e9g\u00e8re est autoris\u00e9e \u00e0 bord, et un appareil photo est indispensable, surtout pour les amateurs de photographie &#8211; prot\u00e8ge tes appareils \u00e9lectroniques et ton \u00e9quipement personnel.  <\/p>\n<p>Nous ne recommandons pas cette excursion aux personnes enceintes, aux personnes ayant le dos fragile, aux personnes dont l&rsquo;\u00e9tat de sant\u00e9 est d\u00e9licat, ni aux enfants de moins de 4 ans.<\/p>\n<p>La baignade n&rsquo;est pas autoris\u00e9e au cours de cette excursion.<\/p>\n","protected":false},"excerpt":{"rendered":"<p>Fais le tour en bateau de l&rsquo;\u00eelot de Vila Franca do Campo, vois et apprends \u00e0 conna\u00eetre la g\u00e9ologie et l&rsquo;habitat vivant de ce magnifique volcan submerg\u00e9 !<\/p>\n<p>L&rsquo;excursion commence par un court briefing pr\u00e9sentant la g\u00e9ologie et la faune de l&rsquo;\u00eelot, la r\u00e9serve naturelle et la s\u00e9curit\u00e9 du bateau. Suis le guide et le skipper jusqu&rsquo;\u00e0 ton bateau d\u00e9sign\u00e9 pour un trajet de 5 minutes par la mer jusqu&rsquo;\u00e0 l&rsquo;\u00eelot. <\/p>\n","protected":false},"featured_media":23570,"comment_status":"open","ping_status":"closed","template":"","meta":{"_acf_changed":false},"product_brand":[],"product_cat":[19484,19527,19486,19500,19506],"product_tag":[19528],"class_list":{"0":"post-23562","1":"product","2":"type-product","3":"status-publish","4":"has-post-thumbnail","6":"product_cat-activites","7":"product_cat-sao-miguel","8":"product_cat-toutes-les-iles","9":"product_cat-visites-guidees","10":"product_cat-voile","11":"product_tag-saomiguelisland","13":"first","14":"instock","15":"virtual","16":"sold-individually","17":"taxable","18":"purchasable","19":"product-type-phive_booking"},"acf":[],"_links":{"self":[{"href":"https:\/\/guidetotheazores.pt\/fr\/wp-json\/wp\/v2\/product\/23562","targetHints":{"allow":["GET"]}}],"collection":[{"href":"https:\/\/guidetotheazores.pt\/fr\/wp-json\/wp\/v2\/product"}],"about":[{"href":"https:\/\/guidetotheazores.pt\/fr\/wp-json\/wp\/v2\/types\/product"}],"replies":[{"embeddable":true,"href":"https:\/\/guidetotheazores.pt\/fr\/wp-json\/wp\/v2\/comments?post=23562"}],"wp:featuredmedia":[{"embeddable":true,"href":"https:\/\/guidetotheazores.pt\/fr\/wp-json\/wp\/v2\/media\/23570"}],"wp:attachment":[{"href":"https:\/\/guidetotheazores.pt\/fr\/wp-json\/wp\/v2\/media?parent=23562"}],"wp:term":[{"taxonomy":"product_brand","embeddable":true,"href":"https:\/\/guidetotheazores.pt\/fr\/wp-json\/wp\/v2\/product_brand?post=23562"},{"taxonomy":"product_cat","embeddable":true,"href":"https:\/\/guidetotheazores.pt\/fr\/wp-json\/wp\/v2\/product_cat?post=23562"},{"taxonomy":"product_tag","embeddable":true,"href":"https:\/\/guidetotheazores.pt\/fr\/wp-json\/wp\/v2\/product_tag?post=23562"}],"curies":[{"name":"wp","href":"https:\/\/api.w.org\/{rel}","templated":true}]}}