{"id":23579,"date":"2024-06-06T07:54:32","date_gmt":"2024-06-06T08:54:32","guid":{"rendered":"https:\/\/guidetotheazores.pt\/product\/reserve-de-lilot-vila-franca-du-16-octobre-au-14-avril\/"},"modified":"2024-06-06T07:54:32","modified_gmt":"2024-06-06T08:54:32","slug":"reserve-de-lilot-vila-franca-du-16-octobre-au-14-avril","status":"publish","type":"product","link":"https:\/\/guidetotheazores.pt\/fr\/produit\/reserve-de-lilot-vila-franca-du-16-octobre-au-14-avril\/","title":{"rendered":"R\u00e9serve de l&rsquo;\u00eelot Vila Franca (du 16 octobre au 14 avril)"},"content":{"rendered":"<p>Regarde de pr\u00e8s une merveille volcanique &#8211; l&rsquo;\u00eelot de Vila Franca do Campo, une r\u00e9serve naturelle prot\u00e9g\u00e9e au large de la c\u00f4te. Apprends-en plus sur sa g\u00e9ologie, ainsi que sur la faune et la flore qui y vivent ! <\/p>\n<p>L&rsquo;excursion commence par un bref briefing pr\u00e9sentant la g\u00e9ologie de l&rsquo;\u00eelot volcanique, les esp\u00e8ces v\u00e9g\u00e9tales et animales que l&rsquo;on peut y trouver, les r\u00e8gles de la r\u00e9serve naturelle et la s\u00e9curit\u00e9. Chacun suivra le guide et le skipper jusqu&rsquo;au bateau qui lui a \u00e9t\u00e9 d\u00e9sign\u00e9, pour un trajet de 10 minutes par la mer jusqu&rsquo;\u00e0 l&rsquo;\u00eelot. <\/p>\n<p>Tu d\u00e9barqueras au port de l&rsquo;\u00eelot, pour une visite d&rsquo;une heure et demie \u00e0 la d\u00e9couverte de cette merveille volcanique et de ses caract\u00e9ristiques notoires. Le crat\u00e8re de l&rsquo;\u00eelot est rocheux, avec des bruy\u00e8res end\u00e9miques des A\u00e7ores, des arbres \u00e0 feu et d&rsquo;autres esp\u00e8ces de flore, ce qui en fait un magnifique habitat vivant pour la faune, et l&rsquo;on peut souvent observer des oiseaux, tels que des buses, des tournepierres, des sanderlings, des aigrettes garzettes, des faucons p\u00e8lerins, des canaris, des bergeronnettes, et m\u00eame des colonies de crabes Sally lightfoot ! <\/p>\n<p>Elle est riche en vie tout au long de l&rsquo;ann\u00e9e, surtout en automne et en hiver. Ton guide te tiendra au courant de ce que tu observes et il est disponible tout au long de ta visite pour apporter des r\u00e9ponses \u00e0 des questions sp\u00e9cifiques &#8211; n&rsquo;h\u00e9site pas \u00e0 demander ! <\/p>\n<p>\u00c0 16 h 15, il est temps de retourner \u00e0 la marina pour le check-out.<\/p>\n<p>Nous te recommandons de manger l\u00e9ger et d&rsquo;apporter ta r\u00e9serve d&rsquo;eau personnelle, de la cr\u00e8me solaire et du stick \u00e0 l\u00e8vres pour le soleil. La nourriture l\u00e9g\u00e8re est autoris\u00e9e, et un Appareil photo est indispensable, surtout pour les amateurs de photographie &#8211; prot\u00e8ge tout \u00e9quipement personnel. <\/p>\n<p>PAS POUR les personnes enceintes, avec un dos fragile, en fauteuil roulant, dans des conditions de sant\u00e9 d\u00e9licates, ou \u00e2g\u00e9es de moins de 4 ans.<\/p>\n<p>La baignade n&rsquo;est pas autoris\u00e9e \u00e0 cette p\u00e9riode de l&rsquo;ann\u00e9e.<\/p>\n","protected":false},"excerpt":{"rendered":"<p>Vois de pr\u00e8s une merveille volcanique &#8211; l&rsquo;\u00eelot de la r\u00e9serve naturelle prot\u00e9g\u00e9e de Vila Franca do Campo, au large de la c\u00f4te. Apprends-en plus sur sa g\u00e9ologie, sa faune et sa flore vivantes ! <\/p>\n<p>L&rsquo;excursion commence par un bref briefing pr\u00e9sentant la g\u00e9ologie de l&rsquo;\u00eelot volcanique, les esp\u00e8ces v\u00e9g\u00e9tales et animales que l&rsquo;on peut y trouver, les r\u00e8gles de la r\u00e9serve naturelle et la s\u00e9curit\u00e9. Chacun suivra le guide et le skipper jusqu&rsquo;au bateau qui lui a \u00e9t\u00e9 d\u00e9sign\u00e9, pour un trajet de 10 minutes par la mer jusqu&rsquo;\u00e0 l&rsquo;\u00eelot. <\/p>\n","protected":false},"featured_media":23570,"comment_status":"open","ping_status":"closed","template":"","meta":{"_acf_changed":false},"product_brand":[],"product_cat":[19484,19527,19486,19500,19506],"product_tag":[19528],"class_list":{"0":"post-23579","1":"product","2":"type-product","3":"status-publish","4":"has-post-thumbnail","6":"product_cat-activites","7":"product_cat-sao-miguel","8":"product_cat-toutes-les-iles","9":"product_cat-visites-guidees","10":"product_cat-voile","11":"product_tag-saomiguelisland","13":"first","14":"instock","15":"virtual","16":"sold-individually","17":"taxable","18":"purchasable","19":"product-type-phive_booking"},"acf":[],"_links":{"self":[{"href":"https:\/\/guidetotheazores.pt\/fr\/wp-json\/wp\/v2\/product\/23579","targetHints":{"allow":["GET"]}}],"collection":[{"href":"https:\/\/guidetotheazores.pt\/fr\/wp-json\/wp\/v2\/product"}],"about":[{"href":"https:\/\/guidetotheazores.pt\/fr\/wp-json\/wp\/v2\/types\/product"}],"replies":[{"embeddable":true,"href":"https:\/\/guidetotheazores.pt\/fr\/wp-json\/wp\/v2\/comments?post=23579"}],"wp:featuredmedia":[{"embeddable":true,"href":"https:\/\/guidetotheazores.pt\/fr\/wp-json\/wp\/v2\/media\/23570"}],"wp:attachment":[{"href":"https:\/\/guidetotheazores.pt\/fr\/wp-json\/wp\/v2\/media?parent=23579"}],"wp:term":[{"taxonomy":"product_brand","embeddable":true,"href":"https:\/\/guidetotheazores.pt\/fr\/wp-json\/wp\/v2\/product_brand?post=23579"},{"taxonomy":"product_cat","embeddable":true,"href":"https:\/\/guidetotheazores.pt\/fr\/wp-json\/wp\/v2\/product_cat?post=23579"},{"taxonomy":"product_tag","embeddable":true,"href":"https:\/\/guidetotheazores.pt\/fr\/wp-json\/wp\/v2\/product_tag?post=23579"}],"curies":[{"name":"wp","href":"https:\/\/api.w.org\/{rel}","templated":true}]}}