{"id":23588,"date":"2024-03-07T15:45:44","date_gmt":"2024-03-07T16:45:44","guid":{"rendered":"https:\/\/guidetotheazores.pt\/product\/suite-pico-mountain-view\/"},"modified":"2024-03-07T15:45:44","modified_gmt":"2024-03-07T16:45:44","slug":"suite-pico-mountain-view","status":"publish","type":"product","link":"https:\/\/guidetotheazores.pt\/fr\/produit\/suite-pico-mountain-view\/","title":{"rendered":"Suite Pico Mountain View"},"content":{"rendered":"<p>Avec une vue sur la majestueuse <a href=\"https:\/\/guidetotheazores.pt\/pico-mountain-azores\/\">montagne Pico<\/a> et l&rsquo;oc\u00e9an Atlantique, la suite Pico offre \u00e0 ses h\u00f4tes un panorama fabuleux.<\/p>\n<p>Les caract\u00e9ristiques comprennent un confortable *lit king size, (ou deux lits simples) avec le confort d&rsquo;une luxueuse baignoire spa, un r\u00e9frig\u00e9rateur, un n\u00e9cessaire \u00e0 th\u00e9 et \u00e0 caf\u00e9 et une table en pierre de lave.<\/p>\n","protected":false},"excerpt":{"rendered":"<p>Avec une vue \u00e0 la fois sur la majestueuse montagne Pico et sur l&rsquo;oc\u00e9an Atlantique, la suite Pico offre aux clients une fabuleuse perspective panoramique.<\/p>\n","protected":false},"featured_media":23597,"comment_status":"open","ping_status":"closed","template":"","meta":{"_acf_changed":false},"product_brand":[],"product_cat":[19513,19512,19515,19486],"product_tag":[19516],"class_list":{"0":"post-23588","1":"product","2":"type-product","3":"status-publish","4":"has-post-thumbnail","6":"product_cat-alojamento-local","7":"product_cat-hebergement","8":"product_cat-pico","9":"product_cat-toutes-les-iles","10":"product_tag-picoisland","12":"first","13":"instock","14":"virtual","15":"sold-individually","16":"taxable","17":"purchasable","18":"product-type-phive_booking"},"acf":[],"_links":{"self":[{"href":"https:\/\/guidetotheazores.pt\/fr\/wp-json\/wp\/v2\/product\/23588","targetHints":{"allow":["GET"]}}],"collection":[{"href":"https:\/\/guidetotheazores.pt\/fr\/wp-json\/wp\/v2\/product"}],"about":[{"href":"https:\/\/guidetotheazores.pt\/fr\/wp-json\/wp\/v2\/types\/product"}],"replies":[{"embeddable":true,"href":"https:\/\/guidetotheazores.pt\/fr\/wp-json\/wp\/v2\/comments?post=23588"}],"wp:featuredmedia":[{"embeddable":true,"href":"https:\/\/guidetotheazores.pt\/fr\/wp-json\/wp\/v2\/media\/23597"}],"wp:attachment":[{"href":"https:\/\/guidetotheazores.pt\/fr\/wp-json\/wp\/v2\/media?parent=23588"}],"wp:term":[{"taxonomy":"product_brand","embeddable":true,"href":"https:\/\/guidetotheazores.pt\/fr\/wp-json\/wp\/v2\/product_brand?post=23588"},{"taxonomy":"product_cat","embeddable":true,"href":"https:\/\/guidetotheazores.pt\/fr\/wp-json\/wp\/v2\/product_cat?post=23588"},{"taxonomy":"product_tag","embeddable":true,"href":"https:\/\/guidetotheazores.pt\/fr\/wp-json\/wp\/v2\/product_tag?post=23588"}],"curies":[{"name":"wp","href":"https:\/\/api.w.org\/{rel}","templated":true}]}}