{"id":23602,"date":"2024-03-07T15:38:39","date_gmt":"2024-03-07T16:38:39","guid":{"rendered":"https:\/\/guidetotheazores.pt\/product\/suite-miradouro-pico\/"},"modified":"2024-03-07T15:38:39","modified_gmt":"2024-03-07T16:38:39","slug":"suite-miradouro-pico","status":"publish","type":"product","link":"https:\/\/guidetotheazores.pt\/fr\/produit\/suite-miradouro-pico\/","title":{"rendered":"Suite Miradouro &#8211; Pico"},"content":{"rendered":"<p style=\"color: #000000; font-family: 'Helvetica Neue', Helvetica, Roboto, Arial, sans-serif; margin: 0px 0px 20px;\">Depuis le confort de ton *lit king size ou de tes deux lits jumeaux, dans la suite Miradouro, tu profiteras d&rsquo;une vue imprenable sur l&rsquo;oc\u00e9an, le long de la c\u00f4te jusqu&rsquo;\u00e0 la ville de Lajes do Pico.<\/p>\n<p style=\"color: #000000; font-family: 'Helvetica Neue', Helvetica, Roboto, Arial, sans-serif; margin: 0px 0px 20px;\">Les caract\u00e9ristiques comprennent un lit King size confortable, un r\u00e9frig\u00e9rateur, du th\u00e9 et du caf\u00e9, ainsi qu&rsquo;un bureau pour rattraper quelques courriels.<\/p>\n","protected":false},"excerpt":{"rendered":"<p style=\"color: #000000; font-family: 'Helvetica Neue', Helvetica, Roboto, Arial, sans-serif; margin: 0px 0px 20px;\">Depuis le confort de ton *lit king size ou de tes deux lits jumeaux, dans la suite Miradouro, tu profiteras d&rsquo;une vue imprenable sur l&rsquo;oc\u00e9an, le long de la c\u00f4te jusqu&rsquo;\u00e0 la ville de Lajes do Pico.<\/p>\n<p style=\"color: #000000; font-family: 'Helvetica Neue', Helvetica, Roboto, Arial, sans-serif; margin: 0px 0px 20px;\">Les caract\u00e9ristiques comprennent un lit King size confortable, un r\u00e9frig\u00e9rateur, un plateau de th\u00e9 et de caf\u00e9 ainsi qu&rsquo;un bureau pour rattraper quelques courriels.<\/p>\n","protected":false},"featured_media":23604,"comment_status":"open","ping_status":"closed","template":"","meta":{"_acf_changed":false},"product_brand":[],"product_cat":[19513,19512,19515,19486],"product_tag":[19516],"class_list":{"0":"post-23602","1":"product","2":"type-product","3":"status-publish","4":"has-post-thumbnail","6":"product_cat-alojamento-local","7":"product_cat-hebergement","8":"product_cat-pico","9":"product_cat-toutes-les-iles","10":"product_tag-picoisland","12":"first","13":"instock","14":"virtual","15":"sold-individually","16":"taxable","17":"purchasable","18":"product-type-phive_booking"},"acf":[],"_links":{"self":[{"href":"https:\/\/guidetotheazores.pt\/fr\/wp-json\/wp\/v2\/product\/23602","targetHints":{"allow":["GET"]}}],"collection":[{"href":"https:\/\/guidetotheazores.pt\/fr\/wp-json\/wp\/v2\/product"}],"about":[{"href":"https:\/\/guidetotheazores.pt\/fr\/wp-json\/wp\/v2\/types\/product"}],"replies":[{"embeddable":true,"href":"https:\/\/guidetotheazores.pt\/fr\/wp-json\/wp\/v2\/comments?post=23602"}],"wp:featuredmedia":[{"embeddable":true,"href":"https:\/\/guidetotheazores.pt\/fr\/wp-json\/wp\/v2\/media\/23604"}],"wp:attachment":[{"href":"https:\/\/guidetotheazores.pt\/fr\/wp-json\/wp\/v2\/media?parent=23602"}],"wp:term":[{"taxonomy":"product_brand","embeddable":true,"href":"https:\/\/guidetotheazores.pt\/fr\/wp-json\/wp\/v2\/product_brand?post=23602"},{"taxonomy":"product_cat","embeddable":true,"href":"https:\/\/guidetotheazores.pt\/fr\/wp-json\/wp\/v2\/product_cat?post=23602"},{"taxonomy":"product_tag","embeddable":true,"href":"https:\/\/guidetotheazores.pt\/fr\/wp-json\/wp\/v2\/product_tag?post=23602"}],"curies":[{"name":"wp","href":"https:\/\/api.w.org\/{rel}","templated":true}]}}