{"id":23603,"date":"2024-03-31T15:28:50","date_gmt":"2024-03-31T16:28:50","guid":{"rendered":"https:\/\/guidetotheazores.pt\/product\/maison-du-soleil-flores\/"},"modified":"2024-03-31T15:28:50","modified_gmt":"2024-03-31T16:28:50","slug":"maison-du-soleil-flores","status":"publish","type":"product","link":"https:\/\/guidetotheazores.pt\/fr\/produit\/maison-du-soleil-flores\/","title":{"rendered":"Maison du soleil &#8211; Flores"},"content":{"rendered":"<p>La \u00ab\u00a0Casa do Sol\u00a0\u00bb est une grande maison en pierre avec un acc\u00e8s direct \u00e0 la mer. Elle offre une belle vue sur la mer, le coucher de soleil et le c\u00f4t\u00e9 sud, les montagnes et l&rsquo;oc\u00e9an. <\/p>\n<p>Confortable et tr\u00e8s spacieux, id\u00e9al pour 4 personnes, il dispose de 80m2 avec 2 chambres au rez-de-chauss\u00e9e avec vue sur la mer, une salle de bain, une cuisine enti\u00e8rement \u00e9quip\u00e9e et un salon avec canap\u00e9 (pouvant \u00eatre utilis\u00e9 comme lit suppl\u00e9mentaire), TV et cha\u00eene st\u00e9r\u00e9o.<\/p>\n<p>La maison est neuve avec une d\u00e9coration cosy et est \u00e9quip\u00e9e d&rsquo;un lave-vaisselle, d&rsquo;un lave-linge et de la climatisation. Les draps et les serviettes sont inclus. <\/p>\n<p>Il dispose d&rsquo;un jardin ext\u00e9rieur meubl\u00e9 o\u00f9 tu peux profiter du coucher de soleil depuis le confort de ta maison.<\/p>\n<p style=\"color: #000000;font-family: 'Helvetica Neue', Helvetica, Roboto, Arial, sans-serif;margin: 0px 0px 20px\">Frais et taxes non inclus :<br \/>\n&#8211; Nous demandons un frais de 25eur par personne lors de l&rsquo;enregistrement.<\/p>\n<p style=\"color: #000000;font-family: 'Helvetica Neue', Helvetica, Roboto, Arial, sans-serif;margin: 0px 0px 20px\">Politique de paiement :<br \/>\n&#8211; Nous demandons 100% du montant de la r\u00e9servation \u00e0 l&rsquo;avance. Le paiement doit \u00eatre effectu\u00e9 par carte de cr\u00e9dit ou par transaction bancaire.<br \/>\n** La confirmation de l&rsquo;h\u00e9bergement n&rsquo;est faite qu&rsquo;apr\u00e8s le paiement de 100 % du co\u00fbt du s\u00e9jour. **<\/p>\n<p style=\"color: #000000;font-family: 'Helvetica Neue', Helvetica, Roboto, Arial, sans-serif;margin: 0px 0px 20px\">Politique d&rsquo;annulation :<br \/>\n&#8211; Non remboursable<\/p>\n<p>&nbsp;<\/p>\n","protected":false},"excerpt":{"rendered":"<p>La \u00ab\u00a0Casa do Sol\u00a0\u00bb est une grande maison en pierre avec un acc\u00e8s direct \u00e0 la mer. Elle offre une belle vue sur la mer, le coucher de soleil et le c\u00f4t\u00e9 sud, les montagnes et l&rsquo;oc\u00e9an. <\/p>\n<p>Confortable et tr\u00e8s spacieux, id\u00e9al pour 4 personnes, il dispose de 80m2 avec 2 chambres au rez-de-chauss\u00e9e avec vue sur la mer, une salle de bain, une cuisine enti\u00e8rement \u00e9quip\u00e9e et un salon avec canap\u00e9 (pouvant \u00eatre utilis\u00e9 comme lit suppl\u00e9mentaire), TV et cha\u00eene st\u00e9r\u00e9o.<\/p>\n","protected":false},"featured_media":23606,"comment_status":"open","ping_status":"closed","template":"","meta":{"_acf_changed":false},"product_brand":[],"product_cat":[19513,19523,19512,19486],"product_tag":[19524],"class_list":{"0":"post-23603","1":"product","2":"type-product","3":"status-publish","4":"has-post-thumbnail","6":"product_cat-alojamento-local","7":"product_cat-flores","8":"product_cat-hebergement","9":"product_cat-toutes-les-iles","10":"product_tag-ile-aux-fleurs","12":"first","13":"instock","14":"virtual","15":"sold-individually","16":"taxable","17":"purchasable","18":"product-type-phive_booking"},"acf":[],"_links":{"self":[{"href":"https:\/\/guidetotheazores.pt\/fr\/wp-json\/wp\/v2\/product\/23603","targetHints":{"allow":["GET"]}}],"collection":[{"href":"https:\/\/guidetotheazores.pt\/fr\/wp-json\/wp\/v2\/product"}],"about":[{"href":"https:\/\/guidetotheazores.pt\/fr\/wp-json\/wp\/v2\/types\/product"}],"replies":[{"embeddable":true,"href":"https:\/\/guidetotheazores.pt\/fr\/wp-json\/wp\/v2\/comments?post=23603"}],"wp:featuredmedia":[{"embeddable":true,"href":"https:\/\/guidetotheazores.pt\/fr\/wp-json\/wp\/v2\/media\/23606"}],"wp:attachment":[{"href":"https:\/\/guidetotheazores.pt\/fr\/wp-json\/wp\/v2\/media?parent=23603"}],"wp:term":[{"taxonomy":"product_brand","embeddable":true,"href":"https:\/\/guidetotheazores.pt\/fr\/wp-json\/wp\/v2\/product_brand?post=23603"},{"taxonomy":"product_cat","embeddable":true,"href":"https:\/\/guidetotheazores.pt\/fr\/wp-json\/wp\/v2\/product_cat?post=23603"},{"taxonomy":"product_tag","embeddable":true,"href":"https:\/\/guidetotheazores.pt\/fr\/wp-json\/wp\/v2\/product_tag?post=23603"}],"curies":[{"name":"wp","href":"https:\/\/api.w.org\/{rel}","templated":true}]}}