{"id":23621,"date":"2024-03-07T15:22:26","date_gmt":"2024-03-07T16:22:26","guid":{"rendered":"https:\/\/guidetotheazores.pt\/product\/suite-atlantic-pico\/"},"modified":"2024-03-07T15:22:26","modified_gmt":"2024-03-07T16:22:26","slug":"suite-atlantic-pico","status":"publish","type":"product","link":"https:\/\/guidetotheazores.pt\/fr\/produit\/suite-atlantic-pico\/","title":{"rendered":"Suite Atlantic &#8211; Pico"},"content":{"rendered":"<p style=\"color: #000000;font-family: 'Helvetica Neue', Helvetica, Roboto, Arial, sans-serif;margin: 0px 0px 20px\">Profite de la vue imprenable sur l&rsquo;oc\u00e9an Atlantique \u00e0 perte de vue depuis l&rsquo;intimit\u00e9 de tes propres balcons.<\/p>\n<p style=\"color: #000000;font-family: 'Helvetica Neue', Helvetica, Roboto, Arial, sans-serif;margin: 0px 0px 20px\">La suite Atlantic offre un salon spacieux dot\u00e9 d&rsquo;une fabuleuse chemin\u00e9e en bois v\u00e9ritable et d&rsquo;un incroyable balcon pour profiter de la vue sur la mer, tandis que ta chambre \u00e0 coucher offre le luxe d&rsquo;un lit King size, d&rsquo;une vue imprenable sur la c\u00f4te et d&rsquo;un balcon priv\u00e9 avec vue sur l&rsquo;oc\u00e9an. Ta salle de bain comprend une douche, des toilettes et un bidet, un r\u00e9frig\u00e9rateur et un n\u00e9cessaire \u00e0 th\u00e9\/caf\u00e9. <\/p>\n","protected":false},"excerpt":{"rendered":"<p style=\"color: #000000;font-family: 'Helvetica Neue', Helvetica, Roboto, Arial, sans-serif;margin: 0px 0px 20px\">Profite de la vue imprenable sur l&rsquo;oc\u00e9an Atlantique \u00e0 perte de vue depuis l&rsquo;intimit\u00e9 de tes propres balcons.<\/p>\n<p style=\"color: #000000;font-family: 'Helvetica Neue', Helvetica, Roboto, Arial, sans-serif;margin: 0px 0px 20px\">La suite Atlantic offre un salon spacieux dot\u00e9 d&rsquo;une fabuleuse chemin\u00e9e en bois v\u00e9ritable et d&rsquo;un incroyable balcon pour profiter de la vue sur la mer, tandis que ta chambre \u00e0 coucher offre le luxe d&rsquo;un lit King size, d&rsquo;une vue imprenable sur la c\u00f4te et d&rsquo;un balcon priv\u00e9 avec vue sur l&rsquo;oc\u00e9an. Ta salle de bain comprend une douche, des toilettes et un bidet, un r\u00e9frig\u00e9rateur et un n\u00e9cessaire \u00e0 th\u00e9\/caf\u00e9. <\/p>\n","protected":false},"featured_media":23625,"comment_status":"open","ping_status":"closed","template":"","meta":{"_acf_changed":false},"product_brand":[],"product_cat":[19513,19512,19515,19486],"product_tag":[19516],"class_list":{"0":"post-23621","1":"product","2":"type-product","3":"status-publish","4":"has-post-thumbnail","6":"product_cat-alojamento-local","7":"product_cat-hebergement","8":"product_cat-pico","9":"product_cat-toutes-les-iles","10":"product_tag-picoisland","12":"first","13":"instock","14":"virtual","15":"sold-individually","16":"taxable","17":"purchasable","18":"product-type-phive_booking"},"acf":[],"_links":{"self":[{"href":"https:\/\/guidetotheazores.pt\/fr\/wp-json\/wp\/v2\/product\/23621","targetHints":{"allow":["GET"]}}],"collection":[{"href":"https:\/\/guidetotheazores.pt\/fr\/wp-json\/wp\/v2\/product"}],"about":[{"href":"https:\/\/guidetotheazores.pt\/fr\/wp-json\/wp\/v2\/types\/product"}],"replies":[{"embeddable":true,"href":"https:\/\/guidetotheazores.pt\/fr\/wp-json\/wp\/v2\/comments?post=23621"}],"wp:featuredmedia":[{"embeddable":true,"href":"https:\/\/guidetotheazores.pt\/fr\/wp-json\/wp\/v2\/media\/23625"}],"wp:attachment":[{"href":"https:\/\/guidetotheazores.pt\/fr\/wp-json\/wp\/v2\/media?parent=23621"}],"wp:term":[{"taxonomy":"product_brand","embeddable":true,"href":"https:\/\/guidetotheazores.pt\/fr\/wp-json\/wp\/v2\/product_brand?post=23621"},{"taxonomy":"product_cat","embeddable":true,"href":"https:\/\/guidetotheazores.pt\/fr\/wp-json\/wp\/v2\/product_cat?post=23621"},{"taxonomy":"product_tag","embeddable":true,"href":"https:\/\/guidetotheazores.pt\/fr\/wp-json\/wp\/v2\/product_tag?post=23621"}],"curies":[{"name":"wp","href":"https:\/\/api.w.org\/{rel}","templated":true}]}}