{"id":23628,"date":"2024-03-07T15:33:39","date_gmt":"2024-03-07T16:33:39","guid":{"rendered":"https:\/\/guidetotheazores.pt\/product\/suite-papalva-pico\/"},"modified":"2024-03-07T15:33:39","modified_gmt":"2024-03-07T16:33:39","slug":"suite-papalva-pico","status":"publish","type":"product","link":"https:\/\/guidetotheazores.pt\/fr\/produit\/suite-papalva-pico\/","title":{"rendered":"Suite Papalva &#8211; Pico"},"content":{"rendered":"<p style=\"color: #000000;font-family: 'Helvetica Neue', Helvetica, Roboto, Arial, sans-serif;margin: 0px 0px 20px\">La suite premium Papalva est notre option la plus spacieuse et comprend le luxe d&rsquo;une salle de bain avec un somptueux jacuzzi d&rsquo;angle, offrant le moyen parfait de se d\u00e9tendre apr\u00e8s une journ\u00e9e d&rsquo;aventure \u00e0 explorer les nombreux sites et exp\u00e9riences de l&rsquo;\u00eele de Pico.<\/p>\n<p style=\"color: #000000;font-family: 'Helvetica Neue', Helvetica, Roboto, Arial, sans-serif;margin: 0px 0px 20px\">Un lit Queen confortable et un charmant patio ext\u00e9rieur priv\u00e9 pour se d\u00e9tendre et profiter de la vue sur l&rsquo;oc\u00e9an et la magnifique montagne \u00ab\u00a0Pico\u00a0\u00bb.<\/p>\n","protected":false},"excerpt":{"rendered":"<p style=\"color: #000000;font-family: 'Helvetica Neue', Helvetica, Roboto, Arial, sans-serif;margin: 0px 0px 20px\">La suite premium Papalva est notre option la plus spacieuse et comprend le luxe d&rsquo;une salle de bain avec un somptueux jacuzzi d&rsquo;angle, offrant le moyen parfait de se d\u00e9tendre apr\u00e8s une journ\u00e9e d&rsquo;aventure \u00e0 explorer les nombreux sites et exp\u00e9riences de l&rsquo;\u00eele de Pico.<\/p>\n<p style=\"color: #000000;font-family: 'Helvetica Neue', Helvetica, Roboto, Arial, sans-serif;margin: 0px 0px 20px\">Un lit Queen confortable et un charmant patio ext\u00e9rieur priv\u00e9 pour se d\u00e9tendre et profiter de la vue sur l&rsquo;oc\u00e9an et la magnifique montagne \u00ab\u00a0Pico\u00a0\u00bb.<\/p>\n","protected":false},"featured_media":23629,"comment_status":"open","ping_status":"closed","template":"","meta":{"_acf_changed":false},"product_brand":[],"product_cat":[19513,19512,19515,19486],"product_tag":[19516],"class_list":{"0":"post-23628","1":"product","2":"type-product","3":"status-publish","4":"has-post-thumbnail","6":"product_cat-alojamento-local","7":"product_cat-hebergement","8":"product_cat-pico","9":"product_cat-toutes-les-iles","10":"product_tag-picoisland","12":"first","13":"instock","14":"virtual","15":"sold-individually","16":"taxable","17":"purchasable","18":"product-type-phive_booking"},"acf":[],"_links":{"self":[{"href":"https:\/\/guidetotheazores.pt\/fr\/wp-json\/wp\/v2\/product\/23628","targetHints":{"allow":["GET"]}}],"collection":[{"href":"https:\/\/guidetotheazores.pt\/fr\/wp-json\/wp\/v2\/product"}],"about":[{"href":"https:\/\/guidetotheazores.pt\/fr\/wp-json\/wp\/v2\/types\/product"}],"replies":[{"embeddable":true,"href":"https:\/\/guidetotheazores.pt\/fr\/wp-json\/wp\/v2\/comments?post=23628"}],"wp:featuredmedia":[{"embeddable":true,"href":"https:\/\/guidetotheazores.pt\/fr\/wp-json\/wp\/v2\/media\/23629"}],"wp:attachment":[{"href":"https:\/\/guidetotheazores.pt\/fr\/wp-json\/wp\/v2\/media?parent=23628"}],"wp:term":[{"taxonomy":"product_brand","embeddable":true,"href":"https:\/\/guidetotheazores.pt\/fr\/wp-json\/wp\/v2\/product_brand?post=23628"},{"taxonomy":"product_cat","embeddable":true,"href":"https:\/\/guidetotheazores.pt\/fr\/wp-json\/wp\/v2\/product_cat?post=23628"},{"taxonomy":"product_tag","embeddable":true,"href":"https:\/\/guidetotheazores.pt\/fr\/wp-json\/wp\/v2\/product_tag?post=23628"}],"curies":[{"name":"wp","href":"https:\/\/api.w.org\/{rel}","templated":true}]}}