{"id":23634,"date":"2024-03-02T15:50:03","date_gmt":"2024-03-02T16:50:03","guid":{"rendered":"https:\/\/guidetotheazores.pt\/product\/residence-coliseum\/"},"modified":"2024-03-02T15:50:03","modified_gmt":"2024-03-02T16:50:03","slug":"residence-coliseum","status":"publish","type":"product","link":"https:\/\/guidetotheazores.pt\/fr\/produit\/residence-coliseum\/","title":{"rendered":"R\u00e9sidence Coliseum"},"content":{"rendered":"<p><span style=\"color: #000000;font-family: 'Helvetica Neue', Helvetica, Roboto, Arial, sans-serif;font-size: medium\">Appartement de luxe dans un condominium ferm\u00e9, enti\u00e8rement \u00e9quip\u00e9 pour profiter de tes excellentes vacances aux A\u00e7ores. L&rsquo;espace a une superficie de 145m2 et contient des d\u00e9corations originales et modernes. L&rsquo;appartement \u00ab\u00a0Coliseum Residence\u00a0\u00bb est situ\u00e9 dans le centre ville de Ponta Delgada, \u00e0 10 min \u00e0 pied des piscines naturelles, avec une pharmacie \u00e0 50m et tr\u00e8s proche de plusieurs restaurants, du Coliseu Micaelense, de l&rsquo;Avenida das Portas da Cidade et du Port de Ponta Delgada.    <\/span><\/p>\n<p><span style=\"color: #000000;font-family: 'Helvetica Neue', Helvetica, Roboto, Arial, sans-serif;font-size: medium\">L&rsquo;a\u00e9roport se trouve \u00e0 moins de 10 minutes en voiture.<\/span><\/p>\n<p><span style=\"color: #000000;font-family: 'Helvetica Neue', Helvetica, Roboto, Arial, sans-serif;font-size: medium\">L&rsquo;appartement est un T3 avec une suite avec une salle de bain priv\u00e9e, une chambre double avec un balcon, une chambre simple, 2 salles de bain, un salon spacieux ( tv et acc\u00e8s au balcon par des vitres coulissantes), une cuisine enti\u00e8rement \u00e9quip\u00e9e pour tes besoins et l&rsquo;air conditionn\u00e9 dans toutes les pi\u00e8ces sauf les salles de bain.  <\/span><\/p>\n<p><span style=\"color: #000000;font-family: 'Helvetica Neue', Helvetica, Roboto, Arial, sans-serif;font-size: medium\">Ainsi, deux \u00e0 six personnes seront confortablement log\u00e9es dans cet appartement. \u00c0 l&rsquo;ext\u00e9rieur, tu pourras profiter d&rsquo;un jardin avec des machines pour faire de l&rsquo;exercice en plein air et d&rsquo;un parking couvert. Les chambres sont \u00e9quip\u00e9es du Wifi, de l&rsquo;air conditionn\u00e9 et d&rsquo;armoires avec des draps et des serviettes suppl\u00e9mentaires.  <\/span><\/p>\n<p><span style=\"color: #000000;font-family: 'Helvetica Neue', Helvetica, Roboto, Arial, sans-serif;font-size: medium\">Le condominium est tr\u00e8s calme et convient aux familles ou aux groupes d&rsquo;amis.<\/span><\/p>\n","protected":false},"excerpt":{"rendered":"<p><span style=\"color: #000000;font-family: 'Helvetica Neue', Helvetica, Roboto, Arial, sans-serif;font-size: medium\">Appartement de luxe dans un condominium ferm\u00e9, enti\u00e8rement \u00e9quip\u00e9 pour profiter de tes excellentes vacances aux A\u00e7ores. L&rsquo;espace a une superficie de 145m2 et contient des d\u00e9corations originales et modernes. L&rsquo;appartement \u00ab\u00a0Coliseum Residence\u00a0\u00bb est situ\u00e9 dans le centre ville de Ponta Delgada, \u00e0 10 min \u00e0 pied des piscines naturelles, avec une pharmacie \u00e0 50m et tr\u00e8s proche de plusieurs restaurants, du Coliseu Micaelense, de l&rsquo;Avenida das Portas da Cidade et du Port de Ponta Delgada.  <\/span><\/p>\n<p><span style=\"color: #000000;font-family: 'Helvetica Neue', Helvetica, Roboto, Arial, sans-serif;font-size: medium\">L&rsquo;appartement est un T3 avec une suite avec une salle de bain priv\u00e9e, une chambre double avec un balcon, une chambre simple, 2 salles de bain, un salon spacieux ( tv et acc\u00e8s au balcon par des vitres coulissantes), une cuisine enti\u00e8rement \u00e9quip\u00e9e pour tes besoins et l&rsquo;air conditionn\u00e9 dans toutes les pi\u00e8ces sauf les salles de bain.<\/span><\/p>\n","protected":false},"featured_media":23635,"comment_status":"open","ping_status":"closed","template":"","meta":{"_acf_changed":false},"product_brand":[],"product_cat":[19512],"product_tag":[],"class_list":{"0":"post-23634","1":"product","2":"type-product","3":"status-publish","4":"has-post-thumbnail","6":"product_cat-hebergement","8":"first","9":"instock","10":"virtual","11":"sold-individually","12":"taxable","13":"purchasable","14":"product-type-phive_booking"},"acf":[],"_links":{"self":[{"href":"https:\/\/guidetotheazores.pt\/fr\/wp-json\/wp\/v2\/product\/23634","targetHints":{"allow":["GET"]}}],"collection":[{"href":"https:\/\/guidetotheazores.pt\/fr\/wp-json\/wp\/v2\/product"}],"about":[{"href":"https:\/\/guidetotheazores.pt\/fr\/wp-json\/wp\/v2\/types\/product"}],"replies":[{"embeddable":true,"href":"https:\/\/guidetotheazores.pt\/fr\/wp-json\/wp\/v2\/comments?post=23634"}],"wp:featuredmedia":[{"embeddable":true,"href":"https:\/\/guidetotheazores.pt\/fr\/wp-json\/wp\/v2\/media\/23635"}],"wp:attachment":[{"href":"https:\/\/guidetotheazores.pt\/fr\/wp-json\/wp\/v2\/media?parent=23634"}],"wp:term":[{"taxonomy":"product_brand","embeddable":true,"href":"https:\/\/guidetotheazores.pt\/fr\/wp-json\/wp\/v2\/product_brand?post=23634"},{"taxonomy":"product_cat","embeddable":true,"href":"https:\/\/guidetotheazores.pt\/fr\/wp-json\/wp\/v2\/product_cat?post=23634"},{"taxonomy":"product_tag","embeddable":true,"href":"https:\/\/guidetotheazores.pt\/fr\/wp-json\/wp\/v2\/product_tag?post=23634"}],"curies":[{"name":"wp","href":"https:\/\/api.w.org\/{rel}","templated":true}]}}