{"id":23660,"date":"2024-03-02T15:22:30","date_gmt":"2024-03-02T16:22:30","guid":{"rendered":"https:\/\/guidetotheazores.pt\/product\/excursion-volcanique-dune-demi-journee\/"},"modified":"2024-03-02T15:22:30","modified_gmt":"2024-03-02T16:22:30","slug":"excursion-volcanique-dune-demi-journee","status":"publish","type":"product","link":"https:\/\/guidetotheazores.pt\/fr\/produit\/excursion-volcanique-dune-demi-journee\/","title":{"rendered":"Excursion volcanique d&rsquo;une demi-journ\u00e9e"},"content":{"rendered":"<p style=\"color: #000000;font-family: 'Helvetica Neue', Helvetica, Roboto, Arial, sans-serif;margin: 0px 0px 20px\">Cette activit\u00e9 est enti\u00e8rement consacr\u00e9e \u00e0 la magnifique nature de l&rsquo;\u00eele de Pico. L&rsquo;\u00eele est constitu\u00e9e de plus de 200 volcans et c&rsquo;est le d\u00e9cor plant\u00e9 pour cette excursion. <span class=\"Apple-converted-space\"> <\/span><\/p>\n<p style=\"color: #000000;font-family: 'Helvetica Neue', Helvetica, Roboto, Arial, sans-serif;margin: 0px 0px 20px\">La visite te fait passer devant les magnifiques lacs et les points de vue \u00e9poustouflants du plateau central. Tu partiras \u00e9galement \u00e0 l&rsquo;aventure sous terre et exploreras les hypnotiques tunnels de lave. <span class=\"Apple-converted-space\"> <\/span><\/p>\n<p style=\"color: #000000;font-family: 'Helvetica Neue', Helvetica, Roboto, Arial, sans-serif;margin: 0px 0px 20px\">Highlights<br \/>\n&#8211; Lagoa do Capit\u00e3o<br \/>\n&#8211; Lagoa Seca<br \/>\n&#8211; Lagoa do Paul<br \/>\n&#8211; Miradouro Pico da Urze<br \/>\n&#8211; Tunnels de lave de plusieurs centaines de m\u00e8tres de long<\/p>\n<p style=\"color: #000000;font-family: 'Helvetica Neue', Helvetica, Roboto, Arial, sans-serif;margin: 0px 0px 20px\">Point de rencontre<br \/>\n&#8211; La visite commence \u00e0 9h00 \u00e0 notre bureau dans le port de Lajes do Pico.<\/p>\n<p style=\"color: #000000;font-family: 'Helvetica Neue', Helvetica, Roboto, Arial, sans-serif;margin: 0px 0px 20px\">Inclus<br \/>\n&#8211; Transport<br \/>\n&#8211; Guide du parc naturel de Pico<br \/>\n&#8211; Assurance<br \/>\n&#8211; Casque, phare et gants<\/p>\n","protected":false},"excerpt":{"rendered":"<p style=\"color: #000000;font-family: 'Helvetica Neue', Helvetica, Roboto, Arial, sans-serif;margin: 0px 0px 20px\">Cette activit\u00e9 est enti\u00e8rement consacr\u00e9e \u00e0 la magnifique nature de l&rsquo;\u00eele de Pico. L&rsquo;\u00eele est constitu\u00e9e de plus de 200 volcans et c&rsquo;est le d\u00e9cor plant\u00e9 pour cette excursion. <span class=\"Apple-converted-space\"> <\/span><\/p>\n<p style=\"color: #000000;font-family: 'Helvetica Neue', Helvetica, Roboto, Arial, sans-serif;margin: 0px 0px 20px\">La visite te fait passer devant les magnifiques lacs et les points de vue \u00e9poustouflants du plateau central. Tu partiras \u00e9galement \u00e0 l&rsquo;aventure sous terre et exploreras les hypnotiques tunnels de lave. <span class=\"Apple-converted-space\"> <\/span><\/p>\n<p style=\"color: #000000;font-family: 'Helvetica Neue', Helvetica, Roboto, Arial, sans-serif;margin: 0px 0px 20px\">Point de rencontre<br \/>\n&#8211; La visite commence \u00e0 9h00 \u00e0 notre bureau dans le port de Lajes do Pico.<\/p>\n<p>&nbsp;<\/p>\n","protected":false},"featured_media":23661,"comment_status":"open","ping_status":"closed","template":"","meta":{"_acf_changed":false},"product_brand":[],"product_cat":[19484,19525,19515,19486,19500],"product_tag":[19516],"class_list":{"0":"post-23660","1":"product","2":"type-product","3":"status-publish","4":"has-post-thumbnail","6":"product_cat-activites","7":"product_cat-geotourisme","8":"product_cat-pico","9":"product_cat-toutes-les-iles","10":"product_cat-visites-guidees","11":"product_tag-picoisland","13":"first","14":"instock","15":"virtual","16":"sold-individually","17":"taxable","18":"purchasable","19":"product-type-phive_booking"},"acf":[],"_links":{"self":[{"href":"https:\/\/guidetotheazores.pt\/fr\/wp-json\/wp\/v2\/product\/23660","targetHints":{"allow":["GET"]}}],"collection":[{"href":"https:\/\/guidetotheazores.pt\/fr\/wp-json\/wp\/v2\/product"}],"about":[{"href":"https:\/\/guidetotheazores.pt\/fr\/wp-json\/wp\/v2\/types\/product"}],"replies":[{"embeddable":true,"href":"https:\/\/guidetotheazores.pt\/fr\/wp-json\/wp\/v2\/comments?post=23660"}],"wp:featuredmedia":[{"embeddable":true,"href":"https:\/\/guidetotheazores.pt\/fr\/wp-json\/wp\/v2\/media\/23661"}],"wp:attachment":[{"href":"https:\/\/guidetotheazores.pt\/fr\/wp-json\/wp\/v2\/media?parent=23660"}],"wp:term":[{"taxonomy":"product_brand","embeddable":true,"href":"https:\/\/guidetotheazores.pt\/fr\/wp-json\/wp\/v2\/product_brand?post=23660"},{"taxonomy":"product_cat","embeddable":true,"href":"https:\/\/guidetotheazores.pt\/fr\/wp-json\/wp\/v2\/product_cat?post=23660"},{"taxonomy":"product_tag","embeddable":true,"href":"https:\/\/guidetotheazores.pt\/fr\/wp-json\/wp\/v2\/product_tag?post=23660"}],"curies":[{"name":"wp","href":"https:\/\/api.w.org\/{rel}","templated":true}]}}