{"id":23677,"date":"2024-03-02T15:12:12","date_gmt":"2024-03-02T16:12:12","guid":{"rendered":"https:\/\/guidetotheazores.pt\/product\/excursion-dune-journee-a-pico-avec-degustation-de-vin\/"},"modified":"2024-03-02T15:12:12","modified_gmt":"2024-03-02T16:12:12","slug":"excursion-dune-journee-a-pico-avec-degustation-de-vin","status":"publish","type":"product","link":"https:\/\/guidetotheazores.pt\/fr\/produit\/excursion-dune-journee-a-pico-avec-degustation-de-vin\/","title":{"rendered":"Excursion d&rsquo;une journ\u00e9e \u00e0 Pico avec d\u00e9gustation de vin"},"content":{"rendered":"<p style=\"color: #000000;font-family: 'Helvetica Neue', Helvetica, Roboto, Arial, sans-serif;margin: 0px 0px 20px\">Ce circuit est une combinaison des lieux incontournables et des joyaux cach\u00e9s de l&rsquo;\u00eele de Pico. Il est parfait pour ceux qui veulent se faire une id\u00e9e g\u00e9n\u00e9rale de l&rsquo;\u00eele, piment\u00e9e de quelques exp\u00e9riences extraordinaires. La matin\u00e9e est domin\u00e9e par la belle nature de la plus jeune \u00eele des A\u00e7ores. Apr\u00e8s un pique-nique compos\u00e9 de produits locaux, nous explorons une partie de la culture Picaroto. Nous terminons la journ\u00e9e par une d\u00e9gustation des c\u00e9l\u00e8bres vins de Pico !    <\/p>\n<p style=\"color: #000000;font-family: 'Helvetica Neue', Helvetica, Roboto, Arial, sans-serif;margin: 0px 0px 20px\">Points forts<br \/>\n&#8211; Lagoa do Capit\u00e3o<br \/>\n&#8211; Miradouro Pico da Urze<br \/>\n&#8211; Tunnel de lave<br \/>\n&#8211; Vignobles Cria\u00e7\u00e3o Velha<br \/>\n&#8211; Cachorro<br \/>\n&#8211; Lajido<br \/>\n&#8211; Lajes do Pico<br \/>\n&#8211; D\u00e9gustation de vin<br \/>\n&#8211; Pique-nique avec des produits locaux<\/p>\n<p style=\"color: #000000;font-family: 'Helvetica Neue', Helvetica, Roboto, Arial, sans-serif;margin: 0px 0px 20px\">Point de rencontre<br \/>\n&#8211; L&rsquo;excursion commence \u00e0 9h00 \u00e0 notre bureau au port de Lajes.<span class=\"Apple-converted-space\"> <\/span><\/p>\n<p style=\"color: #000000;font-family: 'Helvetica Neue', Helvetica, Roboto, Arial, sans-serif;margin: 0px 0px 20px\">Inclus dans le circuit<br \/>\n&#8211; Pique-nique avec des produits locaux<br \/>\n&#8211; D\u00e9gustation de vin (3 vins)<br \/>\n&#8211; Transport<br \/>\n&#8211; Guide du parc naturel du Pico<br \/>\n&#8211; Assurance accident personnelle<\/p>\n","protected":false},"excerpt":{"rendered":"<p style=\"color: #000000;font-family: 'Helvetica Neue', Helvetica, Roboto, Arial, sans-serif;margin: 0px 0px 20px\">Ce circuit est une combinaison des lieux incontournables et des joyaux cach\u00e9s de l&rsquo;\u00eele de Pico. Il est parfait pour ceux qui veulent se faire une id\u00e9e g\u00e9n\u00e9rale de l&rsquo;\u00eele, piment\u00e9e de quelques exp\u00e9riences extraordinaires. La matin\u00e9e est domin\u00e9e par la belle nature de la plus jeune \u00eele des A\u00e7ores. Apr\u00e8s un pique-nique compos\u00e9 de produits locaux, nous explorons une partie de la culture Picaroto. Nous terminons la journ\u00e9e par une d\u00e9gustation des c\u00e9l\u00e8bres vins de Pico !    <\/p>\n<p><span style=\"color: #000000;font-family: 'Helvetica Neue', Helvetica, Roboto, Arial, sans-serif\">Point de rencontre<\/span><br style=\"color: #000000;font-family: 'Helvetica Neue', Helvetica, Roboto, Arial, sans-serif\"><span style=\"color: #000000;font-family: 'Helvetica Neue', Helvetica, Roboto, Arial, sans-serif\">&#8211; L&rsquo;excursion commence \u00e0 9h00 \u00e0 notre bureau dans le port de Lajes.<\/span><span class=\"Apple-converted-space\" style=\"color: #000000;font-family: 'Helvetica Neue', Helvetica, Roboto, Arial, sans-serif\"> <\/span><\/p>\n","protected":false},"featured_media":22672,"comment_status":"open","ping_status":"closed","template":"","meta":{"_acf_changed":false},"product_brand":[],"product_cat":[19484,19515,19486,19500],"product_tag":[19516],"class_list":{"0":"post-23677","1":"product","2":"type-product","3":"status-publish","4":"has-post-thumbnail","6":"product_cat-activites","7":"product_cat-pico","8":"product_cat-toutes-les-iles","9":"product_cat-visites-guidees","10":"product_tag-picoisland","12":"first","13":"instock","14":"virtual","15":"sold-individually","16":"taxable","17":"purchasable","18":"product-type-phive_booking"},"acf":[],"_links":{"self":[{"href":"https:\/\/guidetotheazores.pt\/fr\/wp-json\/wp\/v2\/product\/23677","targetHints":{"allow":["GET"]}}],"collection":[{"href":"https:\/\/guidetotheazores.pt\/fr\/wp-json\/wp\/v2\/product"}],"about":[{"href":"https:\/\/guidetotheazores.pt\/fr\/wp-json\/wp\/v2\/types\/product"}],"replies":[{"embeddable":true,"href":"https:\/\/guidetotheazores.pt\/fr\/wp-json\/wp\/v2\/comments?post=23677"}],"wp:featuredmedia":[{"embeddable":true,"href":"https:\/\/guidetotheazores.pt\/fr\/wp-json\/wp\/v2\/media\/22672"}],"wp:attachment":[{"href":"https:\/\/guidetotheazores.pt\/fr\/wp-json\/wp\/v2\/media?parent=23677"}],"wp:term":[{"taxonomy":"product_brand","embeddable":true,"href":"https:\/\/guidetotheazores.pt\/fr\/wp-json\/wp\/v2\/product_brand?post=23677"},{"taxonomy":"product_cat","embeddable":true,"href":"https:\/\/guidetotheazores.pt\/fr\/wp-json\/wp\/v2\/product_cat?post=23677"},{"taxonomy":"product_tag","embeddable":true,"href":"https:\/\/guidetotheazores.pt\/fr\/wp-json\/wp\/v2\/product_tag?post=23677"}],"curies":[{"name":"wp","href":"https:\/\/api.w.org\/{rel}","templated":true}]}}