{"id":23696,"date":"2024-02-28T17:48:29","date_gmt":"2024-02-28T18:48:29","guid":{"rendered":"https:\/\/guidetotheazores.pt\/product\/ascension-de-jour-de-la-montagne-pico\/"},"modified":"2024-02-28T17:48:29","modified_gmt":"2024-02-28T18:48:29","slug":"ascension-de-jour-de-la-montagne-pico","status":"publish","type":"product","link":"https:\/\/guidetotheazores.pt\/fr\/produit\/ascension-de-jour-de-la-montagne-pico\/","title":{"rendered":"Ascension de jour de la montagne Pico"},"content":{"rendered":"<p style=\"color: #000000;font-family: 'Helvetica Neue', Helvetica, Roboto, Arial, sans-serif;margin: 0px 0px 20px\">L<strong>&lsquo;ascension du mont Pico<\/strong> sera sans aucun doute l&rsquo;un des moments forts des vacances !<\/p>\n<p style=\"color: #000000;font-family: 'Helvetica Neue', Helvetica, Roboto, Arial, sans-serif;margin: 0px 0px 20px\">C&rsquo;est une v\u00e9ritable aventure qui n\u00e9cessite une bonne condition physique de base.<span class=\"Apple-converted-space\"> <\/span><\/p>\n<p style=\"color: #000000;font-family: 'Helvetica Neue', Helvetica, Roboto, Arial, sans-serif;margin: 0px 0px 20px\">Nous commen\u00e7ons l&rsquo;ascension \u00e0 la Casa da Montanha. De l\u00e0, il faut compter environ trois heures pour atteindre le sommet. Une fois au sommet, c&rsquo;est plein de vues \u00e0 couper le souffle. La descente est la partie la plus difficile de l&rsquo;ascension, mais nous sommes \u00e0 tes c\u00f4t\u00e9s avec des conseils et des astuces pour la rendre aussi douce que possible.   <span class=\"Apple-converted-space\"> <\/span><\/p>\n<p style=\"color: #000000;font-family: 'Helvetica Neue', Helvetica, Roboto, Arial, sans-serif;margin: 0px 0px 20px\">C&rsquo;est une activit\u00e9 \u00e0 ne pas manquer et qui restera grav\u00e9e dans ta m\u00e9moire toute ta vie. Un paysage naturel comme tu n&rsquo;en as jamais vu ! <\/p>\n<p style=\"color: #000000;font-family: 'Helvetica Neue', Helvetica, Roboto, Arial, sans-serif;margin: 0px 0px 20px\"><strong>Caract\u00e9ristiques de l&rsquo;itin\u00e9raire<\/strong><br \/>\nDistance : 8km<br \/>\n\u2191 1100m de mont\u00e9e \u2193 1100m de descente<br \/>\nAltitude maximale : 2351m<br \/>\nAltitude minimale : 1250m<br \/>\nDur\u00e9e : 7-8 heures.<\/p>\n<p style=\"color: #000000;font-family: 'Helvetica Neue', Helvetica, Roboto, Arial, sans-serif;margin: 0px 0px 20px\"><strong>Niveau de difficult\u00e9<\/strong><br \/>\nEffort physique : <strong>3<\/strong><br \/>\nDifficult\u00e9 technique : <strong>2,5<\/strong><\/p>\n<p style=\"color: #000000;font-family: 'Helvetica Neue', Helvetica, Roboto, Arial, sans-serif;margin: 0px 0px 20px\">Niveaux de difficult\u00e9 :<br \/>\n1 &#8211; facile<br \/>\n1,5 &#8211; facile \/ moyen<br \/>\n2 &#8211; moyen<br \/>\n2,5 &#8211; moyen \/ difficile<br \/>\n3 &#8211; difficile<\/p>\n","protected":false},"excerpt":{"rendered":"<p style=\"color: #000000;font-family: 'Helvetica Neue', Helvetica, Roboto, Arial, sans-serif;margin: 0px 0px 20px\">L<strong>&lsquo;ascension du mont Pico<\/strong> sera sans aucun doute l&rsquo;un des moments forts des vacances !<\/p>\n<p style=\"color: #000000;font-family: 'Helvetica Neue', Helvetica, Roboto, Arial, sans-serif;margin: 0px 0px 20px\">C&rsquo;est une v\u00e9ritable aventure qui n\u00e9cessite une bonne condition physique de base.<span class=\"Apple-converted-space\"> <\/span><\/p>\n<p style=\"color: #000000;font-family: 'Helvetica Neue', Helvetica, Roboto, Arial, sans-serif;margin: 0px 0px 20px\">Nous commen\u00e7ons l&rsquo;ascension \u00e0 la Casa da Montanha. De l\u00e0, il faut compter environ trois heures pour atteindre le sommet. Une fois au sommet, c&rsquo;est plein de vues \u00e0 couper le souffle. La descente est la partie la plus difficile de l&rsquo;ascension, mais nous sommes \u00e0 tes c\u00f4t\u00e9s avec des conseils et des astuces pour la rendre aussi douce que possible.   <span class=\"Apple-converted-space\"> <\/span><\/p>\n<p style=\"color: #000000;font-family: 'Helvetica Neue', Helvetica, Roboto, Arial, sans-serif;margin: 0px 0px 20px\">C&rsquo;est une activit\u00e9 \u00e0 ne pas manquer et qui restera grav\u00e9e dans ta m\u00e9moire toute ta vie. Un paysage naturel comme tu n&rsquo;en as jamais vu ! <\/p>\n","protected":false},"featured_media":23711,"comment_status":"closed","ping_status":"closed","template":"","meta":{"_acf_changed":false},"product_brand":[],"product_cat":[19484,19531,19515,19486],"product_tag":[19516],"class_list":{"0":"post-23696","1":"product","2":"type-product","3":"status-publish","4":"has-post-thumbnail","6":"product_cat-activites","7":"product_cat-hiking","8":"product_cat-pico","9":"product_cat-toutes-les-iles","10":"product_tag-picoisland","12":"first","13":"instock","14":"taxable","15":"shipping-taxable","16":"product-type-external"},"acf":[],"_links":{"self":[{"href":"https:\/\/guidetotheazores.pt\/fr\/wp-json\/wp\/v2\/product\/23696","targetHints":{"allow":["GET"]}}],"collection":[{"href":"https:\/\/guidetotheazores.pt\/fr\/wp-json\/wp\/v2\/product"}],"about":[{"href":"https:\/\/guidetotheazores.pt\/fr\/wp-json\/wp\/v2\/types\/product"}],"replies":[{"embeddable":true,"href":"https:\/\/guidetotheazores.pt\/fr\/wp-json\/wp\/v2\/comments?post=23696"}],"wp:featuredmedia":[{"embeddable":true,"href":"https:\/\/guidetotheazores.pt\/fr\/wp-json\/wp\/v2\/media\/23711"}],"wp:attachment":[{"href":"https:\/\/guidetotheazores.pt\/fr\/wp-json\/wp\/v2\/media?parent=23696"}],"wp:term":[{"taxonomy":"product_brand","embeddable":true,"href":"https:\/\/guidetotheazores.pt\/fr\/wp-json\/wp\/v2\/product_brand?post=23696"},{"taxonomy":"product_cat","embeddable":true,"href":"https:\/\/guidetotheazores.pt\/fr\/wp-json\/wp\/v2\/product_cat?post=23696"},{"taxonomy":"product_tag","embeddable":true,"href":"https:\/\/guidetotheazores.pt\/fr\/wp-json\/wp\/v2\/product_tag?post=23696"}],"curies":[{"name":"wp","href":"https:\/\/api.w.org\/{rel}","templated":true}]}}