{"id":23703,"date":"2024-03-02T14:55:33","date_gmt":"2024-03-02T15:55:33","guid":{"rendered":"https:\/\/guidetotheazores.pt\/product\/excursion-dune-journee-sur-lile-de-pico\/"},"modified":"2024-03-02T14:55:33","modified_gmt":"2024-03-02T15:55:33","slug":"excursion-dune-journee-sur-lile-de-pico","status":"publish","type":"product","link":"https:\/\/guidetotheazores.pt\/fr\/produit\/excursion-dune-journee-sur-lile-de-pico\/","title":{"rendered":"Excursion d&rsquo;une journ\u00e9e sur l&rsquo;\u00eele de Pico"},"content":{"rendered":"<p style=\"color: #000000;font-family: 'Helvetica Neue', Helvetica, Roboto, Arial, sans-serif;margin: 0px 0px 20px\">Ce circuit est une combinaison des lieux incontournables et des joyaux cach\u00e9s de l&rsquo;\u00eele de Pico. Il est parfait pour ceux qui veulent se faire une id\u00e9e g\u00e9n\u00e9rale de l&rsquo;\u00eele, piment\u00e9e de quelques exp\u00e9riences extraordinaires. La matin\u00e9e est domin\u00e9e par la belle nature de la plus jeune \u00eele des A\u00e7ores. Apr\u00e8s un pique-nique avec des produits locaux, nous explorons une partie de la culture picarde.   <span class=\"Apple-converted-space\"> <\/span><\/p>\n<p style=\"color: #000000;font-family: 'Helvetica Neue', Helvetica, Roboto, Arial, sans-serif;margin: 0px 0px 20px\">Points forts<br \/>\n&#8211; Lagoa do Capit\u00e3o<br \/>\n&#8211; Miradouro Pico da Urze<br \/>\n&#8211; Tunnel de lave<br \/>\n&#8211; Vignobles Cria\u00e7\u00e3o Velha<br \/>\n&#8211; Cachorro<br \/>\n&#8211; Lajido<br \/>\n&#8211; Visite de Vigia<br \/>\n&#8211; Lajes do Pico<br \/>\n&#8211; Pique-nique avec des produits locaux<\/p>\n<p style=\"color: #000000;font-family: 'Helvetica Neue', Helvetica, Roboto, Arial, sans-serif;margin: 0px 0px 20px\">Point de rencontre<br \/>\n&#8211; L&rsquo;excursion commence \u00e0 9h00 \u00e0 notre bureau au port de Lajes.<span class=\"Apple-converted-space\"> <\/span><\/p>\n<p style=\"color: #000000;font-family: 'Helvetica Neue', Helvetica, Roboto, Arial, sans-serif;margin: 0px 0px 20px\">Inclus dans le circuit<br \/>\n&#8211; Pique-nique avec des produits locaux<br \/>\n&#8211; Transport<br \/>\n&#8211; Guide du parc naturel du Pico<br \/>\n&#8211; Assurance accident personnelle<\/p>\n","protected":false},"excerpt":{"rendered":"<p style=\"color: #000000;font-family: 'Helvetica Neue', Helvetica, Roboto, Arial, sans-serif;margin: 0px 0px 20px\"><span style=\"color: #000000;font-family: 'Helvetica Neue', Helvetica, Roboto, Arial, sans-serif\">Ce circuit est une combinaison des lieux incontournables et des joyaux cach\u00e9s de l&rsquo;\u00eele de Pico. Il est parfait pour ceux qui veulent se faire une id\u00e9e g\u00e9n\u00e9rale de l&rsquo;\u00eele, piment\u00e9e de quelques exp\u00e9riences extraordinaires. La matin\u00e9e est domin\u00e9e par la belle nature de la plus jeune \u00eele des A\u00e7ores. Apr\u00e8s un pique-nique avec des produits locaux, nous explorons une partie de la culture picarde.   <\/span><span class=\"Apple-converted-space\" style=\"color: #000000;font-family: 'Helvetica Neue', Helvetica, Roboto, Arial, sans-serif\"> <\/span><\/p>\n<p><span style=\"color: #000000;font-family: 'Helvetica Neue', Helvetica, Roboto, Arial, sans-serif\">Point de rencontre<\/span><br style=\"color: #000000;font-family: 'Helvetica Neue', Helvetica, Roboto, Arial, sans-serif\"><span style=\"color: #000000;font-family: 'Helvetica Neue', Helvetica, Roboto, Arial, sans-serif\">&#8211; L&rsquo;excursion commence \u00e0 9h00 \u00e0 notre bureau au port de Lajes.<\/span><\/p>\n","protected":false},"featured_media":23704,"comment_status":"open","ping_status":"closed","template":"","meta":{"_acf_changed":false},"product_brand":[],"product_cat":[19484],"product_tag":[],"class_list":{"0":"post-23703","1":"product","2":"type-product","3":"status-publish","4":"has-post-thumbnail","6":"product_cat-activites","8":"first","9":"instock","10":"virtual","11":"sold-individually","12":"taxable","13":"purchasable","14":"product-type-phive_booking"},"acf":[],"_links":{"self":[{"href":"https:\/\/guidetotheazores.pt\/fr\/wp-json\/wp\/v2\/product\/23703","targetHints":{"allow":["GET"]}}],"collection":[{"href":"https:\/\/guidetotheazores.pt\/fr\/wp-json\/wp\/v2\/product"}],"about":[{"href":"https:\/\/guidetotheazores.pt\/fr\/wp-json\/wp\/v2\/types\/product"}],"replies":[{"embeddable":true,"href":"https:\/\/guidetotheazores.pt\/fr\/wp-json\/wp\/v2\/comments?post=23703"}],"wp:featuredmedia":[{"embeddable":true,"href":"https:\/\/guidetotheazores.pt\/fr\/wp-json\/wp\/v2\/media\/23704"}],"wp:attachment":[{"href":"https:\/\/guidetotheazores.pt\/fr\/wp-json\/wp\/v2\/media?parent=23703"}],"wp:term":[{"taxonomy":"product_brand","embeddable":true,"href":"https:\/\/guidetotheazores.pt\/fr\/wp-json\/wp\/v2\/product_brand?post=23703"},{"taxonomy":"product_cat","embeddable":true,"href":"https:\/\/guidetotheazores.pt\/fr\/wp-json\/wp\/v2\/product_cat?post=23703"},{"taxonomy":"product_tag","embeddable":true,"href":"https:\/\/guidetotheazores.pt\/fr\/wp-json\/wp\/v2\/product_tag?post=23703"}],"curies":[{"name":"wp","href":"https:\/\/api.w.org\/{rel}","templated":true}]}}