{"id":23736,"date":"2024-02-26T11:59:50","date_gmt":"2024-02-26T12:59:50","guid":{"rendered":"https:\/\/guidetotheazores.pt\/product\/maison-bali-furnas\/"},"modified":"2024-02-26T11:59:50","modified_gmt":"2024-02-26T12:59:50","slug":"maison-bali-furnas","status":"publish","type":"product","link":"https:\/\/guidetotheazores.pt\/fr\/produit\/maison-bali-furnas\/","title":{"rendered":"Maison Bali Furnas"},"content":{"rendered":"<p style=\"color: #000000;font-family: 'Helvetica Neue', Helvetica, Roboto, Arial, sans-serif;margin: 0px 0px 20px\">Situ\u00e9 \u00e0 2,3 km de Lagoa das Furnas, \u00e0 6,3 km de Pico do Ferro et \u00e0 15 km de Lagoa do Congro, House Bali Furnas propose un h\u00e9bergement situ\u00e9 \u00e0 Furnas. Cet appartement se trouve \u00e0 27 km de Fire Lagoon et \u00e0 90 m\u00e8tres de Parque Terra Nostra. Le WiFi gratuit est disponible dans toute la propri\u00e9t\u00e9 et Fumarolas se trouve \u00e0 1 km.  <\/p>\n<p style=\"color: #000000;font-family: 'Helvetica Neue', Helvetica, Roboto, Arial, sans-serif;margin: 0px 0px 20px\">L&rsquo;appartement avec balcon et vue sur les montagnes comprend 1 chambre \u00e0 coucher, un salon, une t\u00e9l\u00e9vision \u00e0 \u00e9cran plat, une cuisine \u00e9quip\u00e9e avec un four et un micro-ondes, et 1 salle de bain avec un bidet. Les serviettes et le linge de lit sont fournis dans l&rsquo;appartement. Le logement est non-fumeur.  <\/p>\n<p style=\"color: #000000;font-family: 'Helvetica Neue', Helvetica, Roboto, Arial, sans-serif;margin: 0px 0px 20px\">L&rsquo;a\u00e9roport le plus proche est l&rsquo;a\u00e9roport Jo\u00e3o Paulo II, situ\u00e9 \u00e0 46 km de l&rsquo;appartement.<\/p>\n","protected":false},"excerpt":{"rendered":"<p><span style=\"color: #000000;font-family: 'Helvetica Neue', Helvetica, Roboto, Arial, sans-serif\">Situ\u00e9 \u00e0 2,3 km de Lagoa das Furnas, \u00e0 6,3 km de Pico do Ferro et \u00e0 15 km de Lagoa do Congro, House Bali Furnas propose un h\u00e9bergement situ\u00e9 \u00e0 Furnas. Cet appartement se trouve \u00e0 27 km de Fire Lagoon et \u00e0 90 m\u00e8tres de Parque Terra Nostra.   <\/span><\/p>\n<p><span style=\"color: #000000;font-family: 'Helvetica Neue', Helvetica, Roboto, Arial, sans-serif\">Le Wifi gratuit est disponible dans toute la propri\u00e9t\u00e9 et Fumarolas se trouve \u00e0 1 km.<\/span><\/p>\n<p><em>Accueille jusqu&rsquo;\u00e0 2 personnes<\/em><\/p>\n","protected":false},"featured_media":23737,"comment_status":"open","ping_status":"closed","template":"","meta":{"_acf_changed":false},"product_brand":[],"product_cat":[19513,19512,19527,19486],"product_tag":[19528],"class_list":{"0":"post-23736","1":"product","2":"type-product","3":"status-publish","4":"has-post-thumbnail","6":"product_cat-alojamento-local","7":"product_cat-hebergement","8":"product_cat-sao-miguel","9":"product_cat-toutes-les-iles","10":"product_tag-saomiguelisland","12":"first","13":"instock","14":"virtual","15":"sold-individually","16":"taxable","17":"purchasable","18":"product-type-phive_booking"},"acf":[],"_links":{"self":[{"href":"https:\/\/guidetotheazores.pt\/fr\/wp-json\/wp\/v2\/product\/23736","targetHints":{"allow":["GET"]}}],"collection":[{"href":"https:\/\/guidetotheazores.pt\/fr\/wp-json\/wp\/v2\/product"}],"about":[{"href":"https:\/\/guidetotheazores.pt\/fr\/wp-json\/wp\/v2\/types\/product"}],"replies":[{"embeddable":true,"href":"https:\/\/guidetotheazores.pt\/fr\/wp-json\/wp\/v2\/comments?post=23736"}],"wp:featuredmedia":[{"embeddable":true,"href":"https:\/\/guidetotheazores.pt\/fr\/wp-json\/wp\/v2\/media\/23737"}],"wp:attachment":[{"href":"https:\/\/guidetotheazores.pt\/fr\/wp-json\/wp\/v2\/media?parent=23736"}],"wp:term":[{"taxonomy":"product_brand","embeddable":true,"href":"https:\/\/guidetotheazores.pt\/fr\/wp-json\/wp\/v2\/product_brand?post=23736"},{"taxonomy":"product_cat","embeddable":true,"href":"https:\/\/guidetotheazores.pt\/fr\/wp-json\/wp\/v2\/product_cat?post=23736"},{"taxonomy":"product_tag","embeddable":true,"href":"https:\/\/guidetotheazores.pt\/fr\/wp-json\/wp\/v2\/product_tag?post=23736"}],"curies":[{"name":"wp","href":"https:\/\/api.w.org\/{rel}","templated":true}]}}