{"id":23910,"date":"2026-05-03T20:50:31","date_gmt":"2026-05-03T21:50:31","guid":{"rendered":"https:\/\/guidetotheazores.pt\/product\/visite-a-pied-des-vins-et-de-la-gastronomie-a-ponta-delgada-incl-diner\/"},"modified":"2026-05-03T20:50:31","modified_gmt":"2026-05-03T21:50:31","slug":"visite-a-pied-des-vins-et-de-la-gastronomie-a-ponta-delgada-incl-diner","status":"publish","type":"product","link":"https:\/\/guidetotheazores.pt\/fr\/produit\/visite-a-pied-des-vins-et-de-la-gastronomie-a-ponta-delgada-incl-diner\/","title":{"rendered":"Visite \u00e0 pied des vins et de la gastronomie \u00e0 Ponta Delgada, incl. D\u00eener"},"content":{"rendered":"<div class=\"subsection\" data-v-68eac83b=\"\">\n<div class=\"content-builder-markdown-view\" data-v-316d1a1e=\"\" data-v-68eac83b=\"\">\n<p>Explore Ponta Delgada lors d&rsquo;une visite \u00e0 pied d\u00e9contract\u00e9e de trois heures qui associe des vins a\u00e7oriens distinctifs \u00e0 des fruits de mer locaux, de la viande, des fromages artisanaux et des desserts.<\/p>\n<p>Men\u00e9e par un guide culinaire expert de Hungry Whales, l&rsquo;exp\u00e9rience combine des d\u00e9gustations, un d\u00eener et des histoires captivantes qui expliquent la culture et l&rsquo;histoire des \u00eeles en mati\u00e8re de boisson.<\/p>\n<p>Tu visiteras plusieurs lieux du centre-ville avant de terminer par un excellent d\u00eener d&rsquo;inspiration azorienne.<\/p>\n<\/div>\n<\/div>\n<div class=\"subsection\" data-v-68eac83b=\"\"><span class=\"fh-text fh-text--body-lg fh-text--bold block\" data-v-3872b9c5=\"\" data-v-68eac83b=\"\">Itin\u00e9raire<\/span><\/p>\n<div class=\"content-builder-markdown-view\" data-v-316d1a1e=\"\" data-v-68eac83b=\"\">\n<ol>\n<li>Rencontre ton guide au centre-ville et re\u00e7ois une vue d&rsquo;ensemble et des faits d&rsquo;introduction.<\/li>\n<li>Visite plusieurs lieux pour d\u00e9guster des vins et des aliments tout en apprenant leur importance culturelle.<\/li>\n<li>Profite d&rsquo;un d\u00eener complet accompagn\u00e9 de vins mettant en valeur la diversit\u00e9 culinaire des A\u00e7ores.<\/li>\n<li>Termine par un dessert maison, un vin fortifi\u00e9 et une photo de groupe.<\/li>\n<\/ol>\n<\/div>\n<\/div>\n<div class=\"subsection\" data-v-68eac83b=\"\"><span class=\"fh-text fh-text--body-lg fh-text--bold block\" data-v-3872b9c5=\"\" data-v-68eac83b=\"\">Points forts<\/span><\/p>\n<div class=\"content-builder-markdown-view\" data-v-316d1a1e=\"\" data-v-68eac83b=\"\">\n<ul>\n<li>Go\u00fbte des vins volcaniques et des aliments r\u00e9gionaux uniques et produits localement.<\/li>\n<li>Apprends d&rsquo;un guide expert les traditions et l&rsquo;histoire de la boisson a\u00e7orienne.<\/li>\n<li>Visite une s\u00e9lection de lieux authentiques du centre-ville.<\/li>\n<li>Des petits groupes pour une exp\u00e9rience personnalis\u00e9e et \u00e9ducative.<\/li>\n<\/ul>\n<\/div>\n<\/div>\n","protected":false},"excerpt":{"rendered":"<p>Explore Ponta Delgada lors d&rsquo;une visite \u00e0 pied d\u00e9contract\u00e9e de trois heures qui associe des vins a\u00e7oriens distinctifs \u00e0 des fruits de mer locaux, de la viande, des fromages artisanaux et des desserts.<\/p>\n<p><script src=\"https:\/\/fareharbor.com\/embeds\/script\/calendar\/hungrywhales\/items\/174919\/?asn=fhdn-eur&amp;asn-ref=guidetotheazores&amp;ref=guidetotheazores&amp;bookable-only=yes&amp;full-items=yes&amp;marketplace=yes&amp;flow=no&amp;branding=no\"><\/script><\/p>\n<p>Dur\u00e9e &#8211; 3 heures<br \/>\nPoint de rencontre Portas da Cidade &#8211; Pra\u00e7a Gon\u00e7alo Velho Cabral<br \/>\nAnnulations &#8211; Politique d&rsquo;annulation standard : 75% de remboursement pour les annulations effectu\u00e9es plus de 60 jours \u00e0 l&rsquo;avance. Remboursement de 50 % pour les annulations effectu\u00e9es plus de 15 jours \u00e0 l&rsquo;avance. Remboursement de 25 % pour les annulations effectu\u00e9es entre 3 et 14 jours \u00e0 l&rsquo;avance. Pas de remboursement dans les 72 heures.<br \/>\nAge &#8211; 12 &#8211; 99   <\/p>\n","protected":false},"featured_media":21649,"comment_status":"closed","ping_status":"closed","template":"","meta":{"_acf_changed":false},"product_brand":[],"product_cat":[19553,19549,19527,19486,19550],"product_tag":[19528],"class_list":{"0":"post-23910","1":"product","2":"type-product","3":"status-publish","4":"has-post-thumbnail","6":"product_cat-charcuterie-acorienne","7":"product_cat-nourriture-et-boissons","8":"product_cat-sao-miguel","9":"product_cat-toutes-les-iles","10":"product_cat-vins-des-acores","11":"product_tag-saomiguelisland","13":"first","14":"instock","15":"taxable","16":"shipping-taxable","17":"product-type-external"},"acf":[],"_links":{"self":[{"href":"https:\/\/guidetotheazores.pt\/fr\/wp-json\/wp\/v2\/product\/23910","targetHints":{"allow":["GET"]}}],"collection":[{"href":"https:\/\/guidetotheazores.pt\/fr\/wp-json\/wp\/v2\/product"}],"about":[{"href":"https:\/\/guidetotheazores.pt\/fr\/wp-json\/wp\/v2\/types\/product"}],"replies":[{"embeddable":true,"href":"https:\/\/guidetotheazores.pt\/fr\/wp-json\/wp\/v2\/comments?post=23910"}],"wp:featuredmedia":[{"embeddable":true,"href":"https:\/\/guidetotheazores.pt\/fr\/wp-json\/wp\/v2\/media\/21649"}],"wp:attachment":[{"href":"https:\/\/guidetotheazores.pt\/fr\/wp-json\/wp\/v2\/media?parent=23910"}],"wp:term":[{"taxonomy":"product_brand","embeddable":true,"href":"https:\/\/guidetotheazores.pt\/fr\/wp-json\/wp\/v2\/product_brand?post=23910"},{"taxonomy":"product_cat","embeddable":true,"href":"https:\/\/guidetotheazores.pt\/fr\/wp-json\/wp\/v2\/product_cat?post=23910"},{"taxonomy":"product_tag","embeddable":true,"href":"https:\/\/guidetotheazores.pt\/fr\/wp-json\/wp\/v2\/product_tag?post=23910"}],"curies":[{"name":"wp","href":"https:\/\/api.w.org\/{rel}","templated":true}]}}