{"id":23916,"date":"2026-05-02T08:50:53","date_gmt":"2026-05-02T09:50:53","guid":{"rendered":"https:\/\/guidetotheazores.pt\/product\/excursion-a-velo-dans-les-vignobles-de-pico\/"},"modified":"2026-05-02T08:50:53","modified_gmt":"2026-05-02T09:50:53","slug":"excursion-a-velo-dans-les-vignobles-de-pico","status":"publish","type":"product","link":"https:\/\/guidetotheazores.pt\/fr\/produit\/excursion-a-velo-dans-les-vignobles-de-pico\/","title":{"rendered":"Excursion \u00e0 v\u00e9lo dans les vignobles de Pico"},"content":{"rendered":"<p>D\u00e9couvre le charme unique de l&rsquo;\u00eele de Pico lors d&rsquo;une randonn\u00e9e \u00e0 v\u00e9lo inoubliable \u00e0 travers son paysage de vignobles class\u00e9 au patrimoine mondial de l&rsquo;UNESCO. Suis la c\u00f4te rocheuse et explore les villages pittoresques de maisons en pierre volcanique, les domaines viticoles et les vignobles luxuriants qui d\u00e9finissent la tradition viticole de l&rsquo;\u00eele. En chemin, impr\u00e8gne-toi des vues \u00e0 couper le souffle sur l&rsquo;Atlantique et plonge dans la riche histoire et la culture du patrimoine viticole embl\u00e9matique de Pico. Parfaite pour les aventuriers et les amateurs de vin, cette excursion est un voyage au c\u0153ur des tr\u00e9sors les plus c\u00e9l\u00e8bres de l&rsquo;\u00eele montagneuse.   <\/p>\n<p>Ce qui est inclus<br \/>\nGuide professionnel<br \/>\nV\u00e9lo Trek\u00ae et casque<br \/>\nGilet r\u00e9fl\u00e9chissant<br \/>\nCollation traditionnelle<br \/>\nAssurance accident personnelle<br \/>\nCe qui n&rsquo;est pas inclus<br \/>\nPrise en charge et retour sur demande et sous r\u00e9serve de disponibilit\u00e9<br \/>\nPoints forts<br \/>\nVillages traditionnels de la c\u00f4te<br \/>\nSites class\u00e9s au patrimoine de l&rsquo;UNESCO<br \/>\nVignobles, \u00e9tablissements vinicoles et distilleries<\/p>\n","protected":false},"excerpt":{"rendered":"<p>D\u00e9couvre le charme unique de l&rsquo;\u00eele de Pico lors d&rsquo;une randonn\u00e9e \u00e0 v\u00e9lo inoubliable \u00e0 travers son paysage de vignobles class\u00e9 au patrimoine mondial de l&rsquo;UNESCO. Suis la c\u00f4te rocheuse et explore les villages pittoresques de maisons en pierre volcanique, les domaines viticoles et les vignobles luxuriants qui d\u00e9finissent la tradition viticole de l&rsquo;\u00eele. En chemin, impr\u00e8gne-toi des vues \u00e0 couper le souffle sur l&rsquo;Atlantique et plonge dans la riche histoire et la culture du patrimoine viticole embl\u00e9matique de Pico. Parfaite pour les aventuriers et les amateurs de vin, cette excursion est un voyage au c\u0153ur des tr\u00e9sors les plus c\u00e9l\u00e8bres de l&rsquo;\u00eele montagneuse.   <\/p>\n<p>&nbsp;<\/p>\n<p><script src=\"https:\/\/fareharbor.com\/embeds\/script\/calendar\/tripixazores\/items\/614419\/?asn=fhdn-eur&amp;asn-ref=guidetotheazores&amp;ref=guidetotheazores&amp;bookable-only=yes&amp;full-items=yes&amp;marketplace=yes&amp;flow=no&amp;branding=no\"><\/script><\/p>\n<p>Dur\u00e9e &#8211; 3 heures<br \/>\nPoint de rencontre &#8211; Bureau Tripix des A\u00e7ores<br \/>\n\u00c2ge &#8211; 10+<\/p>\n","protected":false},"featured_media":21571,"comment_status":"closed","ping_status":"closed","template":"","meta":{"_acf_changed":false},"product_brand":[],"product_cat":[19484,19515,19486,19534],"product_tag":[19516],"class_list":{"0":"post-23916","1":"product","2":"type-product","3":"status-publish","4":"has-post-thumbnail","6":"product_cat-activites","7":"product_cat-pico","8":"product_cat-toutes-les-iles","9":"product_cat-velo","10":"product_tag-picoisland","12":"first","13":"instock","14":"taxable","15":"shipping-taxable","16":"product-type-external"},"acf":[],"_links":{"self":[{"href":"https:\/\/guidetotheazores.pt\/fr\/wp-json\/wp\/v2\/product\/23916","targetHints":{"allow":["GET"]}}],"collection":[{"href":"https:\/\/guidetotheazores.pt\/fr\/wp-json\/wp\/v2\/product"}],"about":[{"href":"https:\/\/guidetotheazores.pt\/fr\/wp-json\/wp\/v2\/types\/product"}],"replies":[{"embeddable":true,"href":"https:\/\/guidetotheazores.pt\/fr\/wp-json\/wp\/v2\/comments?post=23916"}],"wp:featuredmedia":[{"embeddable":true,"href":"https:\/\/guidetotheazores.pt\/fr\/wp-json\/wp\/v2\/media\/21571"}],"wp:attachment":[{"href":"https:\/\/guidetotheazores.pt\/fr\/wp-json\/wp\/v2\/media?parent=23916"}],"wp:term":[{"taxonomy":"product_brand","embeddable":true,"href":"https:\/\/guidetotheazores.pt\/fr\/wp-json\/wp\/v2\/product_brand?post=23916"},{"taxonomy":"product_cat","embeddable":true,"href":"https:\/\/guidetotheazores.pt\/fr\/wp-json\/wp\/v2\/product_cat?post=23916"},{"taxonomy":"product_tag","embeddable":true,"href":"https:\/\/guidetotheazores.pt\/fr\/wp-json\/wp\/v2\/product_tag?post=23916"}],"curies":[{"name":"wp","href":"https:\/\/api.w.org\/{rel}","templated":true}]}}