{"id":23918,"date":"2026-05-03T15:06:44","date_gmt":"2026-05-03T16:06:44","guid":{"rendered":"https:\/\/guidetotheazores.pt\/product\/experience-de-canyoning\/"},"modified":"2026-05-03T15:06:44","modified_gmt":"2026-05-03T16:06:44","slug":"experience-de-canyoning","status":"publish","type":"product","link":"https:\/\/guidetotheazores.pt\/fr\/produit\/experience-de-canyoning\/","title":{"rendered":"Exp\u00e9rience de canyoning"},"content":{"rendered":"<div class=\"subsection\" data-v-68eac83b=\"\">\n<div class=\"content-builder-markdown-view\" data-v-316d1a1e=\"\" data-v-68eac83b=\"\">\n<p>Plonge dans la nature lors d&rsquo;une visite guid\u00e9e de canyoning \u00e0 Ribeira Grande. Enfile ton \u00e9quipement de s\u00e9curit\u00e9 et ressens l&rsquo;exaltation de sauter, de faire de la tyrolienne et de descendre en rappel le long de magnifiques chutes d&rsquo;eau. <\/p>\n<\/div>\n<\/div>\n<div class=\"subsection\" data-v-68eac83b=\"\"><span class=\"fh-text fh-text--body-lg fh-text--bold block\" data-v-3872b9c5=\"\" data-v-68eac83b=\"\">Ce qui est inclus<\/span><\/p>\n<div class=\"content-builder-markdown-view\" data-v-316d1a1e=\"\" data-v-68eac83b=\"\">\n<p>Equipement de s\u00e9curit\u00e9 standard de haute qualit\u00e9, licences, assurance personnelle, guides qualifi\u00e9s exp\u00e9riment\u00e9s, service photo et vid\u00e9o.<\/p>\n<p>Equipement de s\u00e9curit\u00e9 : Combinaison et chaussettes en n\u00e9opr\u00e8ne, chaussures de canyoning, casque, harnais et \u00e9quipement de s\u00e9curit\u00e9 pour le groupe.<\/p>\n<p>Guides parlant anglais et portugais.<\/p>\n<\/div>\n<\/div>\n<div class=\"subsection\" data-v-68eac83b=\"\"><span class=\"fh-text fh-text--body-lg fh-text--bold block\" data-v-3872b9c5=\"\" data-v-68eac83b=\"\">Points forts<\/span><\/p>\n<div class=\"content-builder-markdown-view\" data-v-316d1a1e=\"\" data-v-68eac83b=\"\">\n<ul>\n<li>Il y a des zones o\u00f9 tu peux sentir la chaleur g\u00e9othermique, 3 chutes d&rsquo;eau avec 3 m\u00e9thodes diff\u00e9rentes : saut (facultatif), tyrolienne et rappel.<\/li>\n<\/ul>\n<\/div>\n<\/div>\n","protected":false},"excerpt":{"rendered":"<p>Plonge dans la nature lors d&rsquo;une visite guid\u00e9e de canyoning \u00e0 Ribeira Grande. Enfile ton \u00e9quipement de s\u00e9curit\u00e9 et ressens l&rsquo;exaltation de sauter, de faire de la tyrolienne et de descendre en rappel le long de magnifiques chutes d&rsquo;eau<br \/>\n&nbsp;<\/p>\n<p><script src=\"https:\/\/fareharbor.com\/embeds\/script\/calendar\/azoreanactiveblueberry\/items\/136092\/?asn=fhdn-eur&amp;asn-ref=guidetotheazores&amp;ref=guidetotheazores&amp;bookable-only=yes&amp;full-items=yes&amp;marketplace=yes&amp;flow=no&amp;branding=no\"><\/script><\/p>\n<p>Dur\u00e9e &#8211; 3 heures<br \/>\nPoint de rencontre &#8211; https:\/\/maps.app.goo.gl\/CsCTKzWBxcQWNSxQ7<br \/>\nAnnulations &#8211; 48h avant la date de l&rsquo;activit\u00e9<br \/>\n\u00c2ge &#8211; 6 &#8211; 75<br \/>\nAccessibilit\u00e9 &#8211; Non accessible aux poussettes et aux fauteuils roulants<\/p>\n","protected":false},"featured_media":21603,"comment_status":"closed","ping_status":"closed","template":"","meta":{"_acf_changed":false},"product_brand":[],"product_cat":[19484,19555,19527,19486],"product_tag":[],"class_list":{"0":"post-23918","1":"product","2":"type-product","3":"status-publish","4":"has-post-thumbnail","6":"product_cat-activites","7":"product_cat-canyoning","8":"product_cat-sao-miguel","9":"product_cat-toutes-les-iles","11":"first","12":"instock","13":"taxable","14":"shipping-taxable","15":"product-type-external"},"acf":[],"_links":{"self":[{"href":"https:\/\/guidetotheazores.pt\/fr\/wp-json\/wp\/v2\/product\/23918","targetHints":{"allow":["GET"]}}],"collection":[{"href":"https:\/\/guidetotheazores.pt\/fr\/wp-json\/wp\/v2\/product"}],"about":[{"href":"https:\/\/guidetotheazores.pt\/fr\/wp-json\/wp\/v2\/types\/product"}],"replies":[{"embeddable":true,"href":"https:\/\/guidetotheazores.pt\/fr\/wp-json\/wp\/v2\/comments?post=23918"}],"wp:featuredmedia":[{"embeddable":true,"href":"https:\/\/guidetotheazores.pt\/fr\/wp-json\/wp\/v2\/media\/21603"}],"wp:attachment":[{"href":"https:\/\/guidetotheazores.pt\/fr\/wp-json\/wp\/v2\/media?parent=23918"}],"wp:term":[{"taxonomy":"product_brand","embeddable":true,"href":"https:\/\/guidetotheazores.pt\/fr\/wp-json\/wp\/v2\/product_brand?post=23918"},{"taxonomy":"product_cat","embeddable":true,"href":"https:\/\/guidetotheazores.pt\/fr\/wp-json\/wp\/v2\/product_cat?post=23918"},{"taxonomy":"product_tag","embeddable":true,"href":"https:\/\/guidetotheazores.pt\/fr\/wp-json\/wp\/v2\/product_tag?post=23918"}],"curies":[{"name":"wp","href":"https:\/\/api.w.org\/{rel}","templated":true}]}}