{"id":23977,"date":"2024-02-06T15:53:20","date_gmt":"2024-02-06T16:53:20","guid":{"rendered":"https:\/\/guidetotheazores.pt\/product\/e-bike-tour-west-side-ile-de-terceira\/"},"modified":"2024-02-06T15:53:20","modified_gmt":"2024-02-06T16:53:20","slug":"e-bike-tour-west-side-ile-de-terceira","status":"publish","type":"product","link":"https:\/\/guidetotheazores.pt\/fr\/produit\/e-bike-tour-west-side-ile-de-terceira\/","title":{"rendered":"E-BIKE TOUR &#8211; West Side &#8211; \u00cele de Terceira"},"content":{"rendered":"<h1 style=\"border: 0px; margin: 0px 0px 0.55em; padding: 0px; font-size: 1.6em; line-height: 1.2; color: #1f2428; font-family: Roboto, -apple-system, BlinkMacSystemFont, 'Segoe UI', Oxygen, Ubuntu, Cantarell, 'Fira Sans', 'Droid Sans', 'Helvetica Neue', sans-serif;\">Pars \u00e0 l&rsquo;aventure et d\u00e9couvre la nature sur un v\u00e9lo \u00e9lectrique !<\/h1>\n<h2 style=\"border: 0px; margin: 1.3em 0px 0.55em; padding: 0px; font-size: 1.4em; line-height: 1.2; color: #1f2428; font-family: Roboto, -apple-system, BlinkMacSystemFont, 'Segoe UI', Oxygen, Ubuntu, Cantarell, 'Fira Sans', 'Droid Sans', 'Helvetica Neue', sans-serif;\">Dur\u00e9e<\/h2>\n<p style=\"border: 0px; margin: 0px 0px 1.1em; padding: 0px; color: #1f2428; font-family: Roboto, -apple-system, BlinkMacSystemFont, 'Segoe UI', Oxygen, Ubuntu, Cantarell, 'Fira Sans', 'Droid Sans', 'Helvetica Neue', sans-serif; font-size: 15px; letter-spacing: 0.13px;\">3H30 &#8211; 4H<\/p>\n<h2 style=\"border: 0px; margin: 1.3em 0px 0.55em; padding: 0px; font-size: 1.4em; line-height: 1.2; color: #1f2428; font-family: Roboto, -apple-system, BlinkMacSystemFont, 'Segoe UI', Oxygen, Ubuntu, Cantarell, 'Fira Sans', 'Droid Sans', 'Helvetica Neue', sans-serif;\">Niveau : Moyen\/Dur<\/h2>\n<h2 style=\"border: 0px; margin: 1.3em 0px 0.55em; padding: 0px; font-size: 1.4em; line-height: 1.2; color: #1f2428; font-family: Roboto, -apple-system, BlinkMacSystemFont, 'Segoe UI', Oxygen, Ubuntu, Cantarell, 'Fira Sans', 'Droid Sans', 'Helvetica Neue', sans-serif;\">\u00c0 propos de<\/h2>\n<p style=\"border: 0px; margin: 0px 0px 1.1em; padding: 0px; color: #1f2428; font-family: Roboto, -apple-system, BlinkMacSystemFont, 'Segoe UI', Oxygen, Ubuntu, Cantarell, 'Fira Sans', 'Droid Sans', 'Helvetica Neue', sans-serif; font-size: 15px; letter-spacing: 0.13px;\">Lors de ce tour, nous visitons tout le c\u0153ur de l&rsquo;\u00eele de Terceira en E-Bike, nous montons, nous descendons, et parcourons toute la nature situ\u00e9e sur le c\u00f4t\u00e9 ouest, en comptant aussi avec une d\u00e9gustation de fromage.<\/p>\n<h2 style=\"border: 0px; margin: 1.3em 0px 0.55em; padding: 0px; font-size: 1.4em; line-height: 1.2; color: #1f2428; font-family: Roboto, -apple-system, BlinkMacSystemFont, 'Segoe UI', Oxygen, Ubuntu, Cantarell, 'Fira Sans', 'Droid Sans', 'Helvetica Neue', sans-serif;\">Points forts<\/h2>\n<ul style=\"border: 0px; margin: 0px 0px 1.1em; padding: 0px; color: #1f2428; font-family: Roboto, -apple-system, BlinkMacSystemFont, 'Segoe UI', Oxygen, Ubuntu, Cantarell, 'Fira Sans', 'Droid Sans', 'Helvetica Neue', sans-serif; font-size: 15px; letter-spacing: 0.13px;\">\n<li style=\"border: 0px; margin: 0px 0px 0px 1.6em; padding: 0px;\">Sentiers hors route<\/li>\n<li style=\"border: 0px; margin: 0.275em 0px 0px 1.6em; padding: 0px;\">Visite de la fromagerie<\/li>\n<li style=\"border: 0px; margin: 0.275em 0px 0px 1.6em; padding: 0px;\">Imp\u00e9rios<\/li>\n<li style=\"border: 0px; margin: 0.275em 0px 0px 1.6em; padding: 0px;\">Les \u00e9glises<\/li>\n<li style=\"border: 0px; margin: 0.275em 0px 0px 1.6em; padding: 0px;\">Vues sur le c\u00f4t\u00e9 ouest de l&rsquo;\u00eele<\/li>\n<\/ul>\n<h2 style=\"border: 0px; margin: 1.3em 0px 0.55em; padding: 0px; font-size: 1.4em; line-height: 1.2; color: #1f2428; font-family: Roboto, -apple-system, BlinkMacSystemFont, 'Segoe UI', Oxygen, Ubuntu, Cantarell, 'Fira Sans', 'Droid Sans', 'Helvetica Neue', sans-serif;\">Comprend :<\/h2>\n<ul style=\"border: 0px; margin: 0px 0px 1.1em; padding: 0px; color: #1f2428; font-family: Roboto, -apple-system, BlinkMacSystemFont, 'Segoe UI', Oxygen, Ubuntu, Cantarell, 'Fira Sans', 'Droid Sans', 'Helvetica Neue', sans-serif; font-size: 15px; letter-spacing: 0.13px;\">\n<li style=\"border: 0px; margin: 0px 0px 0px 1.6em; padding: 0px;\">Guide touristique<\/li>\n<li style=\"border: 0px; margin: 0.275em 0px 0px 1.6em; padding: 0px;\">V\u00e9lo \u00e9lectrique<\/li>\n<li style=\"border: 0px; margin: 0.275em 0px 0px 1.6em; padding: 0px;\">Casque<\/li>\n<li style=\"border: 0px; margin: 0.275em 0px 0px 1.6em; padding: 0px;\">Assurance accidents corporels<\/li>\n<li style=\"border: 0px; margin: 0.275em 0px 0px 1.6em; padding: 0px;\">D\u00e9gustation de fromage<\/li>\n<li style=\"border: 0px; margin: 0.275em 0px 0px 1.6em; padding: 0px;\">Prise en charge et d\u00e9p\u00f4t \u00e0 Angra do Hero\u00edsmo<\/li>\n<\/ul>\n<h2 style=\"border: 0px; margin: 1.3em 0px 0.55em; padding: 0px; font-size: 1.4em; line-height: 1.2; color: #1f2428; font-family: Roboto, -apple-system, BlinkMacSystemFont, 'Segoe UI', Oxygen, Ubuntu, Cantarell, 'Fira Sans', 'Droid Sans', 'Helvetica Neue', sans-serif;\">Point de rencontre :<\/h2>\n<ul style=\"border: 0px; margin: 0px 0px 1.1em; padding: 0px; color: #1f2428; font-family: Roboto, -apple-system, BlinkMacSystemFont, 'Segoe UI', Oxygen, Ubuntu, Cantarell, 'Fira Sans', 'Droid Sans', 'Helvetica Neue', sans-serif; font-size: 15px; letter-spacing: 0.13px;\">\n<li style=\"border: 0px; margin: 0px 0px 0px 1.6em; padding: 0px;\">Notre bureau \u00e0 Angra do Hero\u00edsmo<\/li>\n<\/ul>\n<p style=\"border: 0px; margin: 0px; padding: 0px; color: #1f2428; font-family: Roboto, -apple-system, BlinkMacSystemFont, 'Segoe UI', Oxygen, Ubuntu, Cantarell, 'Fira Sans', 'Droid Sans', 'Helvetica Neue', sans-serif; font-size: 15px; letter-spacing: 0.13px;\"><span style=\"font-weight: 900;\">Cette activit\u00e9 n&rsquo;est pas recommand\u00e9e pour les enfants de moins de 12 ans.<\/span><\/p>\n","protected":false},"excerpt":{"rendered":"<p>Excursion en E-bike \u00e0 la d\u00e9couverte de l&rsquo;ouest de l&rsquo;\u00eele de Terceira avec d\u00e9gustation de fromages et vues panoramiques.<\/p>\n","protected":false},"featured_media":23978,"comment_status":"open","ping_status":"closed","template":"","meta":{"_acf_changed":false},"product_brand":[],"product_cat":[19484,19497,19486,19534,19500],"product_tag":[19498],"class_list":{"0":"post-23977","1":"product","2":"type-product","3":"status-publish","4":"has-post-thumbnail","6":"product_cat-activites","7":"product_cat-terceira","8":"product_cat-toutes-les-iles","9":"product_cat-velo","10":"product_cat-visites-guidees","11":"product_tag-terceiraisland","13":"first","14":"instock","15":"sold-individually","16":"taxable","17":"shipping-taxable","18":"purchasable","19":"product-type-phive_booking"},"acf":[],"_links":{"self":[{"href":"https:\/\/guidetotheazores.pt\/fr\/wp-json\/wp\/v2\/product\/23977","targetHints":{"allow":["GET"]}}],"collection":[{"href":"https:\/\/guidetotheazores.pt\/fr\/wp-json\/wp\/v2\/product"}],"about":[{"href":"https:\/\/guidetotheazores.pt\/fr\/wp-json\/wp\/v2\/types\/product"}],"replies":[{"embeddable":true,"href":"https:\/\/guidetotheazores.pt\/fr\/wp-json\/wp\/v2\/comments?post=23977"}],"wp:featuredmedia":[{"embeddable":true,"href":"https:\/\/guidetotheazores.pt\/fr\/wp-json\/wp\/v2\/media\/23978"}],"wp:attachment":[{"href":"https:\/\/guidetotheazores.pt\/fr\/wp-json\/wp\/v2\/media?parent=23977"}],"wp:term":[{"taxonomy":"product_brand","embeddable":true,"href":"https:\/\/guidetotheazores.pt\/fr\/wp-json\/wp\/v2\/product_brand?post=23977"},{"taxonomy":"product_cat","embeddable":true,"href":"https:\/\/guidetotheazores.pt\/fr\/wp-json\/wp\/v2\/product_cat?post=23977"},{"taxonomy":"product_tag","embeddable":true,"href":"https:\/\/guidetotheazores.pt\/fr\/wp-json\/wp\/v2\/product_tag?post=23977"}],"curies":[{"name":"wp","href":"https:\/\/api.w.org\/{rel}","templated":true}]}}