{"id":23998,"date":"2026-05-05T08:41:49","date_gmt":"2026-05-05T09:41:49","guid":{"rendered":"https:\/\/guidetotheazores.pt\/product\/excursion-dune-journee-sur-une-ile-privee-faial\/"},"modified":"2026-05-05T08:41:49","modified_gmt":"2026-05-05T09:41:49","slug":"excursion-dune-journee-sur-une-ile-privee-faial","status":"publish","type":"product","link":"https:\/\/guidetotheazores.pt\/fr\/produit\/excursion-dune-journee-sur-une-ile-privee-faial\/","title":{"rendered":"Excursion d&rsquo;une journ\u00e9e sur une \u00eele priv\u00e9e &#8211; Faial"},"content":{"rendered":"<div class=\"subsection\" data-v-68eac83b=\"\">\n<div class=\"content-builder-markdown-view\" data-v-316d1a1e=\"\" data-v-68eac83b=\"\">\n<div class=\"subsection\" data-v-68eac83b=\"\">\n<div class=\"content-builder-markdown-view\" data-v-316d1a1e=\"\" data-v-68eac83b=\"\">\n<p><strong>Explore l&rsquo;\u00eele de Faial lors d&rsquo;une excursion priv\u00e9e et flexible d&rsquo;une journ\u00e9e enti\u00e8re au d\u00e9part de Horta, que tu voyages en solo, en couple, en famille ou entre amis !<\/strong><\/p>\n<p>Bien que notre circuit soit pr\u00e9\u00e9tabli, il est toujours possible de d\u00e9cider de la direction du voyage dans le temps imparti, et d&rsquo;effectuer les arr\u00eats que tu souhaites.<\/p>\n<p>Nous roulons sur les routes normales ainsi que sur des chemins moins connus et des raccourcis vers les points forts de l&rsquo;\u00eele.<\/p>\n<p>Visite la r\u00e9serve naturelle de Caldeira encadr\u00e9e d&rsquo;hortensias bleus, profite des vues panoramiques depuis la Ribeira das Cabras et la Serra de Feteira, et savoure un d\u00e9jeuner fait maison au Campo dos Sabores.<\/p>\n<p>Dans l&rsquo;apr\u00e8s-midi, descends \u00e0 la Faj\u00e3 \u00e0 Praia do Norte pour voir les petites maisons en pierre et les adegas locales, puis d\u00e9couvre le terrain dramatique et lunaire du volcan Capelinhos et son centre d&rsquo;interpr\u00e9tation.<\/p>\n<p>La visite se termine par des vues c\u00f4ti\u00e8res \u00e0 Varadouro et au Monte da Guia \u00e0 Horta.<\/p>\n<\/div>\n<\/div>\n<div class=\"subsection\" data-v-68eac83b=\"\">\n<p><span class=\"fh-text fh-text--body-lg fh-text--bold block\" data-v-3872b9c5=\"\" data-v-68eac83b=\"\">Itin\u00e9raire<\/span><\/p>\n<div class=\"content-builder-markdown-view\" data-v-316d1a1e=\"\" data-v-68eac83b=\"\">\n<ol>\n<li>D\u00e9part de Horta et route vers la r\u00e9serve naturelle de Caldeira, entour\u00e9e d&rsquo;hortensias bleus.<\/li>\n<li>Continue jusqu&rsquo;au point de vue de Ribeira das Cabras et \u00e0 la Serra de Feteira.<\/li>\n<li>Arr\u00eate-toi pour un d\u00e9jeuner fait maison au Campo dos Sabores.<\/li>\n<li>Descends \u00e0 la Faj\u00e3 \u00e0 Praia do Norte pour voir la petite plage et les adegas en pierre.<\/li>\n<li>Visite le volcan Capelinhos et le centre d&rsquo;interpr\u00e9tation du volcan Capelinhos.<\/li>\n<li>Arr\u00eat rapide \u00e0 Varadouro pour voir le Morro de Castelo Branco.<\/li>\n<li>Retourne \u00e0 Horta et termine au Monte da Guia avec des vues sur la ville et la baie de Porto Pim.<\/li>\n<\/ol>\n<p>Note que l&rsquo;itin\u00e9raire de la visite peut subir de petites modifications en fonction des conditions m\u00e9t\u00e9orologiques, ces ajustements sont effectu\u00e9s afin de fournir le meilleur service possible au client.<\/p>\n<\/div>\n<\/div>\n<div class=\"subsection\" data-v-68eac83b=\"\">\n<p><span class=\"fh-text fh-text--body-lg fh-text--bold block\" data-v-3872b9c5=\"\" data-v-68eac83b=\"\">Points forts<\/span><\/p>\n<div class=\"content-builder-markdown-view\" data-v-316d1a1e=\"\" data-v-68eac83b=\"\">\n<ul>\n<li>Itin\u00e9raire priv\u00e9 et flexible d&rsquo;une journ\u00e9e enti\u00e8re, adapt\u00e9 \u00e0 tes pr\u00e9f\u00e9rences.<\/li>\n<li>Vois la Caldeira de Faial entour\u00e9e d&rsquo;hortensias bleus embl\u00e9matiques.<\/li>\n<li>Visite le volcan le plus r\u00e9cent d&rsquo;Europe et son paysage dramatique aux allures lunaires.<\/li>\n<li>Fais l&rsquo;exp\u00e9rience de la culture locale avec un d\u00e9jeuner fait maison et des adegas traditionnelles.<\/li>\n<li>Profite des arr\u00eats panoramiques de la c\u00f4te et des points de vue, y compris le Monte da Guia.<\/li>\n<li>Guide bien inform\u00e9 et passionn\u00e9<\/li>\n<li>Guide professionnel et responsable<\/li>\n<\/ul>\n<\/div>\n<\/div>\n<\/div>\n<\/div>\n","protected":false},"excerpt":{"rendered":"<p>Explore l&rsquo;\u00eele de Faial lors d&rsquo;une excursion priv\u00e9e et flexible d&rsquo;une journ\u00e9e enti\u00e8re au d\u00e9part de Horta, que tu voyages en solo, en couple, en famille ou entre amis !<\/p>\n<p>Bien que notre circuit soit pr\u00e9\u00e9tabli, il est toujours possible de d\u00e9cider de la direction du voyage dans le temps imparti, et d&rsquo;effectuer les arr\u00eats que tu souhaites.<\/p>\n<p>&nbsp;<\/p>\n<p><script src=\"https:\/\/fareharbor.com\/embeds\/script\/calendar\/azores-experiences\/items\/450674\/?asn=fhdn-eur&amp;asn-ref=guidetotheazores&amp;ref=guidetotheazores&amp;bookable-only=yes&amp;full-items=yes&amp;marketplace=yes&amp;flow=no&amp;branding=no\"><\/script><br \/>\nDur\u00e9e : 7 heures<br \/>\nPoint de rencontre : Ton h\u00e9bergement \u00e0 Horta \/\/ Terminal de ferry \/\/ A\u00e9roport \/\/ Notre base !<br \/>\nAnnulations : les annulations doivent \u00eatre notifi\u00e9es par \u00e9crit (email ou WhatsApp). Remboursements : 7+ jours : 100%, 4-6 jours : 50%, jusqu&rsquo;\u00e0 72h : 0%. Les personnes qui ne se pr\u00e9sentent pas en raison de l&rsquo;annulation ou du retard d&rsquo;un vol ou d&rsquo;un bateau de croisi\u00e8re peuvent avoir droit \u00e0 un remboursement conform\u00e9ment \u00e0 cette politique.<br \/>\nAge : 99 &lsquo;et moins&rsquo;  <\/p>\n","protected":false},"featured_media":24000,"comment_status":"closed","ping_status":"closed","template":"","meta":{"_acf_changed":false},"product_brand":[],"product_cat":[19484,19487,19486,19500],"product_tag":[19488],"class_list":{"0":"post-23998","1":"product","2":"type-product","3":"status-publish","4":"has-post-thumbnail","6":"product_cat-activites","7":"product_cat-faial","8":"product_cat-toutes-les-iles","9":"product_cat-visites-guidees","10":"product_tag-faialisland","12":"first","13":"instock","14":"taxable","15":"shipping-taxable","16":"product-type-external"},"acf":[],"_links":{"self":[{"href":"https:\/\/guidetotheazores.pt\/fr\/wp-json\/wp\/v2\/product\/23998","targetHints":{"allow":["GET"]}}],"collection":[{"href":"https:\/\/guidetotheazores.pt\/fr\/wp-json\/wp\/v2\/product"}],"about":[{"href":"https:\/\/guidetotheazores.pt\/fr\/wp-json\/wp\/v2\/types\/product"}],"replies":[{"embeddable":true,"href":"https:\/\/guidetotheazores.pt\/fr\/wp-json\/wp\/v2\/comments?post=23998"}],"wp:featuredmedia":[{"embeddable":true,"href":"https:\/\/guidetotheazores.pt\/fr\/wp-json\/wp\/v2\/media\/24000"}],"wp:attachment":[{"href":"https:\/\/guidetotheazores.pt\/fr\/wp-json\/wp\/v2\/media?parent=23998"}],"wp:term":[{"taxonomy":"product_brand","embeddable":true,"href":"https:\/\/guidetotheazores.pt\/fr\/wp-json\/wp\/v2\/product_brand?post=23998"},{"taxonomy":"product_cat","embeddable":true,"href":"https:\/\/guidetotheazores.pt\/fr\/wp-json\/wp\/v2\/product_cat?post=23998"},{"taxonomy":"product_tag","embeddable":true,"href":"https:\/\/guidetotheazores.pt\/fr\/wp-json\/wp\/v2\/product_tag?post=23998"}],"curies":[{"name":"wp","href":"https:\/\/api.w.org\/{rel}","templated":true}]}}