{"id":24006,"date":"2024-02-23T13:40:03","date_gmt":"2024-02-23T14:40:03","guid":{"rendered":"https:\/\/guidetotheazores.pt\/product\/excursion-dune-journee-sur-lile-faial\/"},"modified":"2024-02-23T13:40:03","modified_gmt":"2024-02-23T14:40:03","slug":"excursion-dune-journee-sur-lile-faial","status":"publish","type":"product","link":"https:\/\/guidetotheazores.pt\/fr\/produit\/excursion-dune-journee-sur-lile-faial\/","title":{"rendered":"Excursion d&rsquo;une journ\u00e9e sur l&rsquo;\u00eele &#8211; Faial"},"content":{"rendered":"<div class=\"subsection\" data-v-68eac83b=\"\">\n<div class=\"content-builder-markdown-view\" data-v-316d1a1e=\"\" data-v-68eac83b=\"\">\n<p><strong>Explore les paysages vari\u00e9s de Faial lors d&rsquo;une visite guid\u00e9e en voiture d&rsquo;une journ\u00e9e enti\u00e8re qui emprunte les routes principales et des sentiers moins connus.<\/strong><\/p>\n<p>Visite la r\u00e9serve naturelle de Caldeira encadr\u00e9e d&rsquo;hortensias bleus, profite des vues panoramiques depuis la Ribeira das Cabras et la Serra de Feteira, et savoure un d\u00e9jeuner de style maison au Campo dos Sabores.<\/p>\n<p>L&rsquo;apr\u00e8s-midi, tu descendras \u00e0 la Faj\u00e3 \u00e0 Praia do Norte pour voir les petites maisons en pierre et les adegas locales, puis tu d\u00e9couvriras le terrain spectaculaire et lunaire du volcan Capelinhos et son centre d&rsquo;interpr\u00e9tation.<\/p>\n<p>L&rsquo;excursion se termine par des vues de la c\u00f4te \u00e0 Varadouro et au Monte da Guia \u00e0 Horta.<\/p>\n<\/div>\n<\/div>\n<div class=\"subsection\" data-v-68eac83b=\"\"><span class=\"fh-text fh-text--body-lg fh-text--bold block\" data-v-3872b9c5=\"\" data-v-68eac83b=\"\">Itin\u00e9raire<\/span><\/p>\n<div class=\"content-builder-markdown-view\" data-v-316d1a1e=\"\" data-v-68eac83b=\"\">\n<ol>\n<li>D\u00e9part de Horta et route vers la r\u00e9serve naturelle de Caldeira, entour\u00e9e d&rsquo;hortensias bleus.<\/li>\n<li>Continue jusqu&rsquo;au point de vue de Ribeira das Cabras et \u00e0 la Serra de Feteira.<\/li>\n<li>Arr\u00eate-toi pour un d\u00e9jeuner fait maison au Campo dos Sabores.<\/li>\n<li>Descends \u00e0 la Faj\u00e3 \u00e0 Praia do Norte pour voir la petite plage et les adegas en pierre.<\/li>\n<li>Visite le volcan Capelinhos et le centre d&rsquo;interpr\u00e9tation du volcan Capelinhos.<\/li>\n<li>Arr\u00eat rapide \u00e0 Varadouro pour voir le Morro de Castelo Branco.<\/li>\n<li>Retourne \u00e0 Horta et termine au Monte da Guia avec des vues sur la ville et la baie de Porto Pim.<\/li>\n<\/ol>\n<p>Note que l&rsquo;itin\u00e9raire de la visite peut subir de petites modifications en fonction des conditions m\u00e9t\u00e9orologiques, ces ajustements sont effectu\u00e9s afin de fournir le meilleur service possible au client.<\/p>\n<\/div>\n<\/div>\n<div class=\"subsection\" data-v-68eac83b=\"\"><span class=\"fh-text fh-text--body-lg fh-text--bold block\" data-v-3872b9c5=\"\" data-v-68eac83b=\"\">Points forts<\/span><\/p>\n<div class=\"content-builder-markdown-view\" data-v-316d1a1e=\"\" data-v-68eac83b=\"\">\n<ul>\n<li>Vois la Caldeira de Faial entour\u00e9e d&rsquo;hortensias bleus embl\u00e9matiques.<\/li>\n<li>Visite le volcan le plus r\u00e9cent d&rsquo;Europe et son paysage dramatique aux allures lunaires.<\/li>\n<li>Fais l&rsquo;exp\u00e9rience de la culture locale avec un d\u00e9jeuner fait maison et des adegas traditionnelles.<\/li>\n<li>Profite des arr\u00eats panoramiques de la c\u00f4te et des points de vue, y compris le Monte da Guia.<\/li>\n<li>Guide bien inform\u00e9 et passionn\u00e9<\/li>\n<li>Guide professionnel et responsable<\/li>\n<\/ul>\n<\/div>\n<\/div>\n","protected":false},"excerpt":{"rendered":"<p>Explore les paysages vari\u00e9s de Faial lors d&rsquo;une visite guid\u00e9e en voiture d&rsquo;une journ\u00e9e enti\u00e8re qui emprunte des routes principales et des chemins moins connus.<\/p>\n<p>&nbsp;<\/p>\n<p><script src=\"https:\/\/fareharbor.com\/embeds\/script\/calendar\/azores-experiences\/items\/446761\/?asn=fhdn-eur&amp;asn-ref=guidetotheazores&amp;ref=guidetotheazores&amp;bookable-only=yes&amp;full-items=yes&amp;marketplace=yes&amp;flow=no&amp;branding=no\"><\/script><\/p>\n<div class=\"flex items-start gap-4 mb-4 last:mb-0\" data-v-68eac83b=\"\">\n<div class=\"min-w-0 flex-1\"><label class=\"fh-label\" data-v-671f692c=\"\"><span class=\"fh-text fh-text--body-md fh-text--medium fh-label-text\" data-v-3872b9c5=\"\" data-v-671f692c=\"\">Dur\u00e9e : <\/span><span class=\"fh-text fh-text--body-sm fh-text--regular fh-help-text\" data-v-3872b9c5=\"\" data-v-3553cfb6=\"\" data-v-671f692c=\"\">7-8 heures<\/span><\/label><\/div>\n<\/div>\n<div class=\"flex items-start gap-4 mb-4 last:mb-0\" data-v-68eac83b=\"\">\n<div class=\"mt-1 shrink-0\"><\/div>\n<div class=\"min-w-0 flex-1\"><label class=\"fh-label\" data-v-671f692c=\"\"><span class=\"fh-text fh-text--body-md fh-text--medium fh-label-text\" data-v-3872b9c5=\"\" data-v-671f692c=\"\">Point de rencontre : <\/span><span class=\"fh-text fh-text--body-sm fh-text--regular fh-help-text\" data-v-3872b9c5=\"\" data-v-3553cfb6=\"\" data-v-671f692c=\"\">Ton h\u00e9bergement \u00e0 Horta \/\/ Terminal des ferries \/\/ Notre base<\/span><\/label><\/div>\n<\/div>\n<div class=\"flex items-start gap-4 mb-4 last:mb-0\" data-v-68eac83b=\"\">\n<div class=\"mt-1 shrink-0\"><\/div>\n<div class=\"min-w-0 flex-1\"><label class=\"fh-label\" data-v-671f692c=\"\"><span class=\"fh-text fh-text--body-md fh-text--medium fh-label-text\" data-v-3872b9c5=\"\" data-v-671f692c=\"\">Annulations : c<\/span><span class=\"fh-text fh-text--body-sm fh-text--regular fh-help-text\" data-v-3872b9c5=\"\" data-v-3553cfb6=\"\" data-v-671f692c=\"\">Les annulations doivent \u00eatre notifi\u00e9es par \u00e9crit (courriel ou WhatsApp). Remboursements : 7+ jours : 100%, 4-6 jours : 50%, jusqu&rsquo;\u00e0 72h : 0%. Les non-pr\u00e9sentations dues \u00e0 des vols ou des bateaux de croisi\u00e8re annul\u00e9s ou retard\u00e9s peuvent donner droit \u00e0 un remboursement conform\u00e9ment \u00e0 cette politique.  <\/span><\/label><\/div>\n<\/div>\n<div class=\"flex items-start gap-4 mb-4 last:mb-0\" data-v-68eac83b=\"\">\n<div class=\"mt-1 shrink-0\"><\/div>\n<div class=\"min-w-0 flex-1\"><label class=\"fh-label\" data-v-671f692c=\"\"><span class=\"fh-text fh-text--body-md fh-text--medium fh-label-text\" data-v-3872b9c5=\"\" data-v-671f692c=\"\">\u00c2ge : <\/span><span class=\"fh-text fh-text--body-sm fh-text--regular fh-help-text\" data-v-3872b9c5=\"\" data-v-3553cfb6=\"\" data-v-671f692c=\"\">99 \u00ab\u00a0et moins<\/span><\/label><\/div>\n<\/div>\n","protected":false},"featured_media":24000,"comment_status":"closed","ping_status":"closed","template":"","meta":{"_acf_changed":false},"product_brand":[],"product_cat":[19484,19487,19486,19500],"product_tag":[19488],"class_list":{"0":"post-24006","1":"product","2":"type-product","3":"status-publish","4":"has-post-thumbnail","6":"product_cat-activites","7":"product_cat-faial","8":"product_cat-toutes-les-iles","9":"product_cat-visites-guidees","10":"product_tag-faialisland","12":"first","13":"instock","14":"taxable","15":"shipping-taxable","16":"product-type-external"},"acf":[],"_links":{"self":[{"href":"https:\/\/guidetotheazores.pt\/fr\/wp-json\/wp\/v2\/product\/24006","targetHints":{"allow":["GET"]}}],"collection":[{"href":"https:\/\/guidetotheazores.pt\/fr\/wp-json\/wp\/v2\/product"}],"about":[{"href":"https:\/\/guidetotheazores.pt\/fr\/wp-json\/wp\/v2\/types\/product"}],"replies":[{"embeddable":true,"href":"https:\/\/guidetotheazores.pt\/fr\/wp-json\/wp\/v2\/comments?post=24006"}],"wp:featuredmedia":[{"embeddable":true,"href":"https:\/\/guidetotheazores.pt\/fr\/wp-json\/wp\/v2\/media\/24000"}],"wp:attachment":[{"href":"https:\/\/guidetotheazores.pt\/fr\/wp-json\/wp\/v2\/media?parent=24006"}],"wp:term":[{"taxonomy":"product_brand","embeddable":true,"href":"https:\/\/guidetotheazores.pt\/fr\/wp-json\/wp\/v2\/product_brand?post=24006"},{"taxonomy":"product_cat","embeddable":true,"href":"https:\/\/guidetotheazores.pt\/fr\/wp-json\/wp\/v2\/product_cat?post=24006"},{"taxonomy":"product_tag","embeddable":true,"href":"https:\/\/guidetotheazores.pt\/fr\/wp-json\/wp\/v2\/product_tag?post=24006"}],"curies":[{"name":"wp","href":"https:\/\/api.w.org\/{rel}","templated":true}]}}