{"id":24009,"date":"2024-02-23T14:11:08","date_gmt":"2024-02-23T15:11:08","guid":{"rendered":"https:\/\/guidetotheazores.pt\/product\/observation-des-baleines-location-de-bateau-prive\/"},"modified":"2024-02-23T14:11:08","modified_gmt":"2024-02-23T15:11:08","slug":"observation-des-baleines-location-de-bateau-prive","status":"publish","type":"product","link":"https:\/\/guidetotheazores.pt\/fr\/produit\/observation-des-baleines-location-de-bateau-prive\/","title":{"rendered":"Observation des baleines &#8211; Location de bateau priv\u00e9"},"content":{"rendered":"<div class=\"subsection\" data-v-68eac83b=\"\">\n<div class=\"content-builder-markdown-view\" data-v-316d1a1e=\"\" data-v-68eac83b=\"\">\n<p>Rejoins un \u00e9quipage local passionn\u00e9 pour une sortie priv\u00e9e en bateau d&rsquo;observation des baleines et des dauphins adapt\u00e9e \u00e0 ton groupe.<\/p>\n<p>Les d\u00e9parts ont lieu le matin et l&rsquo;apr\u00e8s-midi, les esp\u00e8ces r\u00e9sidentes telles que les cachalots \u00e9tant pr\u00e9sentes toute l&rsquo;ann\u00e9e et les autres observations variant selon la saison.<\/p>\n<p>Choisis la direction et les activit\u00e9s pendant ton temps \u00e0 bord, ce qui en fait une exp\u00e9rience flexible id\u00e9ale pour les familles ou les groupes plus importants qui souhaitent une rencontre personnalis\u00e9e avec la faune marine.<\/p>\n<\/div>\n<\/div>\n<div class=\"subsection\" data-v-68eac83b=\"\"><span class=\"fh-text fh-text--body-lg fh-text--bold block\" data-v-3872b9c5=\"\" data-v-68eac83b=\"\">Itin\u00e9raire<\/span><\/p>\n<div class=\"content-builder-markdown-view\" data-v-316d1a1e=\"\" data-v-68eac83b=\"\">\n<ol>\n<li>Enregistre-toi \u00e0 notre base et rencontre ton \u00e9quipe locale d\u00e9vou\u00e9e.<\/li>\n<li>Participe \u00e0 un briefing de bienvenue et familiarise-toi avec ton exp\u00e9rience priv\u00e9e.<\/li>\n<li>\u00c9quipe-toi de notre mat\u00e9riel imperm\u00e9able et de nos gilets de sauvetage pour plus de confort et de s\u00e9curit\u00e9.<\/li>\n<li>Briefing sur la s\u00e9curit\u00e9 \u00e0 bord pour garantir un voyage en douceur et en toute s\u00e9curit\u00e9.<\/li>\n<li>Embarque pour ton aventure priv\u00e9e d&rsquo;observation des baleines et des dauphins, en suivant le m\u00eame itin\u00e9raire que nos circuits partag\u00e9s, avec en plus la possibilit\u00e9 d&rsquo;adapter la direction, le rythme et les activit\u00e9s aux pr\u00e9f\u00e9rences de ton groupe.<\/li>\n<li>Apprends de nos guides et de notre skipper bien inform\u00e9s. N&rsquo;h\u00e9site pas \u00e0 poser des questions ! <\/li>\n<li>Retourne \u00e0 la base o\u00f9 tu recevras un accueil chaleureux de la part de notre \u00e9quipe de base.<\/li>\n<li>C&rsquo;est l&rsquo;occasion de porter un toast et de repartir avec ton certificat personnalis\u00e9 pour te souvenir de ta rencontre sur mesure avec la faune marine.<\/li>\n<\/ol>\n<\/div>\n<\/div>\n<div class=\"subsection\" data-v-68eac83b=\"\"><span class=\"fh-text fh-text--body-lg fh-text--bold block\" data-v-3872b9c5=\"\" data-v-68eac83b=\"\">Points forts<\/span><\/p>\n<div class=\"content-builder-markdown-view\" data-v-316d1a1e=\"\" data-v-68eac83b=\"\">\n<ul>\n<li>Visite priv\u00e9e et personnalisable pour ton groupe<\/li>\n<li>D\u00e9parts le matin et l&rsquo;apr\u00e8s-midi en fonction de ton emploi du temps.<\/li>\n<li>Fais l&rsquo;exp\u00e9rience de visites authentiques et passionn\u00e9es de la faune marine.<\/li>\n<li>Profite d&rsquo;une excursion en bateau amusante et divertissante<\/li>\n<li>B\u00e9n\u00e9ficie de guides et d&rsquo;un skipper professionnels et responsables.<\/li>\n<\/ul>\n<\/div>\n<\/div>\n","protected":false},"excerpt":{"rendered":"<p>Rejoins un \u00e9quipage local passionn\u00e9 pour une sortie priv\u00e9e en bateau d&rsquo;observation des baleines et des dauphins adapt\u00e9e \u00e0 ton groupe.<\/p>\n<p>Les d\u00e9parts ont lieu le matin et l&rsquo;apr\u00e8s-midi, les esp\u00e8ces r\u00e9sidentes telles que les cachalots sont pr\u00e9sentes toute l&rsquo;ann\u00e9e et les autres observations varient selon la saison.<\/p>\n<p>Choisis la direction et les activit\u00e9s pendant ton temps \u00e0 bord, ce qui en fait une exp\u00e9rience flexible id\u00e9ale pour les familles ou les groupes plus importants qui veulent une rencontre personnalis\u00e9e avec la faune marine.<\/p>\n<p><script src=\"https:\/\/fareharbor.com\/embeds\/script\/calendar\/azores-experiences\/items\/432738\/?asn=fhdn-eur&amp;asn-ref=guidetotheazores&amp;ref=guidetotheazores&amp;bookable-only=yes&amp;full-items=yes&amp;marketplace=yes&amp;flow=no&amp;branding=no\"><\/script><\/p>\n<div class=\"flex items-start gap-4 mb-4 last:mb-0\" data-v-68eac83b=\"\">\n<div class=\"min-w-0 flex-1\"><label class=\"fh-label\" data-v-671f692c=\"\"><span class=\"fh-text fh-text--body-md fh-text--medium fh-label-text\" data-v-3872b9c5=\"\" data-v-671f692c=\"\">Dur\u00e9e : <\/span><span class=\"fh-text fh-text--body-sm fh-text--regular fh-help-text\" data-v-3872b9c5=\"\" data-v-3553cfb6=\"\" data-v-671f692c=\"\">3-4 heures<\/span><\/label><\/div>\n<\/div>\n<div class=\"flex items-start gap-4 mb-4 last:mb-0\" data-v-68eac83b=\"\">\n<div class=\"mt-1 shrink-0\"><\/div>\n<div class=\"min-w-0 flex-1\"><label class=\"fh-label\" data-v-671f692c=\"\"><span class=\"fh-text fh-text--body-md fh-text--medium fh-label-text\" data-v-3872b9c5=\"\" data-v-671f692c=\"\">Point de rencontre : <\/span><span class=\"fh-text fh-text--body-sm fh-text--regular fh-help-text\" data-v-3872b9c5=\"\" data-v-3553cfb6=\"\" data-v-671f692c=\"\">Azores Experiences &#8211; Whale Watching &amp; Island Tours Base (B-1 Unit. Marina da Horta, Cais de Santa Cruz, 9900-038 Horta)<\/span><\/label><\/div>\n<\/div>\n<div class=\"flex items-start gap-4 mb-4 last:mb-0\" data-v-68eac83b=\"\">\n<div class=\"mt-1 shrink-0\"><\/div>\n<div class=\"min-w-0 flex-1\"><label class=\"fh-label\" data-v-671f692c=\"\"><span class=\"fh-text fh-text--body-md fh-text--medium fh-label-text\" data-v-3872b9c5=\"\" data-v-671f692c=\"\">Annulations : c<\/span><span class=\"fh-text fh-text--body-sm fh-text--regular fh-help-text\" data-v-3872b9c5=\"\" data-v-3553cfb6=\"\" data-v-671f692c=\"\">Les annulations doivent \u00eatre notifi\u00e9es par \u00e9crit (courriel ou WhatsApp). Remboursements : 7+ jours : 100%, 4-6 jours : 50%, jusqu&rsquo;\u00e0 72h : 0%. Les non-pr\u00e9sentations dues \u00e0 des vols ou des bateaux de croisi\u00e8re annul\u00e9s ou retard\u00e9s peuvent donner droit \u00e0 un remboursement conform\u00e9ment \u00e0 cette politique.  <\/span><\/label><\/div>\n<\/div>\n<div class=\"flex items-start gap-4 mb-4 last:mb-0\" data-v-68eac83b=\"\">\n<div class=\"mt-1 shrink-0\"><\/div>\n<div class=\"min-w-0 flex-1\"><label class=\"fh-label\" data-v-671f692c=\"\"><span class=\"fh-text fh-text--body-md fh-text--medium fh-label-text\" data-v-3872b9c5=\"\" data-v-671f692c=\"\">\u00c2ge : <\/span><span class=\"fh-text fh-text--body-sm fh-text--regular fh-help-text\" data-v-3872b9c5=\"\" data-v-3553cfb6=\"\" data-v-671f692c=\"\">99 \u00ab\u00a0et moins<\/span><\/label><\/div>\n<\/div>\n<div class=\"flex justify-between py-4 cursor-pointer\" data-v-c46ac7a2=\"\">\n<div class=\"heading-left\" data-v-c46ac7a2=\"\">\n<div class=\"fh-title fh-title--display-xl\" data-v-9d6554c3=\"\" data-v-c46ac7a2=\"\"><\/div>\n<\/div>\n<\/div>\n<div class=\"content pb-4\" data-v-c46ac7a2=\"\">\n<div class=\"subsection\" data-v-68eac83b=\"\">\n<div class=\"content-builder-markdown-view\" data-v-316d1a1e=\"\" data-v-68eac83b=\"\">\n<p>&nbsp;<\/p>\n<\/div>\n<\/div>\n<\/div>\n","protected":false},"featured_media":22012,"comment_status":"closed","ping_status":"closed","template":"","meta":{"_acf_changed":false},"product_brand":[],"product_cat":[19484,19487,19496,19486],"product_tag":[19488],"class_list":{"0":"post-24009","1":"product","2":"type-product","3":"status-publish","4":"has-post-thumbnail","6":"product_cat-activites","7":"product_cat-faial","8":"product_cat-observation-des-baleines","9":"product_cat-toutes-les-iles","10":"product_tag-faialisland","12":"first","13":"instock","14":"taxable","15":"shipping-taxable","16":"product-type-external"},"acf":[],"_links":{"self":[{"href":"https:\/\/guidetotheazores.pt\/fr\/wp-json\/wp\/v2\/product\/24009","targetHints":{"allow":["GET"]}}],"collection":[{"href":"https:\/\/guidetotheazores.pt\/fr\/wp-json\/wp\/v2\/product"}],"about":[{"href":"https:\/\/guidetotheazores.pt\/fr\/wp-json\/wp\/v2\/types\/product"}],"replies":[{"embeddable":true,"href":"https:\/\/guidetotheazores.pt\/fr\/wp-json\/wp\/v2\/comments?post=24009"}],"wp:featuredmedia":[{"embeddable":true,"href":"https:\/\/guidetotheazores.pt\/fr\/wp-json\/wp\/v2\/media\/22012"}],"wp:attachment":[{"href":"https:\/\/guidetotheazores.pt\/fr\/wp-json\/wp\/v2\/media?parent=24009"}],"wp:term":[{"taxonomy":"product_brand","embeddable":true,"href":"https:\/\/guidetotheazores.pt\/fr\/wp-json\/wp\/v2\/product_brand?post=24009"},{"taxonomy":"product_cat","embeddable":true,"href":"https:\/\/guidetotheazores.pt\/fr\/wp-json\/wp\/v2\/product_cat?post=24009"},{"taxonomy":"product_tag","embeddable":true,"href":"https:\/\/guidetotheazores.pt\/fr\/wp-json\/wp\/v2\/product_tag?post=24009"}],"curies":[{"name":"wp","href":"https:\/\/api.w.org\/{rel}","templated":true}]}}