{"id":24012,"date":"2024-02-20T09:51:11","date_gmt":"2024-02-20T10:51:11","guid":{"rendered":"https:\/\/guidetotheazores.pt\/product\/observation-des-baleines-a-faial\/"},"modified":"2024-02-20T09:51:11","modified_gmt":"2024-02-20T10:51:11","slug":"observation-des-baleines-a-faial","status":"publish","type":"product","link":"https:\/\/guidetotheazores.pt\/fr\/produit\/observation-des-baleines-a-faial\/","title":{"rendered":"Observation des baleines \u00e0 Faial"},"content":{"rendered":"<div class=\"subsection\" data-v-68eac83b=\"\">\n<div class=\"content-builder-markdown-view\" data-v-316d1a1e=\"\" data-v-68eac83b=\"\">\n<p>Pars de la marina de Horta et embarque pour une aventure inoubliable de 4 heures consacr\u00e9e \u00e0 l&rsquo;observation des baleines et des dauphins dans les eaux magnifiques qui entourent l&rsquo;\u00eele de Faial. Guid\u00e9s par une \u00e9quipe v\u00e9ritablement passionn\u00e9e par la vie marine, tu auras la chance d&rsquo;observer diverses esp\u00e8ces de baleines et de dauphins, notamment les cachalots r\u00e9sidents que l&rsquo;on peut voir tout au long de l&rsquo;ann\u00e9e. <\/p>\n<p>Les excursions sont disponibles le matin et l&rsquo;apr\u00e8s-midi, ce qui offre une certaine flexibilit\u00e9 pour ton emploi du temps. Tout au long de l&rsquo;exp\u00e9rience, tes guides partageront leur enthousiasme et leurs connaissances, en veillant \u00e0 ce que chaque invit\u00e9 ressente l&rsquo;excitation et l&rsquo;authenticit\u00e9 qui d\u00e9finissent ces excursions. Que tu sois un amoureux d\u00e9vou\u00e9 de la nature ou simplement curieux des merveilles de l&rsquo;oc\u00e9an, cette excursion est con\u00e7ue pour t&rsquo;inspirer et te ravir.  <\/p>\n<p>La s\u00e9curit\u00e9 et le confort sont prioritaires, avec des briefings professionnels, des \u00e9quipements imperm\u00e9ables et des gilets de sauvetage fournis. Profite du frisson que procure la recherche de ces magnifiques cr\u00e9atures dans leur habitat naturel et cr\u00e9e des souvenirs qui dureront toute une vie. <\/p>\n<\/div>\n<\/div>\n<div class=\"subsection\" data-v-68eac83b=\"\"><span class=\"fh-text fh-text--body-lg fh-text--bold block\" data-v-3872b9c5=\"\" data-v-68eac83b=\"\">Itin\u00e9raire<\/span><\/p>\n<div class=\"content-builder-markdown-view\" data-v-316d1a1e=\"\" data-v-68eac83b=\"\">\n<ol>\n<li>Enregistre-toi \u00e0 notre base.<\/li>\n<li>Assiste et participe \u00e0 notre briefing de bienvenue.<\/li>\n<li>\u00c9quipe-toi de notre mat\u00e9riel imperm\u00e9able et de nos gilets de sauvetage.<\/li>\n<li>Profite d&rsquo;un briefing complet sur la s\u00e9curit\u00e9 \u00e0 bord pour avoir l&rsquo;esprit tranquille.<\/li>\n<li>Pars pour une excursion inoubliable d&rsquo;observation des baleines et des dauphins.<\/li>\n<li>Apprends de nos guides et de notre skipper bien inform\u00e9s. Les questions sont toujours les bienvenues ! <\/li>\n<li>Re\u00e7ois un accueil chaleureux de la part de notre \u00e9quipe de base.<\/li>\n<li>C\u00e9l\u00e8bre l&rsquo;exp\u00e9rience en portant un toast et repars avec ton certificat personnalis\u00e9.<\/li>\n<\/ol>\n<\/div>\n<\/div>\n<div class=\"subsection\" data-v-68eac83b=\"\"><span class=\"fh-text fh-text--body-lg fh-text--bold block\" data-v-3872b9c5=\"\" data-v-68eac83b=\"\">Points forts<\/span><\/p>\n<div class=\"content-builder-markdown-view\" data-v-316d1a1e=\"\" data-v-68eac83b=\"\">\n<ul>\n<li>Fais l&rsquo;exp\u00e9rience de visites authentiques et passionn\u00e9es de la faune marine.<\/li>\n<li>Profite d&rsquo;une excursion en bateau amusante et divertissante<\/li>\n<li>B\u00e9n\u00e9ficie de guides et d&rsquo;un skipper professionnels et responsables.<\/li>\n<\/ul>\n<div class=\"flex justify-between py-4 cursor-pointer\" data-v-c46ac7a2=\"\">\n<div class=\"heading-left\" data-v-c46ac7a2=\"\">\n<div class=\"fh-title fh-title--display-xl\" data-v-9d6554c3=\"\" data-v-c46ac7a2=\"\"><\/div>\n<\/div>\n<\/div>\n<div class=\"content pb-4\" data-v-c46ac7a2=\"\">\n<div class=\"subsection\" data-v-68eac83b=\"\">\n<div class=\"content-builder-markdown-view\" data-v-316d1a1e=\"\" data-v-68eac83b=\"\">\n<p>&nbsp;<\/p>\n<\/div>\n<\/div>\n<\/div>\n<\/div>\n<\/div>\n","protected":false},"excerpt":{"rendered":"<p>Pars de la marina de Horta et embarque pour une aventure inoubliable de 4 heures consacr\u00e9e \u00e0 l&rsquo;observation des baleines et des dauphins dans les eaux magnifiques qui entourent l&rsquo;\u00eele de Faial. Guid\u00e9s par une \u00e9quipe v\u00e9ritablement passionn\u00e9e par la vie marine, tu auras la chance d&rsquo;observer diverses esp\u00e8ces de baleines et de dauphins, notamment les cachalots r\u00e9sidents que l&rsquo;on peut voir tout au long de l&rsquo;ann\u00e9e. <\/p>\n<p>&nbsp;<br \/>\n<script src=\"https:\/\/fareharbor.com\/embeds\/script\/calendar\/azores-experiences\/items\/432735\/?asn=fhdn-eur&amp;asn-ref=guidetotheazores&amp;ref=guidetotheazores&amp;bookable-only=yes&amp;full-items=yes&amp;marketplace=yes&amp;flow=no&amp;branding=no\"><\/script><\/p>\n<p>&nbsp;<\/p>\n<div class=\"flex items-start gap-4 mb-4 last:mb-0\" data-v-68eac83b=\"\">\n<div class=\"min-w-0 flex-1\"><label class=\"fh-label\" data-v-671f692c=\"\"><span class=\"fh-text fh-text--body-md fh-text--medium fh-label-text\" data-v-3872b9c5=\"\" data-v-671f692c=\"\">Dur\u00e9e : <\/span><span class=\"fh-text fh-text--body-sm fh-text--regular fh-help-text\" data-v-3872b9c5=\"\" data-v-3553cfb6=\"\" data-v-671f692c=\"\">3-4 heures<\/span><\/label><\/div>\n<\/div>\n<div class=\"flex items-start gap-4 mb-4 last:mb-0\" data-v-68eac83b=\"\">\n<div class=\"mt-1 shrink-0\"><\/div>\n<div class=\"min-w-0 flex-1\"><label class=\"fh-label\" data-v-671f692c=\"\"><span class=\"fh-text fh-text--body-md fh-text--medium fh-label-text\" data-v-3872b9c5=\"\" data-v-671f692c=\"\">Point de rencontre<\/span><span class=\"fh-text fh-text--body-sm fh-text--regular fh-help-text\" data-v-3872b9c5=\"\" data-v-3553cfb6=\"\" data-v-671f692c=\"\">Azores Experiences &#8211; Whale Watching &amp; Island Tours Base (B-1 Unit. Marina da Horta, Cais de Santa Cruz, 9900-038 Horta)<\/span><\/label><\/div>\n<\/div>\n<div class=\"flex items-start gap-4 mb-4 last:mb-0\" data-v-68eac83b=\"\">\n<div class=\"mt-1 shrink-0\"><\/div>\n<div class=\"min-w-0 flex-1\"><label class=\"fh-label\" data-v-671f692c=\"\"><span class=\"fh-text fh-text--body-md fh-text--medium fh-label-text\" data-v-3872b9c5=\"\" data-v-671f692c=\"\">Annulations : c<\/span><span class=\"fh-text fh-text--body-sm fh-text--regular fh-help-text\" data-v-3872b9c5=\"\" data-v-3553cfb6=\"\" data-v-671f692c=\"\">Les annulations doivent \u00eatre notifi\u00e9es par \u00e9crit (courriel ou WhatsApp). Remboursements : 7+ jours : 100%, 4-6 jours : 50%, jusqu&rsquo;\u00e0 72h : 0%.   <\/span><\/label><\/div>\n<div class=\"min-w-0 flex-1\"><label class=\"fh-label\" data-v-671f692c=\"\"><span class=\"fh-text fh-text--body-sm fh-text--regular fh-help-text\" data-v-3872b9c5=\"\" data-v-3553cfb6=\"\" data-v-671f692c=\"\">Les personnes qui ne se pr\u00e9sentent pas en raison d&rsquo;un vol ou d&rsquo;un bateau de croisi\u00e8re annul\u00e9 ou retard\u00e9 peuvent avoir droit \u00e0 un remboursement conform\u00e9ment \u00e0 cette politique.<\/span><\/label><\/div>\n<\/div>\n<div class=\"flex items-start gap-4 mb-4 last:mb-0\" data-v-68eac83b=\"\">\n<div><\/div>\n<div class=\"min-w-0 flex-1\"><label class=\"fh-label\" data-v-671f692c=\"\"><span class=\"fh-text fh-text--body-md fh-text--medium fh-label-text\" data-v-3872b9c5=\"\" data-v-671f692c=\"\">\u00c2ge : <\/span><span class=\"fh-text fh-text--body-sm fh-text--regular fh-help-text\" data-v-3872b9c5=\"\" data-v-3553cfb6=\"\" data-v-671f692c=\"\">99 \u00ab\u00a0et moins<\/span><\/label><\/div>\n<\/div>\n","protected":false},"featured_media":24018,"comment_status":"closed","ping_status":"closed","template":"","meta":{"_acf_changed":false},"product_brand":[],"product_cat":[19484,19487,19496,19486],"product_tag":[19488],"class_list":{"0":"post-24012","1":"product","2":"type-product","3":"status-publish","4":"has-post-thumbnail","6":"product_cat-activites","7":"product_cat-faial","8":"product_cat-observation-des-baleines","9":"product_cat-toutes-les-iles","10":"product_tag-faialisland","12":"first","13":"instock","14":"taxable","15":"shipping-taxable","16":"product-type-external"},"acf":[],"_links":{"self":[{"href":"https:\/\/guidetotheazores.pt\/fr\/wp-json\/wp\/v2\/product\/24012","targetHints":{"allow":["GET"]}}],"collection":[{"href":"https:\/\/guidetotheazores.pt\/fr\/wp-json\/wp\/v2\/product"}],"about":[{"href":"https:\/\/guidetotheazores.pt\/fr\/wp-json\/wp\/v2\/types\/product"}],"replies":[{"embeddable":true,"href":"https:\/\/guidetotheazores.pt\/fr\/wp-json\/wp\/v2\/comments?post=24012"}],"wp:featuredmedia":[{"embeddable":true,"href":"https:\/\/guidetotheazores.pt\/fr\/wp-json\/wp\/v2\/media\/24018"}],"wp:attachment":[{"href":"https:\/\/guidetotheazores.pt\/fr\/wp-json\/wp\/v2\/media?parent=24012"}],"wp:term":[{"taxonomy":"product_brand","embeddable":true,"href":"https:\/\/guidetotheazores.pt\/fr\/wp-json\/wp\/v2\/product_brand?post=24012"},{"taxonomy":"product_cat","embeddable":true,"href":"https:\/\/guidetotheazores.pt\/fr\/wp-json\/wp\/v2\/product_cat?post=24012"},{"taxonomy":"product_tag","embeddable":true,"href":"https:\/\/guidetotheazores.pt\/fr\/wp-json\/wp\/v2\/product_tag?post=24012"}],"curies":[{"name":"wp","href":"https:\/\/api.w.org\/{rel}","templated":true}]}}