{"id":24026,"date":"2026-05-05T20:37:14","date_gmt":"2026-05-05T21:37:14","guid":{"rendered":"https:\/\/guidetotheazores.pt\/product\/ascension-de-jour-du-mont-pico-2\/"},"modified":"2026-05-05T20:37:14","modified_gmt":"2026-05-05T21:37:14","slug":"ascension-de-jour-du-mont-pico-2","status":"publish","type":"product","link":"https:\/\/guidetotheazores.pt\/fr\/produit\/ascension-de-jour-du-mont-pico-2\/","title":{"rendered":"Ascension de jour du Mont Pico"},"content":{"rendered":"<div class=\"flex justify-between py-4 cursor-pointer\" data-v-c46ac7a2=\"\">\n<div class=\"heading-left\" data-v-c46ac7a2=\"\">\n<div class=\"fh-title fh-title--display-xl\" data-v-9d6554c3=\"\" data-v-c46ac7a2=\"\">\n<h1 class=\"fh-text fh-text--display-xl fh-text--medium\" data-v-3872b9c5=\"\" data-v-9d6554c3=\"\">D\u00e9tails de l&rsquo;activit\u00e9<\/h1>\n<\/div>\n<\/div>\n<div data-v-c46ac7a2=\"\">Pr\u00e9pare-toi \u00e0 embarquer pour une ascension \u00e0 couper le souffle jusqu&rsquo;au sommet du mont Pico, le point le plus \u00e9lev\u00e9 du Portugal. Commence ton voyage au lever du soleil, o\u00f9 la lumi\u00e8re dor\u00e9e met en valeur chaque \u00e9tape de cette aventure difficile et enrichissante. En chemin, profite de moments inoubliables en contact \u00e9troit avec la nature, tout en acqu\u00e9rant des connaissances fascinantes sur les origines volcaniques des A\u00e7ores et la biodiversit\u00e9 unique de cette montagne embl\u00e9matique. Avec les conseils d&rsquo;un guide certifi\u00e9 du mont Pico, ta s\u00e9curit\u00e9 et ton plaisir sont nos principales priorit\u00e9s, garantissant une exp\u00e9rience inoubliable et enrichissante sur le mont Pico.   <\/div>\n<\/div>\n<div class=\"content pb-4\" data-v-c46ac7a2=\"\">\n<div class=\"subsection\" data-v-68eac83b=\"\"><span class=\"fh-text fh-text--body-lg fh-text--bold block\" data-v-3872b9c5=\"\" data-v-68eac83b=\"\">Ce qui est inclus<\/span><\/p>\n<div class=\"content-builder-markdown-view\" data-v-316d1a1e=\"\" data-v-68eac83b=\"\">\n<ul>\n<li>Guide professionnel et certifi\u00e9 du Mont Pico<\/li>\n<li>Frais d&rsquo;acc\u00e8s \u00e0 la r\u00e9serve naturelle du mont Pico<\/li>\n<li>B\u00e2tons de randonn\u00e9e Quechua<\/li>\n<li>Crampons Climbing Technology\u00ae ou Yaktrax\u00ae (hiver)<\/li>\n<li>Manuel informatif Mont\u00e9e en puissance<\/li>\n<li>Assurance accidents corporels<\/li>\n<li>Certificat d&rsquo;aptitude \u00e0 l&rsquo;escalade<\/li>\n<\/ul>\n<\/div>\n<\/div>\n<div class=\"subsection\" data-v-68eac83b=\"\"><span class=\"fh-text fh-text--body-lg fh-text--bold block\" data-v-3872b9c5=\"\" data-v-68eac83b=\"\">Ce qui n&rsquo;est pas inclus<\/span><\/p>\n<div class=\"content-builder-markdown-view\" data-v-316d1a1e=\"\" data-v-68eac83b=\"\">\n<p>\u2716 Transfert du bureau Tripix \u00e0 Madalena &#8211; Mountain House &#8211; Bureau Tripix \u00e0 Madalena sur demande et sous r\u00e9serve de disponibilit\u00e9<br \/>\n\u2716 Cette activit\u00e9 ne comprend pas les repas &#8211; Lunch Box sur demande.<\/p>\n<\/div>\n<\/div>\n<div class=\"subsection\" data-v-68eac83b=\"\"><span class=\"fh-text fh-text--body-lg fh-text--bold block\" data-v-3872b9c5=\"\" data-v-68eac83b=\"\">Points forts<\/span><\/p>\n<div class=\"content-builder-markdown-view\" data-v-316d1a1e=\"\" data-v-68eac83b=\"\">\n<ul>\n<li>Activit\u00e9 d&rsquo;alpinisme<\/li>\n<li>Niveau de difficult\u00e9 moyen \u00e0 \u00e9lev\u00e9<\/li>\n<li>Altitude maximale : 2 351 mt\/7 713 ft<\/li>\n<li>Exp\u00e9rience en mati\u00e8re de tourisme actif et d&rsquo;aventure<\/li>\n<li>Aper\u00e7u de la volcanologie<\/li>\n<\/ul>\n<\/div>\n<\/div>\n<\/div>\n","protected":false},"excerpt":{"rendered":"<p>Pr\u00e9pare-toi \u00e0 embarquer pour une ascension \u00e0 couper le souffle jusqu&rsquo;au sommet du mont Pico, le point le plus \u00e9lev\u00e9 du Portugal. Commence ton voyage au lever du soleil, o\u00f9 la lumi\u00e8re dor\u00e9e met en valeur chaque \u00e9tape de cette aventure difficile et enrichissante. <\/p>\n<p>&nbsp;<\/p>\n<p><script src=\"https:\/\/fareharbor.com\/embeds\/script\/calendar\/tripixazores\/items\/614310\/?asn=fhdn-eur&amp;asn-ref=guidetotheazores&amp;ref=guidetotheazores&amp;bookable-only=yes&amp;full-items=yes&amp;marketplace=yes&amp;flow=no&amp;branding=no\"><\/script><\/p>\n<p>Dur\u00e9e &#8211; 7 \u00e0 9 heures<br \/>\nPoint de rencontre &#8211; Mountain House<br \/>\n\u00c2ge &#8211; 12+<\/p>\n","protected":false},"featured_media":23045,"comment_status":"closed","ping_status":"closed","template":"","meta":{"_acf_changed":false},"product_brand":[],"product_cat":[19484,19531,19515,19486],"product_tag":[19516],"class_list":{"0":"post-24026","1":"product","2":"type-product","3":"status-publish","4":"has-post-thumbnail","6":"product_cat-activites","7":"product_cat-hiking","8":"product_cat-pico","9":"product_cat-toutes-les-iles","10":"product_tag-picoisland","12":"first","13":"instock","14":"taxable","15":"shipping-taxable","16":"product-type-external"},"acf":[],"_links":{"self":[{"href":"https:\/\/guidetotheazores.pt\/fr\/wp-json\/wp\/v2\/product\/24026","targetHints":{"allow":["GET"]}}],"collection":[{"href":"https:\/\/guidetotheazores.pt\/fr\/wp-json\/wp\/v2\/product"}],"about":[{"href":"https:\/\/guidetotheazores.pt\/fr\/wp-json\/wp\/v2\/types\/product"}],"replies":[{"embeddable":true,"href":"https:\/\/guidetotheazores.pt\/fr\/wp-json\/wp\/v2\/comments?post=24026"}],"wp:featuredmedia":[{"embeddable":true,"href":"https:\/\/guidetotheazores.pt\/fr\/wp-json\/wp\/v2\/media\/23045"}],"wp:attachment":[{"href":"https:\/\/guidetotheazores.pt\/fr\/wp-json\/wp\/v2\/media?parent=24026"}],"wp:term":[{"taxonomy":"product_brand","embeddable":true,"href":"https:\/\/guidetotheazores.pt\/fr\/wp-json\/wp\/v2\/product_brand?post=24026"},{"taxonomy":"product_cat","embeddable":true,"href":"https:\/\/guidetotheazores.pt\/fr\/wp-json\/wp\/v2\/product_cat?post=24026"},{"taxonomy":"product_tag","embeddable":true,"href":"https:\/\/guidetotheazores.pt\/fr\/wp-json\/wp\/v2\/product_tag?post=24026"}],"curies":[{"name":"wp","href":"https:\/\/api.w.org\/{rel}","templated":true}]}}