{"id":24214,"date":"2026-05-07T06:51:43","date_gmt":"2026-05-07T07:51:43","guid":{"rendered":"https:\/\/guidetotheazores.pt\/product\/visite-a-pied-de-la-ville-de-ponta-delgada\/"},"modified":"2026-05-07T06:51:43","modified_gmt":"2026-05-07T07:51:43","slug":"visite-a-pied-de-la-ville-de-ponta-delgada","status":"publish","type":"product","link":"https:\/\/guidetotheazores.pt\/fr\/produit\/visite-a-pied-de-la-ville-de-ponta-delgada\/","title":{"rendered":"Visite \u00e0 pied de la ville de Ponta Delgada"},"content":{"rendered":"<div class=\"subsection\" data-v-68eac83b=\"\">\n<div class=\"content-builder-markdown-view\" data-v-316d1a1e=\"\" data-v-68eac83b=\"\">\n<p>Entre dans l&rsquo;histoire de notre ville. Cette visite \u00e0 pied intime t&#8217;emm\u00e8ne au-del\u00e0 des guides et dans les all\u00e9es pav\u00e9es et les coins historiques o\u00f9 vivent les l\u00e9gendes. Sous la conduite d&rsquo;un expert local, tu entendras les r\u00e9cits des si\u00e8cles pass\u00e9s, tu d\u00e9couvriras des merveilles architecturales cach\u00e9es \u00e0 la vue de tous et tu sentiras le pouls vibrant de la vie quotidienne. C&rsquo;est plus qu&rsquo;une visite, c&rsquo;est une connexion authentique avec l&rsquo;\u00e2me de la ville.   <\/p>\n<\/div>\n<\/div>\n<div class=\"subsection\" data-v-68eac83b=\"\"><span class=\"fh-text fh-text--body-lg fh-text--bold block\" data-v-3872b9c5=\"\" data-v-68eac83b=\"\">Ce qui est inclus<\/span><\/p>\n<div class=\"content-builder-markdown-view\" data-v-316d1a1e=\"\" data-v-68eac83b=\"\">\n<ul>\n<li>Guide touristique<\/li>\n<li>Assurance<\/li>\n<\/ul>\n<\/div>\n<\/div>\n<div class=\"subsection\" data-v-68eac83b=\"\"><span class=\"fh-text fh-text--body-lg fh-text--bold block\" data-v-3872b9c5=\"\" data-v-68eac83b=\"\">Ce qui n&rsquo;est pas inclus<\/span><\/p>\n<div class=\"content-builder-markdown-view\" data-v-316d1a1e=\"\" data-v-68eac83b=\"\">\n<ul>\n<li>Pourboires<\/li>\n<li>Repas, collations et boissons<\/li>\n<\/ul>\n<\/div>\n<\/div>\n<div class=\"subsection\" data-v-68eac83b=\"\"><span class=\"fh-text fh-text--body-lg fh-text--bold block\" data-v-3872b9c5=\"\" data-v-68eac83b=\"\">Itin\u00e9raire<\/span><\/p>\n<div class=\"content-builder-markdown-view\" data-v-316d1a1e=\"\" data-v-68eac83b=\"\">\n<ul>\n<li>Rendez-vous aux portes de la ville de Ponta Delgada. Cherche le guide touristique avec le T-shirt flowtours ou le drapeau avec le logo. <\/li>\n<\/ul>\n<\/div>\n<\/div>\n<div class=\"subsection\" data-v-68eac83b=\"\"><span class=\"fh-text fh-text--body-lg fh-text--bold block\" data-v-3872b9c5=\"\" data-v-68eac83b=\"\">Points forts<\/span><\/p>\n<div class=\"content-builder-markdown-view\" data-v-316d1a1e=\"\" data-v-68eac83b=\"\">\n<p>Guides locaux experts : D\u00e9couvre la ville \u00e0 travers les yeux de locaux passionn\u00e9s, partageant des histoires d&rsquo;initi\u00e9s et des joyaux cach\u00e9s que tu ne trouveras pas dans les guides.<\/p>\n<p>Sites embl\u00e9matiques et ruelles cach\u00e9es : D\u00e9couvre les sites incontournables, puis plonge dans des rues et des places charmantes et moins connues.<\/p>\n<p>Des r\u00e9cits immersifs : Va au-del\u00e0 des faits et des dates &#8211; \u00e9coute les r\u00e9cits captivants de l&rsquo;histoire, de la culture et des l\u00e9gendes de la ville.<\/p>\n<p>Parfait pour tous les rythmes : Profite d&rsquo;un rythme de marche d\u00e9tendu avec de nombreuses occasions de prendre des photos, de poser des questions et de s&rsquo;impr\u00e9gner de l&rsquo;atmosph\u00e8re.<\/p>\n<p>Exp\u00e9rience en petit groupe : B\u00e9n\u00e9ficie d&rsquo;une visite personnalis\u00e9e o\u00f9 tu peux facilement interagir avec ton guide et tes compagnons de voyage.<\/p>\n<p>Orientation et recommandations : Obtiens une fantastique vue d&rsquo;ensemble de la ville, ainsi que de pr\u00e9cieux conseils pour le reste de ton s\u00e9jour, qu&rsquo;il s&rsquo;agisse de manger ou d&rsquo;explorer davantage.<\/p>\n<\/div>\n<\/div>\n","protected":false},"excerpt":{"rendered":"<p>Entre dans l&rsquo;histoire de notre ville. Cette visite \u00e0 pied intime t&#8217;emm\u00e8ne au-del\u00e0 des guides et dans les all\u00e9es pav\u00e9es et les coins historiques o\u00f9 vivent les l\u00e9gendes. Sous la conduite d&rsquo;un expert local, tu entendras les r\u00e9cits des si\u00e8cles pass\u00e9s, tu d\u00e9couvriras des merveilles architecturales cach\u00e9es \u00e0 la vue de tous et tu sentiras le pouls vibrant de la vie quotidienne. C&rsquo;est plus qu&rsquo;une visite, c&rsquo;est une connexion authentique avec l&rsquo;\u00e2me de la ville.<br \/>\n&nbsp;<\/p>\n<p><script src=\"https:\/\/fareharbor.com\/embeds\/script\/calendar\/flowtours\/items\/645510\/?asn=fhdn-eur&amp;asn-ref=guidetotheazores&amp;ref=guidetotheazores&amp;bookable-only=yes&amp;full-items=yes&amp;marketplace=yes&amp;flow=no&amp;branding=no\"><\/script><\/p>\n<p>Dur\u00e9e &#8211; 3 heures<br \/>\nPoint de rencontre &#8211; Ponta Delgada City Gates<br \/>\nTaille du groupe &#8211; 20<\/p>\n","protected":false},"featured_media":24197,"comment_status":"closed","ping_status":"closed","template":"","meta":{"_acf_changed":false},"product_brand":[],"product_cat":[19484,19527,19486,19500],"product_tag":[19528],"class_list":{"0":"post-24214","1":"product","2":"type-product","3":"status-publish","4":"has-post-thumbnail","6":"product_cat-activites","7":"product_cat-sao-miguel","8":"product_cat-toutes-les-iles","9":"product_cat-visites-guidees","10":"product_tag-saomiguelisland","12":"first","13":"instock","14":"taxable","15":"shipping-taxable","16":"product-type-external"},"acf":[],"_links":{"self":[{"href":"https:\/\/guidetotheazores.pt\/fr\/wp-json\/wp\/v2\/product\/24214","targetHints":{"allow":["GET"]}}],"collection":[{"href":"https:\/\/guidetotheazores.pt\/fr\/wp-json\/wp\/v2\/product"}],"about":[{"href":"https:\/\/guidetotheazores.pt\/fr\/wp-json\/wp\/v2\/types\/product"}],"replies":[{"embeddable":true,"href":"https:\/\/guidetotheazores.pt\/fr\/wp-json\/wp\/v2\/comments?post=24214"}],"wp:featuredmedia":[{"embeddable":true,"href":"https:\/\/guidetotheazores.pt\/fr\/wp-json\/wp\/v2\/media\/24197"}],"wp:attachment":[{"href":"https:\/\/guidetotheazores.pt\/fr\/wp-json\/wp\/v2\/media?parent=24214"}],"wp:term":[{"taxonomy":"product_brand","embeddable":true,"href":"https:\/\/guidetotheazores.pt\/fr\/wp-json\/wp\/v2\/product_brand?post=24214"},{"taxonomy":"product_cat","embeddable":true,"href":"https:\/\/guidetotheazores.pt\/fr\/wp-json\/wp\/v2\/product_cat?post=24214"},{"taxonomy":"product_tag","embeddable":true,"href":"https:\/\/guidetotheazores.pt\/fr\/wp-json\/wp\/v2\/product_tag?post=24214"}],"curies":[{"name":"wp","href":"https:\/\/api.w.org\/{rel}","templated":true}]}}