{"id":24238,"date":"2026-05-07T07:05:10","date_gmt":"2026-05-07T08:05:10","guid":{"rendered":"https:\/\/guidetotheazores.pt\/product\/furnas-avec-dejeuner-inclus\/"},"modified":"2026-05-07T07:05:10","modified_gmt":"2026-05-07T08:05:10","slug":"furnas-avec-dejeuner-inclus","status":"publish","type":"product","link":"https:\/\/guidetotheazores.pt\/fr\/produit\/furnas-avec-dejeuner-inclus\/","title":{"rendered":"Furnas avec d\u00e9jeuner inclus"},"content":{"rendered":"<div class=\"flex justify-between py-4 cursor-pointer\" data-v-c46ac7a2=\"\">\n<div class=\"heading-left\" data-v-c46ac7a2=\"\">\n<div class=\"fh-title fh-title--display-xl\" data-v-9d6554c3=\"\" data-v-c46ac7a2=\"\">\n<h1 class=\"fh-text fh-text--display-xl fh-text--medium\" data-v-3872b9c5=\"\" data-v-9d6554c3=\"\">D\u00e9tails de l&rsquo;activit\u00e9<\/h1>\n<\/div>\n<\/div>\n<\/div>\n<div class=\"content pb-4\" data-v-c46ac7a2=\"\">\n<div class=\"subsection\" data-v-68eac83b=\"\">\n<div class=\"content-builder-markdown-view\" data-v-316d1a1e=\"\" data-v-68eac83b=\"\">\n<p>D\u00e9couvre la c\u00f4te sud de l&rsquo;\u00eele de Sao Miguel, en pr\u00e9sentant des paysages tels que l&rsquo;\u00eele de Vila Franca, (connue pour la plong\u00e9e Red Bull), go\u00fbte les c\u00e9l\u00e8bres g\u00e2teaux Queijadas da Vila, et fais une visite \u00e0 la chapelle de Nossa Sra da Paz.<\/p>\n<p>En te rapprochant du petit village de Furnas, tu pourras admirer la paisible Lagoa da Furnas, o\u00f9 tu pourras voir les vapeur largement reconnues, o\u00f9 les habitants pr\u00e9parent un repas connu sous le nom de Cozido das Furnas, qui sera servi aux clients.<\/p>\n<p>Prends un bon bain chaud en toute s\u00e9curit\u00e9 dans les c\u00e9l\u00e8bres sources d&rsquo;eau chaude de Furnas, en te d\u00e9tendant \u00e0 l&rsquo;int\u00e9rieur, entour\u00e9 d&rsquo;un paysage unique d&rsquo;un environnement reposant et naturel, qui \u00e0 son tour, remplira ton c\u0153ur de souvenirs des A\u00e7ores.<\/p>\n<\/div>\n<\/div>\n<div class=\"subsection\" data-v-68eac83b=\"\"><span class=\"fh-text fh-text--body-lg fh-text--bold block\" data-v-3872b9c5=\"\" data-v-68eac83b=\"\">Ce qui est inclus<\/span><\/p>\n<div class=\"content-builder-markdown-view\" data-v-316d1a1e=\"\" data-v-68eac83b=\"\">\n<ul>\n<li>Chauffeur passionn\u00e9 et prudent avec un guide local.<\/li>\n<li>Promenade guid\u00e9e dans la nature (adapt\u00e9e aux capacit\u00e9s des invit\u00e9s dans la camionnette).<\/li>\n<li>Assurance<\/li>\n<li>D\u00e9jeuner<\/li>\n<li>Prise en charge et d\u00e9p\u00f4t \u00e0 l&rsquo;int\u00e9rieur de la ville de Ponta Delgada.<\/li>\n<\/ul>\n<\/div>\n<\/div>\n<div class=\"subsection\" data-v-68eac83b=\"\"><span class=\"fh-text fh-text--body-lg fh-text--bold block\" data-v-3872b9c5=\"\" data-v-68eac83b=\"\">Ce qui n&rsquo;est pas inclus<\/span><\/p>\n<div class=\"content-builder-markdown-view\" data-v-316d1a1e=\"\" data-v-68eac83b=\"\">\n<ul>\n<li>Frais d&rsquo;entr\u00e9e<\/li>\n<\/ul>\n<\/div>\n<\/div>\n<\/div>\n","protected":false},"excerpt":{"rendered":"<p>D\u00e9couvre la c\u00f4te sud de l&rsquo;\u00eele de Sao Miguel, en d\u00e9couvrant des paysages tels que l&rsquo;\u00eele de Vila Franca (connue pour la plong\u00e9e Red Bull), go\u00fbte les c\u00e9l\u00e8bres g\u00e2teaux Queijadas da Vila et visite la chapelle de Nossa Sra da Paz.<\/p>\n<p><script src=\"https:\/\/fareharbor.com\/embeds\/script\/calendar\/intothewildazorestours\/items\/124741\/?asn=fhdn-eur&amp;asn-ref=guidetotheazores&amp;ref=guidetotheazores&amp;bookable-only=yes&amp;full-items=yes&amp;marketplace=yes&amp;flow=no&amp;branding=no\"><\/script><\/p>\n<p>Dur\u00e9e &#8211; 8 heures<br \/>\nPoint de rencontre &#8211; Prise en charge \u00e0 l&rsquo;h\u00f4tel<\/p>\n","protected":false},"featured_media":24219,"comment_status":"closed","ping_status":"closed","template":"","meta":{"_acf_changed":false},"product_brand":[],"product_cat":[19484,19527,19486,19500],"product_tag":[19528],"class_list":{"0":"post-24238","1":"product","2":"type-product","3":"status-publish","4":"has-post-thumbnail","6":"product_cat-activites","7":"product_cat-sao-miguel","8":"product_cat-toutes-les-iles","9":"product_cat-visites-guidees","10":"product_tag-saomiguelisland","12":"first","13":"instock","14":"taxable","15":"shipping-taxable","16":"product-type-external"},"acf":[],"_links":{"self":[{"href":"https:\/\/guidetotheazores.pt\/fr\/wp-json\/wp\/v2\/product\/24238","targetHints":{"allow":["GET"]}}],"collection":[{"href":"https:\/\/guidetotheazores.pt\/fr\/wp-json\/wp\/v2\/product"}],"about":[{"href":"https:\/\/guidetotheazores.pt\/fr\/wp-json\/wp\/v2\/types\/product"}],"replies":[{"embeddable":true,"href":"https:\/\/guidetotheazores.pt\/fr\/wp-json\/wp\/v2\/comments?post=24238"}],"wp:featuredmedia":[{"embeddable":true,"href":"https:\/\/guidetotheazores.pt\/fr\/wp-json\/wp\/v2\/media\/24219"}],"wp:attachment":[{"href":"https:\/\/guidetotheazores.pt\/fr\/wp-json\/wp\/v2\/media?parent=24238"}],"wp:term":[{"taxonomy":"product_brand","embeddable":true,"href":"https:\/\/guidetotheazores.pt\/fr\/wp-json\/wp\/v2\/product_brand?post=24238"},{"taxonomy":"product_cat","embeddable":true,"href":"https:\/\/guidetotheazores.pt\/fr\/wp-json\/wp\/v2\/product_cat?post=24238"},{"taxonomy":"product_tag","embeddable":true,"href":"https:\/\/guidetotheazores.pt\/fr\/wp-json\/wp\/v2\/product_tag?post=24238"}],"curies":[{"name":"wp","href":"https:\/\/api.w.org\/{rel}","templated":true}]}}