{"id":24268,"date":"2026-05-07T07:18:26","date_gmt":"2026-05-07T08:18:26","guid":{"rendered":"https:\/\/guidetotheazores.pt\/product\/tour-safari-4x4-lac-de-feu-demi-journee\/"},"modified":"2026-05-07T07:18:26","modified_gmt":"2026-05-07T08:18:26","slug":"tour-safari-4x4-lac-de-feu-demi-journee","status":"publish","type":"product","link":"https:\/\/guidetotheazores.pt\/fr\/produit\/tour-safari-4x4-lac-de-feu-demi-journee\/","title":{"rendered":"Tour Safari 4&#215;4 &#8211; Lac de feu | Demi-journ\u00e9e"},"content":{"rendered":"<div class=\"subsection\" data-v-68eac83b=\"\">\n<div class=\"content-builder-markdown-view\" data-v-316d1a1e=\"\" data-v-68eac83b=\"\">\n<p>D\u00e9couvre le c\u0153ur de S\u00e3o Miguel lors de cette passionnante excursion en jeep \u00e0 Lagoa do Fogo, o\u00f9 des paysages \u00e0 couper le souffle et des joyaux cach\u00e9s t&rsquo;attendent. Contrairement aux circuits conventionnels, cette aventure t&#8217;emm\u00e8ne hors des routes classiques pour d\u00e9couvrir de pr\u00e8s les merveilles g\u00e9othermiques et la nature vierge de l&rsquo;\u00eele.<br \/>\nAu d\u00e9part de Ponta Delgada, nous voyageons le long de la c\u00f4te sud pittoresque, en passant devant des plages volcaniques et les eaux bleues \u00e9tincelantes de la mer des A\u00e7ores. Notre premier arr\u00eat est la F\u00e1brica de Cer\u00e2mica Vieira, o\u00f9 tu seras t\u00e9moin de l&rsquo;artisanat traditionnel de la poterie en argile, c\u00e9l\u00e8bre sous le nom de Lou\u00e7a da Lagoa.<br \/>\nEnsuite, nous nous dirigeons vers la plage de Santa B\u00e1rbara, une c\u00f4te de sable noir saisissante et une destination de classe mondiale pour les surfeurs. En continuant vers Ribeira Grande, nous explorons son charmant centre historique avant de nous rendre au point de vue de Ponta do Cintr\u00e3o, qui offre une vue spectaculaire sur la c\u00f4te nord de l&rsquo;\u00eele et ses falaises majestueuses.<br \/>\n\u00c0 partir de l\u00e0, la v\u00e9ritable aventure commence avec l&rsquo;ascension de la montagne Lagoa do Fogo, en empruntant des sentiers de terre accident\u00e9s et des voies navigables en jeep. En chemin, nous ferons un arr\u00eat facultatif au parc naturel de Caldeira Velha, un havre luxuriant de flore end\u00e9mique, o\u00f9 tu pourras te d\u00e9tendre dans ses piscines thermales naturelles, chauff\u00e9es \u00e0 une temp\u00e9rature apaisante de 38\u00b0C.<br \/>\nEnfin, nous atteindrons l&#8217;embl\u00e9matique Lagoa do Fogo, l&rsquo;une des merveilles naturelles les plus \u00e9tonnantes de S\u00e3o Miguel et une r\u00e9serve prot\u00e9g\u00e9e depuis 1974. Depuis le Pico da Barrosa, tu pourras profiter d&rsquo;une vue panoramique sur le lac de crat\u00e8re et sur les vastes paysages qui s&rsquo;\u00e9tendent jusqu&rsquo;\u00e0 la c\u00f4te sud.<br \/>\nCette excursion immersive en jeep promet un voyage inoubliable, m\u00ealant aventure, nature et culture &#8211; le tout en compagnie de nos guides experts, garantissant une exp\u00e9rience que tu n&rsquo;oublieras pas !     <\/p>\n<\/div>\n<\/div>\n<div class=\"subsection\" data-v-68eac83b=\"\"><span class=\"fh-text fh-text--body-lg fh-text--bold block\" data-v-3872b9c5=\"\" data-v-68eac83b=\"\">Ce qui est inclus<\/span><\/p>\n<div class=\"content-builder-markdown-view\" data-v-316d1a1e=\"\" data-v-68eac83b=\"\">\n<ul>\n<li>Les tarifs comprennent le guide<\/li>\n<li>Tour op\u00e9rateur agr\u00e9\u00e9<\/li>\n<li>Assurance responsabilit\u00e9 civile et professionnelle<\/li>\n<\/ul>\n<\/div>\n<\/div>\n<div class=\"subsection\" data-v-68eac83b=\"\"><span class=\"fh-text fh-text--body-lg fh-text--bold block\" data-v-3872b9c5=\"\" data-v-68eac83b=\"\">Itin\u00e9raire<\/span><\/p>\n<div class=\"content-builder-markdown-view\" data-v-316d1a1e=\"\" data-v-68eac83b=\"\">\n<ul>\n<li>Ponta Delgada<\/li>\n<li>Cer\u00e2mica Vieira (Opcional)<\/li>\n<li>Miradouro do Pico da Barrosa<\/li>\n<li>Miradouro Da Lagoa do Fogo<\/li>\n<li>Centro de Interpreta\u00e7\u00e3o Ambiental Caldeira Velha (Opcional)<\/li>\n<li>Ponta do Cintr\u00e3o<\/li>\n<li>Dipl\u00f4me de Licences (Opcional)<\/li>\n<li>Ponta Delgada<\/li>\n<\/ul>\n<\/div>\n<\/div>\n","protected":false},"excerpt":{"rendered":"<p>D\u00e9couvre le c\u0153ur de S\u00e3o Miguel lors de cette passionnante excursion en jeep \u00e0 Lagoa do Fogo, o\u00f9 des paysages \u00e0 couper le souffle et des joyaux cach\u00e9s t&rsquo;attendent. Contrairement aux circuits classiques, cette aventure te fait quitter les routes conventionnelles pour d\u00e9couvrir de pr\u00e8s les merveilles g\u00e9othermiques et la nature vierge de l&rsquo;\u00eele.<br \/>\n&nbsp;<\/p>\n<p><script src=\"https:\/\/fareharbor.com\/embeds\/script\/calendar\/azorestrailsofnature\/items\/179069\/?asn=fhdn-eur&amp;asn-ref=guidetotheazores&amp;ref=guidetotheazores&amp;bookable-only=yes&amp;full-items=yes&amp;marketplace=yes&amp;flow=no&amp;branding=no\"><\/script><\/p>\n<p>Dur\u00e9e &#8211; Environ 3,5 heures<br \/>\nPoint de rencontre &#8211; Prise en charge et d\u00e9p\u00f4t \u00e0 l&rsquo;h\u00f4tel \u00e0 Ponta Delgada<\/p>\n","protected":false},"featured_media":24244,"comment_status":"closed","ping_status":"closed","template":"","meta":{"_acf_changed":false},"product_brand":[],"product_cat":[19484,19527,19486,19500],"product_tag":[19528],"class_list":{"0":"post-24268","1":"product","2":"type-product","3":"status-publish","4":"has-post-thumbnail","6":"product_cat-activites","7":"product_cat-sao-miguel","8":"product_cat-toutes-les-iles","9":"product_cat-visites-guidees","10":"product_tag-saomiguelisland","12":"first","13":"instock","14":"taxable","15":"shipping-taxable","16":"product-type-external"},"acf":[],"_links":{"self":[{"href":"https:\/\/guidetotheazores.pt\/fr\/wp-json\/wp\/v2\/product\/24268","targetHints":{"allow":["GET"]}}],"collection":[{"href":"https:\/\/guidetotheazores.pt\/fr\/wp-json\/wp\/v2\/product"}],"about":[{"href":"https:\/\/guidetotheazores.pt\/fr\/wp-json\/wp\/v2\/types\/product"}],"replies":[{"embeddable":true,"href":"https:\/\/guidetotheazores.pt\/fr\/wp-json\/wp\/v2\/comments?post=24268"}],"wp:featuredmedia":[{"embeddable":true,"href":"https:\/\/guidetotheazores.pt\/fr\/wp-json\/wp\/v2\/media\/24244"}],"wp:attachment":[{"href":"https:\/\/guidetotheazores.pt\/fr\/wp-json\/wp\/v2\/media?parent=24268"}],"wp:term":[{"taxonomy":"product_brand","embeddable":true,"href":"https:\/\/guidetotheazores.pt\/fr\/wp-json\/wp\/v2\/product_brand?post=24268"},{"taxonomy":"product_cat","embeddable":true,"href":"https:\/\/guidetotheazores.pt\/fr\/wp-json\/wp\/v2\/product_cat?post=24268"},{"taxonomy":"product_tag","embeddable":true,"href":"https:\/\/guidetotheazores.pt\/fr\/wp-json\/wp\/v2\/product_tag?post=24268"}],"curies":[{"name":"wp","href":"https:\/\/api.w.org\/{rel}","templated":true}]}}