{"id":24272,"date":"2026-05-07T08:06:38","date_gmt":"2026-05-07T09:06:38","guid":{"rendered":"https:\/\/guidetotheazores.pt\/?post_type=product&#038;p=24272"},"modified":"2026-05-07T11:02:07","modified_gmt":"2026-05-07T12:02:07","slug":"ascension-de-jour-du-mont-pico-copy","status":"publish","type":"product","link":"https:\/\/guidetotheazores.pt\/fr\/produit\/ascension-de-jour-du-mont-pico-copy\/","title":{"rendered":"Ascension du Mont Pico au coucher du soleil"},"content":{"rendered":"<div class=\"flex justify-between py-4 cursor-pointer\" data-v-c46ac7a2=\"\">\n<div class=\"heading-left\" data-v-c46ac7a2=\"\">\n<div class=\"fh-title fh-title--display-xl\" data-v-9d6554c3=\"\" data-v-c46ac7a2=\"\">\n<h1 class=\"fh-text fh-text--display-xl fh-text--medium\" data-v-3872b9c5=\"\" data-v-9d6554c3=\"\">D\u00e9tails de l&rsquo;activit\u00e9<\/h1>\n<\/div>\n<\/div>\n<div data-v-c46ac7a2=\"\">\n<div class=\"subsection\" data-v-68eac83b=\"\">\n<div class=\"content-builder-markdown-view\" data-v-316d1a1e=\"\" data-v-68eac83b=\"\">\n<p>Embarque pour une aventure inoubliable au sommet du plus haut sommet du Portugal, alors que le soleil se couche sur l&rsquo;Atlantique. Grimpe \u00e0 travers des paysages volcaniques baign\u00e9s d&rsquo;une lumi\u00e8re dor\u00e9e, et atteins le sommet juste \u00e0 temps pour des vues panoramiques \u00e0 couper le souffle. Une exp\u00e9rience magique qui allie d\u00e9fi, beaut\u00e9 et l&rsquo;excitation de conqu\u00e9rir le mont Pico sous le ciel du soir.<\/p>\n<\/div>\n<\/div>\n<div class=\"subsection\" data-v-68eac83b=\"\">\n<p><span class=\"fh-text fh-text--body-lg fh-text--bold block\" data-v-3872b9c5=\"\" data-v-68eac83b=\"\">Ce qui est inclus<\/span><\/p>\n<div class=\"content-builder-markdown-view\" data-v-316d1a1e=\"\" data-v-68eac83b=\"\">\n<ul>\n<li>Guide certifi\u00e9 du Mont Pico<\/li>\n<li>Frais d&rsquo;acc\u00e8s \u00e0 la r\u00e9serve naturelle du mont Pico<\/li>\n<li>B\u00e2tons de randonn\u00e9e<\/li>\n<li>Phare<\/li>\n<li>Crampons (hiver)<\/li>\n<li>Manuel informatif Mont\u00e9e en puissance<\/li>\n<li>Assurance accidents corporels<\/li>\n<li>Certificat d&rsquo;aptitude \u00e0 l&rsquo;escalade<\/li>\n<\/ul>\n<\/div>\n<\/div>\n<div class=\"subsection\" data-v-68eac83b=\"\">\n<p><span class=\"fh-text fh-text--body-lg fh-text--bold block\" data-v-3872b9c5=\"\" data-v-68eac83b=\"\">Ce qui n&rsquo;est pas inclus<\/span><\/p>\n<div class=\"content-builder-markdown-view\" data-v-316d1a1e=\"\" data-v-68eac83b=\"\">\n<ul>\n<li>Transfert du bureau Tripix \u00e0 Madalena &#8211; Mountain House<\/li>\n<li>Bureau Tripix \u00e0 Madalena sur demande et sous r\u00e9serve de disponibilit\u00e9.<\/li>\n<li>Cette activit\u00e9 ne comprend pas les repas<\/li>\n<li>Bo\u00eete \u00e0 lunch sur demande<\/li>\n<\/ul>\n<\/div>\n<\/div>\n<div class=\"subsection\" data-v-68eac83b=\"\">\n<p><span class=\"fh-text fh-text--body-lg fh-text--bold block\" data-v-3872b9c5=\"\" data-v-68eac83b=\"\">Points forts<\/span><\/p>\n<div class=\"content-builder-markdown-view\" data-v-316d1a1e=\"\" data-v-68eac83b=\"\">\n<ul>\n<li>Activit\u00e9 d&rsquo;alpinisme<\/li>\n<li>Niveau de difficult\u00e9 tr\u00e8s \u00e9lev\u00e9<\/li>\n<li>Altitude maximale : 2 351 m \/ 7 713 ft<\/li>\n<li>Lever de soleil au sommet<\/li>\n<li>Exp\u00e9rience en mati\u00e8re de tourisme actif et d&rsquo;aventure<\/li>\n<li>Aper\u00e7u de la volcanologie<\/li>\n<\/ul>\n<\/div>\n<\/div>\n<\/div>\n<\/div>\n","protected":false},"excerpt":{"rendered":"<p>Embarque pour une aventure inoubliable au sommet du plus haut sommet du Portugal, alors que le soleil se couche sur l&rsquo;Atlantique. Grimpe \u00e0 travers des paysages volcaniques baign\u00e9s d&rsquo;une lumi\u00e8re dor\u00e9e, et atteins le sommet juste \u00e0 temps pour des vues panoramiques \u00e0 couper le souffle. Une exp\u00e9rience magique qui allie d\u00e9fi, beaut\u00e9 et l&rsquo;excitation de conqu\u00e9rir le mont Pico sous le ciel du soir.<\/p>\n<p>&nbsp;<\/p>\n<p><script src=\"https:\/\/fareharbor.com\/embeds\/script\/calendar\/tripixazores\/items\/614398\/?asn=fhdn-eur&amp;asn-ref=guidetotheazores&amp;ref=guidetotheazores&amp;bookable-only=yes&amp;full-items=yes&amp;marketplace=yes&amp;flow=no&amp;branding=no\"><\/script><\/p>\n<p>Dur\u00e9e &#8211; 10 \u00e0 12 heures<br \/>\nPoint de rencontre &#8211; Mountain House<br \/>\n\u00c2ge &#8211; 12+<\/p>\n","protected":false},"featured_media":24277,"comment_status":"closed","ping_status":"closed","template":"","meta":{"_acf_changed":false},"product_brand":[],"product_cat":[19484,19531,19515,19486],"product_tag":[19516],"class_list":{"0":"post-24272","1":"product","2":"type-product","3":"status-publish","4":"has-post-thumbnail","6":"product_cat-activites","7":"product_cat-hiking","8":"product_cat-pico","9":"product_cat-toutes-les-iles","10":"product_tag-picoisland","12":"first","13":"instock","14":"taxable","15":"shipping-taxable","16":"product-type-external"},"acf":[],"_links":{"self":[{"href":"https:\/\/guidetotheazores.pt\/fr\/wp-json\/wp\/v2\/product\/24272","targetHints":{"allow":["GET"]}}],"collection":[{"href":"https:\/\/guidetotheazores.pt\/fr\/wp-json\/wp\/v2\/product"}],"about":[{"href":"https:\/\/guidetotheazores.pt\/fr\/wp-json\/wp\/v2\/types\/product"}],"replies":[{"embeddable":true,"href":"https:\/\/guidetotheazores.pt\/fr\/wp-json\/wp\/v2\/comments?post=24272"}],"wp:featuredmedia":[{"embeddable":true,"href":"https:\/\/guidetotheazores.pt\/fr\/wp-json\/wp\/v2\/media\/24277"}],"wp:attachment":[{"href":"https:\/\/guidetotheazores.pt\/fr\/wp-json\/wp\/v2\/media?parent=24272"}],"wp:term":[{"taxonomy":"product_brand","embeddable":true,"href":"https:\/\/guidetotheazores.pt\/fr\/wp-json\/wp\/v2\/product_brand?post=24272"},{"taxonomy":"product_cat","embeddable":true,"href":"https:\/\/guidetotheazores.pt\/fr\/wp-json\/wp\/v2\/product_cat?post=24272"},{"taxonomy":"product_tag","embeddable":true,"href":"https:\/\/guidetotheazores.pt\/fr\/wp-json\/wp\/v2\/product_tag?post=24272"}],"curies":[{"name":"wp","href":"https:\/\/api.w.org\/{rel}","templated":true}]}}