{"id":24294,"date":"2026-05-07T11:52:20","date_gmt":"2026-05-07T12:52:20","guid":{"rendered":"https:\/\/guidetotheazores.pt\/?post_type=product&#038;p=24294"},"modified":"2026-05-08T05:15:02","modified_gmt":"2026-05-08T06:15:02","slug":"plongee-cotiere-copy","status":"publish","type":"product","link":"https:\/\/guidetotheazores.pt\/fr\/produit\/plongee-cotiere-copy\/","title":{"rendered":"Plong\u00e9e en apn\u00e9e sur la c\u00f4te"},"content":{"rendered":"<p>Les A\u00e7ores sont sans aucun doute l&rsquo;une des meilleures destinations de plong\u00e9e et de snorkeling de l&rsquo;Atlantique. Notre saison de plong\u00e9e et de snorkeling s&rsquo;\u00e9tend d&rsquo;avril \u00e0 octobre. Nos sites sont tr\u00e8s diversifi\u00e9s et peuvent r\u00e9pondre \u00e0 toutes les pr\u00e9f\u00e9rences et \u00e0 tous les niveaux d&rsquo;exp\u00e9rience, avec plus de 20 sites entre les \u00eeles de Faial et de Pico.  <\/p>\n<p>Les sites de plong\u00e9e-snorkellink les plus courants se trouvent dans la r\u00e9serve marine \u00ab\u00a0Monte da Guia\u00a0\u00bb, sur l&rsquo;\u00eele de Faial. Pour se rendre sur le site, nous utilisons toujours un bateau semi-rigide, car il se trouve \u00e0 environ 5 minutes de notre base. La temp\u00e9rature de nos eaux varie entre 20 et 24 \u00baC pendant les mois d&rsquo;\u00e9t\u00e9, une combinaison de 5 mm ou 7 mm est donc g\u00e9n\u00e9ralement suffisante.  <\/p>\n<p>La vie marine sur les \u00eeles de Faial et de Pico est fantastique ! Tu auras la chance d&rsquo;apercevoir de curieuses balistes (Balistes carolinensis), des m\u00e9rous (Epinephelus marginatus), des phoques (Sparisoma cretense), des poulpes et des mur\u00e8nes parmi les rochers, ainsi que de petites esp\u00e8ces telles que des nudibranches color\u00e9s, entre autres. <\/p>\n<p>&nbsp;<\/p>\n","protected":false},"excerpt":{"rendered":"<p>Les A\u00e7ores sont sans aucun doute l&rsquo;une des meilleures destinations de plong\u00e9e et de snorkeling de l&rsquo;Atlantique. Notre saison de plong\u00e9e et de snorkeling s&rsquo;\u00e9tend d&rsquo;avril \u00e0 octobre. Nos sites sont tr\u00e8s diversifi\u00e9s et peuvent r\u00e9pondre \u00e0 toutes les pr\u00e9f\u00e9rences et \u00e0 tous les niveaux d&rsquo;exp\u00e9rience, avec plus de 20 sites entre les \u00eeles de Faial et de Pico.  <\/p>\n<p>&nbsp;<\/p>\n<p><script src=\"https:\/\/fareharbor.com\/embeds\/script\/calendar\/norbertodiver\/items\/189742\/?asn=fhdn-eur&amp;asn-ref=guidetotheazores&amp;ref=guidetotheazores&amp;bookable-only=yes&amp;full-items=yes&amp;marketplace=yes&amp;flow=no&amp;branding=no\"><\/script><\/p>\n<p>&nbsp;<\/p>\n","protected":false},"featured_media":24310,"comment_status":"closed","ping_status":"closed","template":"","meta":{"_acf_changed":false},"product_brand":[],"product_cat":[19484,19487,19545,19486],"product_tag":[19488],"class_list":{"0":"post-24294","1":"product","2":"type-product","3":"status-publish","4":"has-post-thumbnail","6":"product_cat-activites","7":"product_cat-faial","8":"product_cat-plongee-en-apnee","9":"product_cat-toutes-les-iles","10":"product_tag-faialisland","12":"first","13":"instock","14":"taxable","15":"shipping-taxable","16":"product-type-external"},"acf":[],"_links":{"self":[{"href":"https:\/\/guidetotheazores.pt\/fr\/wp-json\/wp\/v2\/product\/24294","targetHints":{"allow":["GET"]}}],"collection":[{"href":"https:\/\/guidetotheazores.pt\/fr\/wp-json\/wp\/v2\/product"}],"about":[{"href":"https:\/\/guidetotheazores.pt\/fr\/wp-json\/wp\/v2\/types\/product"}],"replies":[{"embeddable":true,"href":"https:\/\/guidetotheazores.pt\/fr\/wp-json\/wp\/v2\/comments?post=24294"}],"wp:featuredmedia":[{"embeddable":true,"href":"https:\/\/guidetotheazores.pt\/fr\/wp-json\/wp\/v2\/media\/24310"}],"wp:attachment":[{"href":"https:\/\/guidetotheazores.pt\/fr\/wp-json\/wp\/v2\/media?parent=24294"}],"wp:term":[{"taxonomy":"product_brand","embeddable":true,"href":"https:\/\/guidetotheazores.pt\/fr\/wp-json\/wp\/v2\/product_brand?post=24294"},{"taxonomy":"product_cat","embeddable":true,"href":"https:\/\/guidetotheazores.pt\/fr\/wp-json\/wp\/v2\/product_cat?post=24294"},{"taxonomy":"product_tag","embeddable":true,"href":"https:\/\/guidetotheazores.pt\/fr\/wp-json\/wp\/v2\/product_tag?post=24294"}],"curies":[{"name":"wp","href":"https:\/\/api.w.org\/{rel}","templated":true}]}}