{"id":24300,"date":"2026-05-07T12:03:20","date_gmt":"2026-05-07T13:03:20","guid":{"rendered":"https:\/\/guidetotheazores.pt\/?post_type=product&#038;p=24300"},"modified":"2026-05-08T05:15:01","modified_gmt":"2026-05-08T06:15:01","slug":"plongee-en-apnee-sur-la-cote-copy","status":"publish","type":"product","link":"https:\/\/guidetotheazores.pt\/fr\/produit\/plongee-en-apnee-sur-la-cote-copy\/","title":{"rendered":"Bapt\u00eame de plong\u00e9e"},"content":{"rendered":"<p>Si tu te trouves dans un endroit o\u00f9 la plong\u00e9e est l&rsquo;une des activit\u00e9s les plus populaires, pourquoi ne pas l&rsquo;essayer ? Tu n&rsquo;oublieras jamais la premi\u00e8re bouff\u00e9e d&rsquo;air sous l&rsquo;eau ! <\/p>\n<p>Lorsque tu seras encore sur la terre ferme, tu recevras une rapide le\u00e7on sur le fonctionnement de tout l&rsquo;\u00e9quipement et sur les signes utilis\u00e9s pour la communication sous l&rsquo;eau. Ensuite, tu plongeras avec un guide de plong\u00e9e toujours \u00e0 tes c\u00f4t\u00e9s, qui s&rsquo;occupera de toi \u00e0 chaque \u00e9tape de la plong\u00e9e. <\/p>\n<p>Les A\u00e7ores sont, sans aucun doute, l&rsquo;une des meilleures destinations pour la <strong>plong\u00e9e sous-marine <\/strong>dans tout l&rsquo;Atlantique. Notre saison de plong\u00e9e s&rsquo;\u00e9tend d&rsquo;avril \u00e0 octobre. Nous proposons plus de 20 sites de plong\u00e9e diff\u00e9rents autour des \u00eeles de Faial et de Pico pour couvrir toutes les pr\u00e9f\u00e9rences et tous les niveaux d&rsquo;exp\u00e9rience.  <\/p>\n<p>En g\u00e9n\u00e9ral, nous plongeons autour de la zone marine prot\u00e9g\u00e9e de \u00ab\u00a0Monte da Guia\u00a0\u00bb o\u00f9 se trouvent la majorit\u00e9 de nos spots. Pour nous y rendre, nous utilisons nos zodiacs. Ils ne sont qu&rsquo;\u00e0 5 &#8211; 15 minutes de notre centre de plong\u00e9e. La temp\u00e9rature de la mer varie entre 68 et 75 F (20-24\u00baC) pendant les mois d&rsquo;\u00e9t\u00e9, c&rsquo;est pourquoi les combinaisons de 5 mm ou 7 mm conviennent \u00e0 la plupart des plongeurs.   <\/p>\n<p>La vie marine c\u00f4ti\u00e8re autour des \u00eeles de Faial et de Pico est \u00e9tonnante. Tu pourras voir de nombreux et curieux balistes gris<em>(Balistes carolinensis<\/em>), de gros m\u00e9rous brosseurs<em>(Epinephelus marginatus<\/em>), des poissons-perroquets m\u00e9diterran\u00e9ens<em>(Sparisoma cretense<\/em>), des poulpes et des mur\u00e8nes qui se cachent entre les rochers, ainsi que plusieurs esp\u00e8ces de petits nudibranches color\u00e9s, parmi d&rsquo;autres formes de vie marine. <\/p>\n<p>&nbsp;<\/p>\n","protected":false},"excerpt":{"rendered":"<p>Si tu te trouves dans un endroit o\u00f9 la plong\u00e9e est l&rsquo;une des activit\u00e9s les plus populaires, pourquoi ne pas l&rsquo;essayer ? Tu n&rsquo;oublieras jamais la premi\u00e8re bouff\u00e9e d&rsquo;air sous l&rsquo;eau ! <\/p>\n<p>Lorsque tu seras encore sur la terre ferme, tu recevras une rapide le\u00e7on sur le fonctionnement de tout l&rsquo;\u00e9quipement et sur les signes utilis\u00e9s pour la communication sous l&rsquo;eau. Ensuite, tu plongeras avec un guide de plong\u00e9e toujours \u00e0 tes c\u00f4t\u00e9s, qui s&rsquo;occupera de toi \u00e0 chaque \u00e9tape de la plong\u00e9e. <\/p>\n<p>&nbsp;<\/p>\n<p><script src=\"https:\/\/fareharbor.com\/embeds\/script\/calendar\/norbertodiver\/items\/189757\/?asn=fhdn-eur&amp;asn-ref=guidetotheazores&amp;ref=guidetotheazores&amp;bookable-only=yes&amp;full-items=yes&amp;marketplace=yes&amp;flow=no&amp;branding=no\"><\/script><\/p>\n<p>&nbsp;<\/p>\n","protected":false},"featured_media":24315,"comment_status":"closed","ping_status":"closed","template":"","meta":{"_acf_changed":false},"product_brand":[],"product_cat":[19484,19487,19485,19486],"product_tag":[19488],"class_list":{"0":"post-24300","1":"product","2":"type-product","3":"status-publish","4":"has-post-thumbnail","6":"product_cat-activites","7":"product_cat-faial","8":"product_cat-plongee","9":"product_cat-toutes-les-iles","10":"product_tag-faialisland","12":"first","13":"instock","14":"taxable","15":"shipping-taxable","16":"product-type-external"},"acf":[],"_links":{"self":[{"href":"https:\/\/guidetotheazores.pt\/fr\/wp-json\/wp\/v2\/product\/24300","targetHints":{"allow":["GET"]}}],"collection":[{"href":"https:\/\/guidetotheazores.pt\/fr\/wp-json\/wp\/v2\/product"}],"about":[{"href":"https:\/\/guidetotheazores.pt\/fr\/wp-json\/wp\/v2\/types\/product"}],"replies":[{"embeddable":true,"href":"https:\/\/guidetotheazores.pt\/fr\/wp-json\/wp\/v2\/comments?post=24300"}],"wp:featuredmedia":[{"embeddable":true,"href":"https:\/\/guidetotheazores.pt\/fr\/wp-json\/wp\/v2\/media\/24315"}],"wp:attachment":[{"href":"https:\/\/guidetotheazores.pt\/fr\/wp-json\/wp\/v2\/media?parent=24300"}],"wp:term":[{"taxonomy":"product_brand","embeddable":true,"href":"https:\/\/guidetotheazores.pt\/fr\/wp-json\/wp\/v2\/product_brand?post=24300"},{"taxonomy":"product_cat","embeddable":true,"href":"https:\/\/guidetotheazores.pt\/fr\/wp-json\/wp\/v2\/product_cat?post=24300"},{"taxonomy":"product_tag","embeddable":true,"href":"https:\/\/guidetotheazores.pt\/fr\/wp-json\/wp\/v2\/product_tag?post=24300"}],"curies":[{"name":"wp","href":"https:\/\/api.w.org\/{rel}","templated":true}]}}