{"id":24562,"date":"2026-05-07T13:48:59","date_gmt":"2026-05-07T14:48:59","guid":{"rendered":"https:\/\/guidetotheazores.pt\/?post_type=product&#038;p=24562"},"modified":"2026-05-08T05:16:32","modified_gmt":"2026-05-08T06:16:32","slug":"demi-journee-de-kayak-de-mer-guide-2","status":"publish","type":"product","link":"https:\/\/guidetotheazores.pt\/fr\/produit\/demi-journee-de-kayak-de-mer-guide-2\/","title":{"rendered":"Demi-journ\u00e9e de kayak de mer guid\u00e9"},"content":{"rendered":"<p style=\"color: #000000; font-family: 'Helvetica Neue', Helvetica, Roboto, Arial, sans-serif; margin: 0px 0px 20px;\">Le mont Pico sert de toile de fond \u00e0 cette aventure active. Sens l&rsquo;air sal\u00e9 dans tes cheveux pendant que tu pagayes dans des eaux cristallines.<\/p>\n<p style=\"color: #000000; font-family: 'Helvetica Neue', Helvetica, Roboto, Arial, sans-serif; margin: 0px 0px 20px;\">En chemin, nous avons la chance de faire du kayak dans un crat\u00e8re volcanique. Arm\u00e9s d&rsquo;un tuba, nous nous arr\u00eatons bri\u00e8vement sur une plage de galets pour admirer la vie marine. Depuis la mer, nous apercevons \u00e9galement les vestiges d&rsquo;un vibrant pass\u00e9 de baleines.<\/p>\n<p style=\"color: #000000; font-family: 'Helvetica Neue', Helvetica, Roboto, Arial, sans-serif; margin: 0px 0px 20px;\">C&rsquo;est l&rsquo;occasion id\u00e9ale de d\u00e9couvrir l&rsquo;\u00eele de Pico d&rsquo;une mani\u00e8re vraiment amusante et int\u00e9ressante<\/p>\n<p>&nbsp;<\/p>\n<p>&nbsp;<\/p>\n","protected":false},"excerpt":{"rendered":"<p style=\"color: #000000; font-family: 'Helvetica Neue', Helvetica, Roboto, Arial, sans-serif; margin: 0px 0px 20px;\">Le mont Pico sert de toile de fond \u00e0 cette aventure active. Sens l&rsquo;air sal\u00e9 dans tes cheveux pendant que tu pagayes dans des eaux cristallines.<\/p>\n<p style=\"color: #000000; font-family: 'Helvetica Neue', Helvetica, Roboto, Arial, sans-serif; margin: 0px 0px 20px;\">En chemin, nous avons la chance de faire du kayak dans un crat\u00e8re volcanique. Arm\u00e9s d&rsquo;un tuba, nous nous arr\u00eatons bri\u00e8vement sur une plage de galets pour admirer la vie marine. Depuis la mer, nous apercevons \u00e9galement les vestiges d&rsquo;un vibrant pass\u00e9 de baleines.<\/p>\n<p style=\"color: #000000; font-family: 'Helvetica Neue', Helvetica, Roboto, Arial, sans-serif; margin: 0px 0px 20px;\">C&rsquo;est l&rsquo;occasion r\u00eav\u00e9e de d\u00e9couvrir l&rsquo;\u00eele de Pico d&rsquo;une mani\u00e8re vraiment amusante et int\u00e9ressante.<\/p>\n<p>&nbsp;<\/p>\n","protected":false},"featured_media":23678,"comment_status":"closed","ping_status":"closed","template":"","meta":{"_acf_changed":false},"product_brand":[],"product_cat":[19484],"product_tag":[19516],"class_list":{"0":"post-24562","1":"product","2":"type-product","3":"status-publish","4":"has-post-thumbnail","6":"product_cat-activites","7":"product_tag-picoisland","9":"first","10":"instock","11":"taxable","12":"shipping-taxable","13":"product-type-external"},"acf":[],"_links":{"self":[{"href":"https:\/\/guidetotheazores.pt\/fr\/wp-json\/wp\/v2\/product\/24562","targetHints":{"allow":["GET"]}}],"collection":[{"href":"https:\/\/guidetotheazores.pt\/fr\/wp-json\/wp\/v2\/product"}],"about":[{"href":"https:\/\/guidetotheazores.pt\/fr\/wp-json\/wp\/v2\/types\/product"}],"replies":[{"embeddable":true,"href":"https:\/\/guidetotheazores.pt\/fr\/wp-json\/wp\/v2\/comments?post=24562"}],"wp:featuredmedia":[{"embeddable":true,"href":"https:\/\/guidetotheazores.pt\/fr\/wp-json\/wp\/v2\/media\/23678"}],"wp:attachment":[{"href":"https:\/\/guidetotheazores.pt\/fr\/wp-json\/wp\/v2\/media?parent=24562"}],"wp:term":[{"taxonomy":"product_brand","embeddable":true,"href":"https:\/\/guidetotheazores.pt\/fr\/wp-json\/wp\/v2\/product_brand?post=24562"},{"taxonomy":"product_cat","embeddable":true,"href":"https:\/\/guidetotheazores.pt\/fr\/wp-json\/wp\/v2\/product_cat?post=24562"},{"taxonomy":"product_tag","embeddable":true,"href":"https:\/\/guidetotheazores.pt\/fr\/wp-json\/wp\/v2\/product_tag?post=24562"}],"curies":[{"name":"wp","href":"https:\/\/api.w.org\/{rel}","templated":true}]}}