{"id":24720,"date":"2026-05-09T06:31:05","date_gmt":"2026-05-09T07:31:05","guid":{"rendered":"https:\/\/guidetotheazores.pt\/product\/observation-des-baleines-a-faial-2\/"},"modified":"2026-05-09T06:31:05","modified_gmt":"2026-05-09T07:31:05","slug":"observation-des-baleines-a-faial-2","status":"publish","type":"product","link":"https:\/\/guidetotheazores.pt\/fr\/produit\/observation-des-baleines-a-faial-2\/","title":{"rendered":"Observation des baleines \u00e0 Faial"},"content":{"rendered":"<div class=\"flex justify-between py-4 cursor-pointer\" data-v-c46ac7a2=\"\">\n<div class=\"heading-left\" data-v-c46ac7a2=\"\">\n<div class=\"fh-title fh-title--display-xl\" data-v-9d6554c3=\"\" data-v-c46ac7a2=\"\">\n<h1 class=\"fh-text fh-text--display-xl fh-text--medium\" data-v-3872b9c5=\"\" data-v-9d6554c3=\"\">D\u00e9tails de l&rsquo;activit\u00e9<\/h1>\n<\/div>\n<\/div>\n<div data-v-c46ac7a2=\"\">Mets le cap sur les eaux d&rsquo;un bleu profond des A\u00e7ores pour une exp\u00e9rience d&rsquo;observation des baleines vraiment inoubliable. D\u00e9couvre la beaut\u00e9 de ces cr\u00e9atures majestueuses dans leur habitat naturel, tout en te renseignant sur leur comportement et leur conservation. Une occasion unique de se rapprocher de l&rsquo;oc\u00e9an et de son incroyable faune, parfaite pour ceux qui recherchent une aventure dans la nature.  <\/div>\n<\/div>\n<div class=\"content pb-4\" data-v-c46ac7a2=\"\">\n<div class=\"subsection\" data-v-a5b16f77=\"\">\n<div class=\"block\" data-v-a5b16f77=\"\"><span class=\"fh-text fh-text--body-lg fh-text--bold\" data-v-3872b9c5=\"\" data-v-a5b16f77=\"\">Ce qui est inclus<\/span><\/div>\n<div class=\"content-builder-markdown-view\" data-v-316d1a1e=\"\" data-v-a5b16f77=\"\">\n<ul>\n<li>Briefing et d\u00e9briefing<\/li>\n<li>Chercheur marin \u00e0 bord<\/li>\n<li>Jumelles<\/li>\n<li>V\u00eatements imperm\u00e9ables<\/li>\n<li>Gilet de sauvetage<\/li>\n<li>Assurance accidents corporels<\/li>\n<\/ul>\n<\/div>\n<\/div>\n<div class=\"subsection\" data-v-a5b16f77=\"\">\n<div class=\"block\" data-v-a5b16f77=\"\"><span class=\"fh-text fh-text--body-lg fh-text--bold\" data-v-3872b9c5=\"\" data-v-a5b16f77=\"\">Ce qui n&rsquo;est pas inclus<\/span><\/div>\n<div class=\"content-builder-markdown-view\" data-v-316d1a1e=\"\" data-v-a5b16f77=\"\">\n<ul>\n<li>Billets de ferry<\/li>\n<li>Repas<\/li>\n<\/ul>\n<\/div>\n<\/div>\n<div class=\"subsection\" data-v-a5b16f77=\"\">\n<div class=\"block\" data-v-a5b16f77=\"\"><span class=\"fh-text fh-text--body-lg fh-text--bold\" data-v-3872b9c5=\"\" data-v-a5b16f77=\"\">Points forts<\/span><\/div>\n<div class=\"content-builder-markdown-view\" data-v-316d1a1e=\"\" data-v-a5b16f77=\"\">\n<ul>\n<li>Exp\u00e9ditions uniques pour les baleines et les dauphins<\/li>\n<li>Activit\u00e9s de recherche scientifique<\/li>\n<li>Pratiques durables et mesures de s\u00e9curit\u00e9<\/li>\n<\/ul>\n<\/div>\n<\/div>\n<\/div>\n","protected":false},"excerpt":{"rendered":"<p>Mets le cap sur les eaux d&rsquo;un bleu profond des A\u00e7ores pour une exp\u00e9rience d&rsquo;observation des baleines vraiment inoubliable. D\u00e9couvre la beaut\u00e9 de ces cr\u00e9atures majestueuses dans leur habitat naturel, tout en te renseignant sur leur comportement et leur conservation. Une occasion unique de se rapprocher de l&rsquo;oc\u00e9an et de son incroyable faune, parfaite pour ceux qui recherchent une aventure dans la nature.  <\/p>\n<p><script src=\"https:\/\/fareharbor.com\/embeds\/script\/calendar\/tripixazores\/items\/635024\/?asn=fhdn-eur&amp;asn-ref=guidetotheazores&amp;ref=guidetotheazores&amp;bookable-only=yes&amp;full-items=yes&amp;marketplace=yes&amp;flow=no&amp;branding=no\"><\/script><\/p>\n<div class=\"flex items-start gap-4 mb-4 last:mb-0\" data-v-a5b16f77=\"\">\n<div class=\"min-w-0 flex-1\"><span class=\"fh-text fh-text--body-sm fh-text--medium\" data-v-3872b9c5=\"\">Dur\u00e9e : <\/span>4 heures<\/div>\n<\/div>\n<div class=\"flex items-start gap-4 mb-4 last:mb-0\" data-v-a5b16f77=\"\">\n<div class=\"mt-1 shrink-0\"><\/div>\n<div class=\"min-w-0 flex-1\"><span class=\"fh-text fh-text--body-sm fh-text--medium\" data-v-3872b9c5=\"\">Point de rencontre : <\/span>A d\u00e9terminer<\/div>\n<\/div>\n<div class=\"flex items-start gap-4 mb-4 last:mb-0\" data-v-a5b16f77=\"\">\n<div class=\"mt-1 shrink-0\"><\/div>\n<div class=\"min-w-0 flex-1\">\u00c2ge : 6+<\/div>\n<\/div>\n","protected":false},"featured_media":24669,"comment_status":"closed","ping_status":"closed","template":"","meta":{"_acf_changed":false},"product_brand":[],"product_cat":[19484,19487,19496,19486],"product_tag":[19488],"class_list":{"0":"post-24720","1":"product","2":"type-product","3":"status-publish","4":"has-post-thumbnail","6":"product_cat-activites","7":"product_cat-faial","8":"product_cat-observation-des-baleines","9":"product_cat-toutes-les-iles","10":"product_tag-faialisland","12":"first","13":"instock","14":"taxable","15":"shipping-taxable","16":"product-type-external"},"acf":[],"_links":{"self":[{"href":"https:\/\/guidetotheazores.pt\/fr\/wp-json\/wp\/v2\/product\/24720","targetHints":{"allow":["GET"]}}],"collection":[{"href":"https:\/\/guidetotheazores.pt\/fr\/wp-json\/wp\/v2\/product"}],"about":[{"href":"https:\/\/guidetotheazores.pt\/fr\/wp-json\/wp\/v2\/types\/product"}],"replies":[{"embeddable":true,"href":"https:\/\/guidetotheazores.pt\/fr\/wp-json\/wp\/v2\/comments?post=24720"}],"wp:featuredmedia":[{"embeddable":true,"href":"https:\/\/guidetotheazores.pt\/fr\/wp-json\/wp\/v2\/media\/24669"}],"wp:attachment":[{"href":"https:\/\/guidetotheazores.pt\/fr\/wp-json\/wp\/v2\/media?parent=24720"}],"wp:term":[{"taxonomy":"product_brand","embeddable":true,"href":"https:\/\/guidetotheazores.pt\/fr\/wp-json\/wp\/v2\/product_brand?post=24720"},{"taxonomy":"product_cat","embeddable":true,"href":"https:\/\/guidetotheazores.pt\/fr\/wp-json\/wp\/v2\/product_cat?post=24720"},{"taxonomy":"product_tag","embeddable":true,"href":"https:\/\/guidetotheazores.pt\/fr\/wp-json\/wp\/v2\/product_tag?post=24720"}],"curies":[{"name":"wp","href":"https:\/\/api.w.org\/{rel}","templated":true}]}}