{"id":24731,"date":"2026-05-07T13:48:59","date_gmt":"2026-05-07T14:48:59","guid":{"rendered":"https:\/\/guidetotheazores.pt\/product\/location-de-kayak\/"},"modified":"2026-05-07T13:48:59","modified_gmt":"2026-05-07T14:48:59","slug":"location-de-kayak","status":"publish","type":"product","link":"https:\/\/guidetotheazores.pt\/fr\/produit\/location-de-kayak\/","title":{"rendered":"Location de kayak"},"content":{"rendered":"<p>Loue un kayak sit-on-top dot\u00e9 d&rsquo;un si\u00e8ge ergonomique. Chevauche les vagues tout en d\u00e9couvrant Pico d&rsquo;un point de vue unique. <\/p>\n<p>Ces kayaks stables et faciles \u00e0 utiliser sont parfaits pour tous les niveaux de comp\u00e9tence, garantissant le plaisir des d\u00e9butants et des pagayeurs chevronn\u00e9s.<\/p>\n<p>\u00c0 la fin de ton aventure, tu auras acc\u00e8s \u00e0 des vestiaires publics avec la possibilit\u00e9 de prendre une douche froide rafra\u00eechissante.<\/p>\n<p>&nbsp;<\/p>\n<p>&nbsp;<\/p>\n","protected":false},"excerpt":{"rendered":"<p style=\"color: #000000; font-family: 'Helvetica Neue', Helvetica, Roboto, Arial, sans-serif; margin: 0px 0px 20px;\">Loue un kayak sit-on-top dot\u00e9 d&rsquo;un si\u00e8ge ergonomique. Chevauche les vagues tout en d\u00e9couvrant Pico d&rsquo;un point de vue unique. <\/p>\n<p><script src=\"https:\/\/fareharbor.com\/embeds\/script\/calendar\/hominisnatura\/items\/724859\/?asn=fhdn-eur&amp;asn-ref=guidetotheazores&amp;ref=guidetotheazores&amp;bookable-only=yes&amp;full-items=yes&amp;marketplace=yes&amp;flow=no&amp;branding=no\"><\/script><\/p>\n<p><span class=\"fh-text fh-text--body-md fh-text--medium fh-label-text\" data-v-3872b9c5=\"\" data-v-671f692c=\"\">Dur\u00e9e : <\/span><span class=\"fh-text fh-text--body-sm fh-text--regular fh-help-text\" data-v-3872b9c5=\"\" data-v-3553cfb6=\"\" data-v-671f692c=\"\">1 heure<\/span><\/p>\n","protected":false},"featured_media":23678,"comment_status":"closed","ping_status":"closed","template":"","meta":{"_acf_changed":false},"product_brand":[],"product_cat":[19484,19569],"product_tag":[19516],"class_list":{"0":"post-24731","1":"product","2":"type-product","3":"status-publish","4":"has-post-thumbnail","6":"product_cat-activites","7":"product_cat-canoe-et-kayak","8":"product_tag-picoisland","10":"first","11":"instock","12":"taxable","13":"shipping-taxable","14":"product-type-external"},"acf":[],"_links":{"self":[{"href":"https:\/\/guidetotheazores.pt\/fr\/wp-json\/wp\/v2\/product\/24731","targetHints":{"allow":["GET"]}}],"collection":[{"href":"https:\/\/guidetotheazores.pt\/fr\/wp-json\/wp\/v2\/product"}],"about":[{"href":"https:\/\/guidetotheazores.pt\/fr\/wp-json\/wp\/v2\/types\/product"}],"replies":[{"embeddable":true,"href":"https:\/\/guidetotheazores.pt\/fr\/wp-json\/wp\/v2\/comments?post=24731"}],"wp:featuredmedia":[{"embeddable":true,"href":"https:\/\/guidetotheazores.pt\/fr\/wp-json\/wp\/v2\/media\/23678"}],"wp:attachment":[{"href":"https:\/\/guidetotheazores.pt\/fr\/wp-json\/wp\/v2\/media?parent=24731"}],"wp:term":[{"taxonomy":"product_brand","embeddable":true,"href":"https:\/\/guidetotheazores.pt\/fr\/wp-json\/wp\/v2\/product_brand?post=24731"},{"taxonomy":"product_cat","embeddable":true,"href":"https:\/\/guidetotheazores.pt\/fr\/wp-json\/wp\/v2\/product_cat?post=24731"},{"taxonomy":"product_tag","embeddable":true,"href":"https:\/\/guidetotheazores.pt\/fr\/wp-json\/wp\/v2\/product_tag?post=24731"}],"curies":[{"name":"wp","href":"https:\/\/api.w.org\/{rel}","templated":true}]}}