{"id":24740,"date":"2026-05-09T06:13:27","date_gmt":"2026-05-09T07:13:27","guid":{"rendered":"https:\/\/guidetotheazores.pt\/product\/randonnee-sur-la-cote-est-du-pico\/"},"modified":"2026-05-09T06:13:27","modified_gmt":"2026-05-09T07:13:27","slug":"randonnee-sur-la-cote-est-du-pico","status":"publish","type":"product","link":"https:\/\/guidetotheazores.pt\/fr\/produit\/randonnee-sur-la-cote-est-du-pico\/","title":{"rendered":"Randonn\u00e9e sur la c\u00f4te est du Pico"},"content":{"rendered":"<div class=\"flex justify-between py-4 cursor-pointer\" data-v-c46ac7a2=\"\">\n<div class=\"heading-left\" data-v-c46ac7a2=\"\">\n<div class=\"fh-title fh-title--display-xl\" data-v-9d6554c3=\"\" data-v-c46ac7a2=\"\">\n<h1 class=\"fh-text fh-text--display-xl fh-text--medium\" data-v-3872b9c5=\"\" data-v-9d6554c3=\"\">D\u00e9tails de l&rsquo;activit\u00e9<\/h1>\n<\/div>\n<\/div>\n<div data-v-c46ac7a2=\"\"><\/div>\n<\/div>\n<div class=\"content pb-4\" data-v-c46ac7a2=\"\">\n<div class=\"subsection\" data-v-a5b16f77=\"\">\n<div class=\"content-builder-markdown-view\" data-v-316d1a1e=\"\" data-v-a5b16f77=\"\">\n<p>Randonne le long de la c\u00f4te ouest intacte de l&rsquo;\u00eele de Pico, o\u00f9 des falaises spectaculaires rencontrent l&rsquo;Atlantique sans fin. Traverse des sentiers pittoresques, explore des paysages volcaniques cach\u00e9s et immerge-toi dans la beaut\u00e9 naturelle brute de l&rsquo;\u00eele. Un voyage \u00e0 travers la nature, l&rsquo;histoire et des vues \u00e9poustouflantes sur l&rsquo;oc\u00e9an t&rsquo;attendent !  <\/p>\n<\/div>\n<\/div>\n<div class=\"subsection\" data-v-a5b16f77=\"\">\n<div class=\"block\" data-v-a5b16f77=\"\"><span class=\"fh-text fh-text--body-lg fh-text--bold\" data-v-3872b9c5=\"\" data-v-a5b16f77=\"\">Ce qui est inclus<\/span><\/div>\n<div class=\"content-builder-markdown-view\" data-v-316d1a1e=\"\" data-v-a5b16f77=\"\">\n<ul>\n<li>Guide professionnel<\/li>\n<li>Transport terrestre<\/li>\n<li>Assurance accidents corporels<\/li>\n<\/ul>\n<\/div>\n<\/div>\n<div class=\"subsection\" data-v-a5b16f77=\"\">\n<div class=\"block\" data-v-a5b16f77=\"\"><span class=\"fh-text fh-text--body-lg fh-text--bold\" data-v-3872b9c5=\"\" data-v-a5b16f77=\"\">Ce qui n&rsquo;est pas inclus<\/span><\/div>\n<div class=\"content-builder-markdown-view\" data-v-316d1a1e=\"\" data-v-a5b16f77=\"\">\n<ul>\n<li>Billets de ferry<\/li>\n<li>Repas<\/li>\n<\/ul>\n<\/div>\n<\/div>\n<div class=\"subsection\" data-v-a5b16f77=\"\">\n<div class=\"block\" data-v-a5b16f77=\"\"><span class=\"fh-text fh-text--body-lg fh-text--bold\" data-v-3872b9c5=\"\" data-v-a5b16f77=\"\">Points forts<\/span><\/div>\n<div class=\"content-builder-markdown-view\" data-v-316d1a1e=\"\" data-v-a5b16f77=\"\">\n<ul>\n<li>Route des vins<\/li>\n<li>C\u00f4te volcanique<\/li>\n<li>Traditions anciennes<\/li>\n<\/ul>\n<\/div>\n<\/div>\n<\/div>\n","protected":false},"excerpt":{"rendered":"<p>Randonne le long de la c\u00f4te ouest intacte de l&rsquo;\u00eele de Pico, o\u00f9 des falaises spectaculaires rencontrent l&rsquo;Atlantique sans fin. Traverse des sentiers pittoresques, explore des paysages volcaniques cach\u00e9s et immerge-toi dans la beaut\u00e9 naturelle brute de l&rsquo;\u00eele. Un voyage \u00e0 travers la nature, l&rsquo;histoire et des vues \u00e9poustouflantes sur l&rsquo;oc\u00e9an t&rsquo;attendent !  <\/p>\n<p><script src=\"https:\/\/fareharbor.com\/embeds\/script\/calendar\/tripixazores\/items\/634190\/?asn=fhdn-eur&amp;asn-ref=guidetotheazores&amp;ref=guidetotheazores&amp;bookable-only=yes&amp;full-items=yes&amp;marketplace=yes&amp;flow=no&amp;branding=no\"><\/script><\/p>\n<div class=\"flex items-start gap-4 mb-4 last:mb-0\" data-v-a5b16f77=\"\">\n<div class=\"min-w-0 flex-1\"><span class=\"fh-text fh-text--body-sm fh-text--medium\" data-v-3872b9c5=\"\">Dur\u00e9e : <\/span>4 heures<\/div>\n<\/div>\n<div class=\"flex items-start gap-4 mb-4 last:mb-0\" data-v-a5b16f77=\"\">\n<div class=\"mt-1 shrink-0\"><\/div>\n<div class=\"min-w-0 flex-1\"><span class=\"fh-text fh-text--body-sm fh-text--medium\" data-v-3872b9c5=\"\">Point de rencontre : <\/span>Tripix Azores Officet<\/div>\n<\/div>\n<div class=\"flex items-start gap-4 mb-4 last:mb-0\" data-v-a5b16f77=\"\">\n<div class=\"mt-1 shrink-0\"><\/div>\n<div class=\"min-w-0 flex-1\">\u00c2ge : 6+<\/div>\n<\/div>\n","protected":false},"featured_media":24647,"comment_status":"closed","ping_status":"closed","template":"","meta":{"_acf_changed":false},"product_brand":[],"product_cat":[19484,19531,19515,19486],"product_tag":[19516],"class_list":{"0":"post-24740","1":"product","2":"type-product","3":"status-publish","4":"has-post-thumbnail","6":"product_cat-activites","7":"product_cat-hiking","8":"product_cat-pico","9":"product_cat-toutes-les-iles","10":"product_tag-picoisland","12":"first","13":"instock","14":"taxable","15":"shipping-taxable","16":"product-type-external"},"acf":[],"_links":{"self":[{"href":"https:\/\/guidetotheazores.pt\/fr\/wp-json\/wp\/v2\/product\/24740","targetHints":{"allow":["GET"]}}],"collection":[{"href":"https:\/\/guidetotheazores.pt\/fr\/wp-json\/wp\/v2\/product"}],"about":[{"href":"https:\/\/guidetotheazores.pt\/fr\/wp-json\/wp\/v2\/types\/product"}],"replies":[{"embeddable":true,"href":"https:\/\/guidetotheazores.pt\/fr\/wp-json\/wp\/v2\/comments?post=24740"}],"wp:featuredmedia":[{"embeddable":true,"href":"https:\/\/guidetotheazores.pt\/fr\/wp-json\/wp\/v2\/media\/24647"}],"wp:attachment":[{"href":"https:\/\/guidetotheazores.pt\/fr\/wp-json\/wp\/v2\/media?parent=24740"}],"wp:term":[{"taxonomy":"product_brand","embeddable":true,"href":"https:\/\/guidetotheazores.pt\/fr\/wp-json\/wp\/v2\/product_brand?post=24740"},{"taxonomy":"product_cat","embeddable":true,"href":"https:\/\/guidetotheazores.pt\/fr\/wp-json\/wp\/v2\/product_cat?post=24740"},{"taxonomy":"product_tag","embeddable":true,"href":"https:\/\/guidetotheazores.pt\/fr\/wp-json\/wp\/v2\/product_tag?post=24740"}],"curies":[{"name":"wp","href":"https:\/\/api.w.org\/{rel}","templated":true}]}}