{"id":24746,"date":"2026-05-09T05:56:39","date_gmt":"2026-05-09T06:56:39","guid":{"rendered":"https:\/\/guidetotheazores.pt\/product\/excursion-dune-journee-a-sao-jorge\/"},"modified":"2026-05-09T05:56:39","modified_gmt":"2026-05-09T06:56:39","slug":"excursion-dune-journee-a-sao-jorge","status":"publish","type":"product","link":"https:\/\/guidetotheazores.pt\/fr\/produit\/excursion-dune-journee-a-sao-jorge\/","title":{"rendered":"Excursion d&rsquo;une journ\u00e9e \u00e0 S\u00e3o Jorge"},"content":{"rendered":"<div class=\"flex justify-between py-4 cursor-pointer\" data-v-c46ac7a2=\"\">\n<div class=\"heading-left\" data-v-c46ac7a2=\"\">\n<div class=\"fh-title fh-title--display-xl\" data-v-9d6554c3=\"\" data-v-c46ac7a2=\"\">\n<h1 class=\"fh-text fh-text--display-xl fh-text--medium\" data-v-3872b9c5=\"\" data-v-9d6554c3=\"\">D\u00e9tails de l&rsquo;activit\u00e9<\/h1>\n<\/div>\n<\/div>\n<div data-v-c46ac7a2=\"\"><\/div>\n<\/div>\n<div class=\"content pb-4\" data-v-c46ac7a2=\"\">\n<div class=\"subsection\" data-v-a5b16f77=\"\">\n<div class=\"content-builder-markdown-view\" data-v-316d1a1e=\"\" data-v-a5b16f77=\"\">\n<p>D\u00e9couvre la beaut\u00e9 sauvage de S\u00e3o Jorge, o\u00f9 les spectaculaires Faj\u00e3s rencontrent l&rsquo;Atlantique dans des paysages \u00e0 couper le souffle. Savoure son fromage r\u00e9put\u00e9, explore la plus grande plantation de caf\u00e9 d&rsquo;Europe et plonge dans la riche culture de l&rsquo;\u00eele. Un voyage inoubliable \u00e0 travers la nature, les saveurs et les traditions t&rsquo;attend.  <\/p>\n<\/div>\n<\/div>\n<div class=\"subsection\" data-v-a5b16f77=\"\">\n<div class=\"block\" data-v-a5b16f77=\"\"><span class=\"fh-text fh-text--body-lg fh-text--bold\" data-v-3872b9c5=\"\" data-v-a5b16f77=\"\">Ce qui est inclus<\/span><\/div>\n<div class=\"content-builder-markdown-view\" data-v-316d1a1e=\"\" data-v-a5b16f77=\"\">\n<p>\u2714 Guide professionnel<br \/>\n\u2714 Transport terrestre<br \/>\n\u2714 D\u00e9jeuner au restaurant<br \/>\n\u2714 D\u00e9gustation de fromage S\u00e3o Jorge (usine ferm\u00e9e le week-end et les jours f\u00e9ri\u00e9s)<br \/>\n\u2714 Visite de l&rsquo;\u00e9glise de Manadas (ferm\u00e9e le lundi et le dimanche matin &#8211; heures de culte)<br \/>\n\u2714 Assurance accidents corporels Allianz\u00ae.<\/p>\n<\/div>\n<\/div>\n<div class=\"subsection\" data-v-a5b16f77=\"\">\n<div class=\"block\" data-v-a5b16f77=\"\"><span class=\"fh-text fh-text--body-lg fh-text--bold\" data-v-3872b9c5=\"\" data-v-a5b16f77=\"\">Ce qui n&rsquo;est pas inclus<\/span><\/div>\n<div class=\"content-builder-markdown-view\" data-v-316d1a1e=\"\" data-v-a5b16f77=\"\">\n<p>x Billets de ferry<br \/>\nx Prise en charge et retour sur demande et sous r\u00e9serve de disponibilit\u00e9<\/p>\n<\/div>\n<\/div>\n<div class=\"subsection\" data-v-a5b16f77=\"\">\n<div class=\"block\" data-v-a5b16f77=\"\"><span class=\"fh-text fh-text--body-lg fh-text--bold\" data-v-3872b9c5=\"\" data-v-a5b16f77=\"\">Points forts<\/span><\/div>\n<div class=\"content-builder-markdown-view\" data-v-316d1a1e=\"\" data-v-a5b16f77=\"\">\n<ul>\n<li>Fromage de S\u00e3o Jorge<\/li>\n<li>Faj\u00e3s de lave<\/li>\n<li>Paysages naturels<\/li>\n<li>Endroits secrets<\/li>\n<\/ul>\n<\/div>\n<\/div>\n<\/div>\n","protected":false},"excerpt":{"rendered":"<p>D\u00e9couvre la beaut\u00e9 sauvage de S\u00e3o Jorge, o\u00f9 les spectaculaires Faj\u00e3s rencontrent l&rsquo;Atlantique dans des paysages \u00e0 couper le souffle. Savoure son fromage r\u00e9put\u00e9, explore la plus grande plantation de caf\u00e9 d&rsquo;Europe et plonge dans la riche culture de l&rsquo;\u00eele. Un voyage inoubliable \u00e0 travers la nature, les saveurs et les traditions t&rsquo;attend.  <\/p>\n<p><script src=\"https:\/\/fareharbor.com\/embeds\/script\/calendar\/tripixazores\/items\/634957\/?asn=fhdn-eur&amp;asn-ref=guidetotheazores&amp;ref=guidetotheazores&amp;bookable-only=yes&amp;full-items=yes&amp;marketplace=yes&amp;flow=no&amp;branding=no\"><\/script><\/p>\n<div class=\"flex items-start gap-4 mb-4 last:mb-0\" data-v-a5b16f77=\"\">\n<div class=\"min-w-0 flex-1\"><span class=\"fh-text fh-text--body-sm fh-text--medium\" data-v-3872b9c5=\"\">Dur\u00e9e : <\/span>8 heures<\/div>\n<\/div>\n<div class=\"flex items-start gap-4 mb-4 last:mb-0\" data-v-a5b16f77=\"\">\n<div class=\"mt-1 shrink-0\"><\/div>\n<div class=\"min-w-0 flex-1\"><span class=\"fh-text fh-text--body-sm fh-text--medium\" data-v-3872b9c5=\"\">Point de rencontre : <\/span>Bureau Tripix des A\u00e7ores<\/div>\n<\/div>\n","protected":false},"featured_media":24631,"comment_status":"closed","ping_status":"closed","template":"","meta":{"_acf_changed":false},"product_brand":[],"product_cat":[19484,19571,19486,19500],"product_tag":[19572],"class_list":{"0":"post-24746","1":"product","2":"type-product","3":"status-publish","4":"has-post-thumbnail","6":"product_cat-activites","7":"product_cat-sao-jorge","8":"product_cat-toutes-les-iles","9":"product_cat-visites-guidees","10":"product_tag-ile-saojorge","12":"first","13":"instock","14":"taxable","15":"shipping-taxable","16":"product-type-external"},"acf":[],"_links":{"self":[{"href":"https:\/\/guidetotheazores.pt\/fr\/wp-json\/wp\/v2\/product\/24746","targetHints":{"allow":["GET"]}}],"collection":[{"href":"https:\/\/guidetotheazores.pt\/fr\/wp-json\/wp\/v2\/product"}],"about":[{"href":"https:\/\/guidetotheazores.pt\/fr\/wp-json\/wp\/v2\/types\/product"}],"replies":[{"embeddable":true,"href":"https:\/\/guidetotheazores.pt\/fr\/wp-json\/wp\/v2\/comments?post=24746"}],"wp:featuredmedia":[{"embeddable":true,"href":"https:\/\/guidetotheazores.pt\/fr\/wp-json\/wp\/v2\/media\/24631"}],"wp:attachment":[{"href":"https:\/\/guidetotheazores.pt\/fr\/wp-json\/wp\/v2\/media?parent=24746"}],"wp:term":[{"taxonomy":"product_brand","embeddable":true,"href":"https:\/\/guidetotheazores.pt\/fr\/wp-json\/wp\/v2\/product_brand?post=24746"},{"taxonomy":"product_cat","embeddable":true,"href":"https:\/\/guidetotheazores.pt\/fr\/wp-json\/wp\/v2\/product_cat?post=24746"},{"taxonomy":"product_tag","embeddable":true,"href":"https:\/\/guidetotheazores.pt\/fr\/wp-json\/wp\/v2\/product_tag?post=24746"}],"curies":[{"name":"wp","href":"https:\/\/api.w.org\/{rel}","templated":true}]}}