{"id":24800,"date":"2026-05-10T07:11:13","date_gmt":"2026-05-10T08:11:13","guid":{"rendered":"https:\/\/guidetotheazores.pt\/product\/charte-speciale-2-jours-1-nuit\/"},"modified":"2026-05-10T07:11:13","modified_gmt":"2026-05-10T08:11:13","slug":"charte-speciale-2-jours-1-nuit","status":"publish","type":"product","link":"https:\/\/guidetotheazores.pt\/fr\/produit\/charte-speciale-2-jours-1-nuit\/","title":{"rendered":"Charte sp\u00e9ciale &#8211; 2 jours\/1 nuit"},"content":{"rendered":"<p>Description<br \/>\nQue ce soit avec notre skipper \u00e0 bord ou non, viens go\u00fbter au plaisir de naviguer le long de notre littoral jusqu&rsquo;\u00e0 Vila da Povoa\u00e7\u00e3o, en passant par l&rsquo;\u00eelot de Vila Franca et nos plages. Nuit \u00e0 bord au port de plaisance de Povoa\u00e7\u00e3o. <\/p>\n<p>Une merveilleuse excursion en bateau d&rsquo;environ 40 milles nautiques qui peut \u00eatre appr\u00e9ci\u00e9e \u00e0 partir de 10 heures le samedi jusqu&rsquo;\u00e0 la fin de l&rsquo;apr\u00e8s-midi du dimanche.<\/p>\n<p>Parfait pour les familles &#8211; Convient \u00e0 tout le monde &#8211; Jusqu&rsquo;\u00e0 4 personnes &#8211; Navigue le long de notre magnifique littoral !<\/p>\n<p>Points forts<br \/>\nBateau priv\u00e9<\/p>\n<p>Inclus<br \/>\nSkipper (en option)<br \/>\nDeux cabines doubles<br \/>\nDraps et serviettes<br \/>\nAssurance<br \/>\nCarburant<br \/>\nFrais de port<br \/>\nFrais de nettoyage du bateau<br \/>\nInformations importantes<br \/>\nTous les jours de la semaine : d\u00e9part \u00e0 10h, arriv\u00e9e le lendemain \u00e0 18h.<\/p>\n<p>Point de rencontre \u00e0 la marina &#8211; Marina Ponta Delgada<\/p>\n<p>Dur\u00e9e : D\u00e9part \u00e0 10 heures &amp; arriv\u00e9e le lendemain \u00e0 18 heures.<\/p>\n","protected":false},"excerpt":{"rendered":"<p>Avec notre skipper \u00e0 bord ou non, viens go\u00fbter au plaisir de naviguer le long de notre littoral jusqu&rsquo;\u00e0 Vila da Povoa\u00e7\u00e3o, en passant par l&rsquo;\u00eelot de Vila Franca et nos plages. Nuit \u00e0 bord au port de plaisance de Povoa\u00e7\u00e3o. <\/p>\n<p><script src=\"https:\/\/fareharbor.com\/embeds\/script\/calendar\/sail4sailing\/items\/472760\/?asn=fhdn-eur&amp;asn-ref=guidetotheazores&amp;ref=guidetotheazores&amp;bookable-only=yes&amp;full-items=yes&amp;marketplace=yes&amp;flow=no&amp;branding=no\"><\/script><\/p>\n<p>Point de rencontre : Marina &#8211; Marina Ponta Delgada<\/p>\n<p>Dur\u00e9e : d\u00e9part \u00e0 10 heures et arriv\u00e9e le lendemain \u00e0 18 heures.<\/p>\n<p>Jusqu&rsquo;\u00e0 4 personnes<\/p>\n","protected":false},"featured_media":24786,"comment_status":"closed","ping_status":"closed","template":"","meta":{"_acf_changed":false},"product_brand":[19589],"product_cat":[19484,19527,19486,19506],"product_tag":[19528],"class_list":{"0":"post-24800","1":"product","2":"type-product","3":"status-publish","4":"has-post-thumbnail","6":"product_brand-sao-miguel","7":"product_cat-activites","8":"product_cat-sao-miguel","9":"product_cat-toutes-les-iles","10":"product_cat-voile","11":"product_tag-saomiguelisland","13":"first","14":"instock","15":"taxable","16":"shipping-taxable","17":"product-type-external"},"acf":[],"_links":{"self":[{"href":"https:\/\/guidetotheazores.pt\/fr\/wp-json\/wp\/v2\/product\/24800","targetHints":{"allow":["GET"]}}],"collection":[{"href":"https:\/\/guidetotheazores.pt\/fr\/wp-json\/wp\/v2\/product"}],"about":[{"href":"https:\/\/guidetotheazores.pt\/fr\/wp-json\/wp\/v2\/types\/product"}],"replies":[{"embeddable":true,"href":"https:\/\/guidetotheazores.pt\/fr\/wp-json\/wp\/v2\/comments?post=24800"}],"wp:featuredmedia":[{"embeddable":true,"href":"https:\/\/guidetotheazores.pt\/fr\/wp-json\/wp\/v2\/media\/24786"}],"wp:attachment":[{"href":"https:\/\/guidetotheazores.pt\/fr\/wp-json\/wp\/v2\/media?parent=24800"}],"wp:term":[{"taxonomy":"product_brand","embeddable":true,"href":"https:\/\/guidetotheazores.pt\/fr\/wp-json\/wp\/v2\/product_brand?post=24800"},{"taxonomy":"product_cat","embeddable":true,"href":"https:\/\/guidetotheazores.pt\/fr\/wp-json\/wp\/v2\/product_cat?post=24800"},{"taxonomy":"product_tag","embeddable":true,"href":"https:\/\/guidetotheazores.pt\/fr\/wp-json\/wp\/v2\/product_tag?post=24800"}],"curies":[{"name":"wp","href":"https:\/\/api.w.org\/{rel}","templated":true}]}}