{"id":24819,"date":"2026-05-10T06:53:25","date_gmt":"2026-05-10T07:53:25","guid":{"rendered":"https:\/\/guidetotheazores.pt\/product\/excursion-vip-dune-journee\/"},"modified":"2026-05-10T06:53:25","modified_gmt":"2026-05-10T07:53:25","slug":"excursion-vip-dune-journee","status":"publish","type":"product","link":"https:\/\/guidetotheazores.pt\/fr\/produit\/excursion-vip-dune-journee\/","title":{"rendered":"Excursion VIP d&rsquo;une journ\u00e9e"},"content":{"rendered":"<p>Description<br \/>\nUne merveilleuse excursion en bateau couvrant environ 22 milles nautiques.<\/p>\n<p>Retour sur l&rsquo;\u00eelot de Vila Franca. Profite de notre fantastique littoral et admire le paysage d&rsquo;un point de vue diff\u00e9rent. Au retour, nous jetterons l&rsquo;ancre dans l&rsquo;une de nos baies pour que tu puisses te baigner dans notre belle mer.  <\/p>\n<p>Dur\u00e9e : 8 heures<\/p>\n<p>Points forts<br \/>\nPaysage et baignade<\/p>\n<p>Inclus<br \/>\nTaxes incluses<br \/>\nSkipper<br \/>\nCarburant<br \/>\nFrais de nettoyage<\/p>\n<p>Boissons et menu sp\u00e9cial de d\u00e9gustation de produits des A\u00e7ores<br \/>\n&#8211; SUP Paddle<br \/>\nPoint de rencontre \u00e0 la marina &#8211; Portas do Mar &#8211; Ponta Delgada<\/p>\n","protected":false},"excerpt":{"rendered":"<p>Une merveilleuse excursion en bateau couvrant environ 22 milles nautiques.<\/p>\n<p>Retour sur l&rsquo;\u00eelot de Vila Franca. Profite de notre fantastique littoral et admire le paysage d&rsquo;un point de vue diff\u00e9rent. Sur le chemin du retour, nous jetterons l&rsquo;ancre dans l&rsquo;une de nos baies pour que tu puisses te baigner dans notre belle mer.  <\/p>\n<p><script src=\"https:\/\/fareharbor.com\/embeds\/script\/calendar\/sail4sailing\/items\/472777\/?asn=fhdn-eur&amp;asn-ref=guidetotheazores&amp;ref=guidetotheazores&amp;bookable-only=yes&amp;full-items=yes&amp;marketplace=yes&amp;flow=no&amp;branding=no\"><\/script><\/p>\n<p>Dur\u00e9e : 8 heures<\/p>\n<p>Max 4 pax<\/p>\n<p>Point de rencontre : Marina &#8211; Portas do Mar &#8211; Ponta Delgada<\/p>\n<p>&nbsp;<\/p>\n","protected":false},"featured_media":24780,"comment_status":"closed","ping_status":"closed","template":"","meta":{"_acf_changed":false},"product_brand":[19589],"product_cat":[19484,19527,19486,19506],"product_tag":[19528],"class_list":{"0":"post-24819","1":"product","2":"type-product","3":"status-publish","4":"has-post-thumbnail","6":"product_brand-sao-miguel","7":"product_cat-activites","8":"product_cat-sao-miguel","9":"product_cat-toutes-les-iles","10":"product_cat-voile","11":"product_tag-saomiguelisland","13":"first","14":"instock","15":"taxable","16":"shipping-taxable","17":"product-type-external"},"acf":[],"_links":{"self":[{"href":"https:\/\/guidetotheazores.pt\/fr\/wp-json\/wp\/v2\/product\/24819","targetHints":{"allow":["GET"]}}],"collection":[{"href":"https:\/\/guidetotheazores.pt\/fr\/wp-json\/wp\/v2\/product"}],"about":[{"href":"https:\/\/guidetotheazores.pt\/fr\/wp-json\/wp\/v2\/types\/product"}],"replies":[{"embeddable":true,"href":"https:\/\/guidetotheazores.pt\/fr\/wp-json\/wp\/v2\/comments?post=24819"}],"wp:featuredmedia":[{"embeddable":true,"href":"https:\/\/guidetotheazores.pt\/fr\/wp-json\/wp\/v2\/media\/24780"}],"wp:attachment":[{"href":"https:\/\/guidetotheazores.pt\/fr\/wp-json\/wp\/v2\/media?parent=24819"}],"wp:term":[{"taxonomy":"product_brand","embeddable":true,"href":"https:\/\/guidetotheazores.pt\/fr\/wp-json\/wp\/v2\/product_brand?post=24819"},{"taxonomy":"product_cat","embeddable":true,"href":"https:\/\/guidetotheazores.pt\/fr\/wp-json\/wp\/v2\/product_cat?post=24819"},{"taxonomy":"product_tag","embeddable":true,"href":"https:\/\/guidetotheazores.pt\/fr\/wp-json\/wp\/v2\/product_tag?post=24819"}],"curies":[{"name":"wp","href":"https:\/\/api.w.org\/{rel}","templated":true}]}}