{"id":24823,"date":"2026-05-10T06:39:27","date_gmt":"2026-05-10T07:39:27","guid":{"rendered":"https:\/\/guidetotheazores.pt\/product\/charte-speciale-de-lile-de-santa-maria\/"},"modified":"2026-05-10T06:39:27","modified_gmt":"2026-05-10T07:39:27","slug":"charte-speciale-de-lile-de-santa-maria","status":"publish","type":"product","link":"https:\/\/guidetotheazores.pt\/fr\/produit\/charte-speciale-de-lile-de-santa-maria\/","title":{"rendered":"Charte sp\u00e9ciale de l&rsquo;\u00eele de Santa Maria"},"content":{"rendered":"<p>Description<\/p>\n<p>Que ce soit avec notre skipper \u00e0 bord ou non, viens profiter du plaisir de naviguer jusqu&rsquo;\u00e0 Santa Maria, avec un s\u00e9jour de deux nuits \u00e0 bord. Une exp\u00e9rience de navigation unique, avec la possibilit\u00e9 de participer aux t\u00e2ches \u00e0 bord. Un magnifique voyage en bateau qui couvre environ 108 milles nautiques.  <\/p>\n<p>Points forts<br \/>\nBateau priv\u00e9<\/p>\n<p>Dur\u00e9e : 3 jours. D\u00e9part \u00e0 18 heures et arriv\u00e9e \u00e0 18 heures <\/p>\n<p>Inclus<br \/>\nSkipper (en option)<br \/>\nDeux cabines doubles<br \/>\nDraps et serviettes<br \/>\nAssurance<br \/>\nCarburant<br \/>\nFrais de marina<br \/>\nFrais de nettoyage du bateau<br \/>\nInformations importantes<br \/>\nD\u00e9parts tous les jours de la semaine : Jour 1 de Ponta Delgada \u00e0 18 heures, jour 2 vers Santa Maria &amp; jour 3 arriv\u00e9e \u00e0 Ponta Delgada \u00e0 18 heures.<\/p>\n<p>Point de rencontre<br \/>\nA la marina &#8211; Marina Ponta Delgada<\/p>\n","protected":false},"excerpt":{"rendered":"<p>Que ce soit avec notre skipper \u00e0 bord ou non, viens profiter du plaisir de naviguer jusqu&rsquo;\u00e0 Santa Maria, avec un s\u00e9jour de deux nuits \u00e0 bord. Une exp\u00e9rience de navigation unique, avec la possibilit\u00e9 de participer aux t\u00e2ches \u00e0 bord. Un magnifique voyage en bateau qui couvre environ 108 milles nautiques.  <\/p>\n<p><script src=\"https:\/\/fareharbor.com\/embeds\/script\/calendar\/sail4sailing\/items\/472771\/?asn=fhdn-eur&amp;asn-ref=guidetotheazores&amp;ref=guidetotheazores&amp;bookable-only=yes&amp;full-items=yes&amp;marketplace=yes&amp;flow=no&amp;branding=no\"><\/script><\/p>\n<p>Dur\u00e9e : 3 jours<br \/>\nPoint de rencontre : Marina &#8211; Ponta Delgada<\/p>\n","protected":false},"featured_media":24763,"comment_status":"closed","ping_status":"closed","template":"","meta":{"_acf_changed":false},"product_brand":[19589],"product_cat":[19484,19527,19486,19506],"product_tag":[19528],"class_list":{"0":"post-24823","1":"product","2":"type-product","3":"status-publish","4":"has-post-thumbnail","6":"product_brand-sao-miguel","7":"product_cat-activites","8":"product_cat-sao-miguel","9":"product_cat-toutes-les-iles","10":"product_cat-voile","11":"product_tag-saomiguelisland","13":"first","14":"instock","15":"taxable","16":"shipping-taxable","17":"product-type-external"},"acf":[],"_links":{"self":[{"href":"https:\/\/guidetotheazores.pt\/fr\/wp-json\/wp\/v2\/product\/24823","targetHints":{"allow":["GET"]}}],"collection":[{"href":"https:\/\/guidetotheazores.pt\/fr\/wp-json\/wp\/v2\/product"}],"about":[{"href":"https:\/\/guidetotheazores.pt\/fr\/wp-json\/wp\/v2\/types\/product"}],"replies":[{"embeddable":true,"href":"https:\/\/guidetotheazores.pt\/fr\/wp-json\/wp\/v2\/comments?post=24823"}],"wp:featuredmedia":[{"embeddable":true,"href":"https:\/\/guidetotheazores.pt\/fr\/wp-json\/wp\/v2\/media\/24763"}],"wp:attachment":[{"href":"https:\/\/guidetotheazores.pt\/fr\/wp-json\/wp\/v2\/media?parent=24823"}],"wp:term":[{"taxonomy":"product_brand","embeddable":true,"href":"https:\/\/guidetotheazores.pt\/fr\/wp-json\/wp\/v2\/product_brand?post=24823"},{"taxonomy":"product_cat","embeddable":true,"href":"https:\/\/guidetotheazores.pt\/fr\/wp-json\/wp\/v2\/product_cat?post=24823"},{"taxonomy":"product_tag","embeddable":true,"href":"https:\/\/guidetotheazores.pt\/fr\/wp-json\/wp\/v2\/product_tag?post=24823"}],"curies":[{"name":"wp","href":"https:\/\/api.w.org\/{rel}","templated":true}]}}