{"id":24831,"date":"2025-03-12T17:07:29","date_gmt":"2025-03-12T18:07:29","guid":{"rendered":"https:\/\/guidetotheazores.pt\/product\/crystal-bubble-tente-geodesique\/"},"modified":"2025-03-12T17:07:29","modified_gmt":"2025-03-12T18:07:29","slug":"crystal-bubble-tente-geodesique","status":"publish","type":"product","link":"https:\/\/guidetotheazores.pt\/fr\/produit\/crystal-bubble-tente-geodesique\/","title":{"rendered":"Crystal Bubble &#8211; Tente g\u00e9od\u00e9sique"},"content":{"rendered":"<h3>L&rsquo;exp\u00e9rience d&rsquo;un camping, avec le confort et le raffinement d&rsquo;un h\u00f4tel.<\/h3>\n<p>Apr\u00e8s une journ\u00e9e pass\u00e9e \u00e0 explorer le patrimoine et la nature uniques de l&rsquo;\u00eele de Terceira, d\u00e9tends-toi dans une exquise tente g\u00e9od\u00e9sique.<\/p>\n<p>Lors de la r\u00e9servation de l&rsquo;h\u00e9bergement, tu peux choisir Simple (1 personne) ou Double (2 personnes) et ajouter jusqu&rsquo;\u00e0 3 lits suppl\u00e9mentaires (simples).<\/p>\n<p>Avec salle de bain priv\u00e9e, sans cabine de douche (vestiaires \u00e0 c\u00f4t\u00e9 du logement).<\/p>\n<p>Il n&rsquo;y a pas de cuisine.<\/p>\n","protected":false},"excerpt":{"rendered":"<p>Fais l&rsquo;exp\u00e9rience du camping de luxe sur l&rsquo;\u00eele de Terceira avec des tentes g\u00e9od\u00e9siques qui offrent le confort d&rsquo;un h\u00f4tel apr\u00e8s une journ\u00e9e d&rsquo;exploration de ce paradis portugais.<\/p>\n","protected":false},"featured_media":24832,"comment_status":"open","ping_status":"closed","template":"","meta":{"_acf_changed":false},"product_brand":[],"product_cat":[19519,19512,19497,19486],"product_tag":[19498],"class_list":{"0":"post-24831","1":"product","2":"type-product","3":"status-publish","4":"has-post-thumbnail","6":"product_cat-camping-et-glamping","7":"product_cat-hebergement","8":"product_cat-terceira","9":"product_cat-toutes-les-iles","10":"product_tag-terceiraisland","12":"first","13":"instock","14":"sold-individually","15":"taxable","16":"shipping-taxable","17":"purchasable","18":"product-type-phive_booking"},"acf":[],"_links":{"self":[{"href":"https:\/\/guidetotheazores.pt\/fr\/wp-json\/wp\/v2\/product\/24831","targetHints":{"allow":["GET"]}}],"collection":[{"href":"https:\/\/guidetotheazores.pt\/fr\/wp-json\/wp\/v2\/product"}],"about":[{"href":"https:\/\/guidetotheazores.pt\/fr\/wp-json\/wp\/v2\/types\/product"}],"replies":[{"embeddable":true,"href":"https:\/\/guidetotheazores.pt\/fr\/wp-json\/wp\/v2\/comments?post=24831"}],"wp:featuredmedia":[{"embeddable":true,"href":"https:\/\/guidetotheazores.pt\/fr\/wp-json\/wp\/v2\/media\/24832"}],"wp:attachment":[{"href":"https:\/\/guidetotheazores.pt\/fr\/wp-json\/wp\/v2\/media?parent=24831"}],"wp:term":[{"taxonomy":"product_brand","embeddable":true,"href":"https:\/\/guidetotheazores.pt\/fr\/wp-json\/wp\/v2\/product_brand?post=24831"},{"taxonomy":"product_cat","embeddable":true,"href":"https:\/\/guidetotheazores.pt\/fr\/wp-json\/wp\/v2\/product_cat?post=24831"},{"taxonomy":"product_tag","embeddable":true,"href":"https:\/\/guidetotheazores.pt\/fr\/wp-json\/wp\/v2\/product_tag?post=24831"}],"curies":[{"name":"wp","href":"https:\/\/api.w.org\/{rel}","templated":true}]}}