{"id":24955,"date":"2026-05-12T06:28:46","date_gmt":"2026-05-12T07:28:46","guid":{"rendered":"https:\/\/guidetotheazores.pt\/product\/vila-franca-do-campo-observation-des-oiseaux-et-plongee-en-apnee\/"},"modified":"2026-05-12T06:28:46","modified_gmt":"2026-05-12T07:28:46","slug":"vila-franca-do-campo-observation-des-oiseaux-et-plongee-en-apnee","status":"publish","type":"product","link":"https:\/\/guidetotheazores.pt\/fr\/produit\/vila-franca-do-campo-observation-des-oiseaux-et-plongee-en-apnee\/","title":{"rendered":"Vila Franca do Campo : Observation des oiseaux et plong\u00e9e en apn\u00e9e"},"content":{"rendered":"<h2>D\u00e9tails de l&rsquo;activit\u00e9<\/h2>\n<p>Embarque pour une excursion en bateau et observe la vie marine des Azores lors d&rsquo;une visite guid\u00e9e. D\u00e9couvre l&rsquo;incroyable histoire et les vues de l&rsquo;\u00eelot de Vila Franca do Campo. <\/p>\n<p>Ce qui est inclus<\/p>\n<p>Capitaine et \u00e9quipage exp\u00e9riment\u00e9s<\/p>\n<p>Bateau d&rsquo;une capacit\u00e9 de 10 personnes<\/p>\n<p>Gilets de sauvetage<\/p>\n<p>Kit de plong\u00e9e avec tuba<\/p>\n<p>Assurance<\/p>\n<p>Ce qui n&rsquo;est pas inclus<\/p>\n<p>Jumelles<\/p>\n<p>Itin\u00e9raire<\/p>\n<p>Point de rencontre <a style=\"cursor: pointer !important; user-select: none !important;\" href=\"https:\/\/maps.app.goo.gl\/STSSgCXcrWNw5qvDA\" target=\"_blank\" rel=\"noopener\">: https:\/\/maps.app.goo.gl\/STSSgCXcrWNw5qvDA<\/a><\/p>\n<p>Points forts<\/p>\n<p>Embarque pour une excursion en bateau et observe la vie marine et les oiseaux des A\u00e7ores. Rep\u00e8re les puffins, les mouettes \u00e0 pattes jaunes, les p\u00e9trels temp\u00eate, les crabes, et d\u00e9couvre bien d&rsquo;autres choses avec l&rsquo;aide de notre guide bien inform\u00e9. <\/p>\n<p>Pour \u00e9viter de perturber la vie marine, notre capitaine est assist\u00e9 par une \u00e9quipe professionnelle de vigies \u00e0 Vila Franca do Campo, et toutes les communications se font par radio VHF.<\/p>\n<p>\u00c0 la fin de l&rsquo;excursion, profite des eaux fantastiques des A\u00e7ores \u00e0 l&#8217;embouchure de l&rsquo;\u00eelot Vila Franca do Campo et fais de la plong\u00e9e avec masque et tuba.<\/p>\n","protected":false},"excerpt":{"rendered":"<p>D\u00e9tails de l&rsquo;activit\u00e9 Embarque pour une excursion en bateau et observe la vie marine des Azores lors d&rsquo;une visite guid\u00e9e.<\/p>\n","protected":false},"featured_media":24931,"comment_status":"closed","ping_status":"closed","template":"","meta":{"_acf_changed":false},"product_brand":[19589],"product_cat":[19484,19547,19545,19527,19486],"product_tag":[19528],"class_list":{"0":"post-24955","1":"product","2":"type-product","3":"status-publish","4":"has-post-thumbnail","6":"product_brand-sao-miguel","7":"product_cat-activites","8":"product_cat-observation-des-oiseaux","9":"product_cat-plongee-en-apnee","10":"product_cat-sao-miguel","11":"product_cat-toutes-les-iles","12":"product_tag-saomiguelisland","14":"first","15":"instock","16":"taxable","17":"shipping-taxable","18":"product-type-external"},"acf":[],"_links":{"self":[{"href":"https:\/\/guidetotheazores.pt\/fr\/wp-json\/wp\/v2\/product\/24955","targetHints":{"allow":["GET"]}}],"collection":[{"href":"https:\/\/guidetotheazores.pt\/fr\/wp-json\/wp\/v2\/product"}],"about":[{"href":"https:\/\/guidetotheazores.pt\/fr\/wp-json\/wp\/v2\/types\/product"}],"replies":[{"embeddable":true,"href":"https:\/\/guidetotheazores.pt\/fr\/wp-json\/wp\/v2\/comments?post=24955"}],"wp:featuredmedia":[{"embeddable":true,"href":"https:\/\/guidetotheazores.pt\/fr\/wp-json\/wp\/v2\/media\/24931"}],"wp:attachment":[{"href":"https:\/\/guidetotheazores.pt\/fr\/wp-json\/wp\/v2\/media?parent=24955"}],"wp:term":[{"taxonomy":"product_brand","embeddable":true,"href":"https:\/\/guidetotheazores.pt\/fr\/wp-json\/wp\/v2\/product_brand?post=24955"},{"taxonomy":"product_cat","embeddable":true,"href":"https:\/\/guidetotheazores.pt\/fr\/wp-json\/wp\/v2\/product_cat?post=24955"},{"taxonomy":"product_tag","embeddable":true,"href":"https:\/\/guidetotheazores.pt\/fr\/wp-json\/wp\/v2\/product_tag?post=24955"}],"curies":[{"name":"wp","href":"https:\/\/api.w.org\/{rel}","templated":true}]}}