{"id":25042,"date":"2026-05-13T07:52:53","date_gmt":"2026-05-13T08:52:53","guid":{"rendered":"https:\/\/guidetotheazores.pt\/product\/excursion-privee-personnalisee-dune-journee-entiere-1-4-personnes\/"},"modified":"2026-05-13T07:52:53","modified_gmt":"2026-05-13T08:52:53","slug":"excursion-privee-personnalisee-dune-journee-entiere-1-4-personnes","status":"publish","type":"product","link":"https:\/\/guidetotheazores.pt\/fr\/produit\/excursion-privee-personnalisee-dune-journee-entiere-1-4-personnes\/","title":{"rendered":"Excursion priv\u00e9e personnalis\u00e9e d&rsquo;une journ\u00e9e enti\u00e8re 1-4 personnes"},"content":{"rendered":"<h1><em>Excursion d&rsquo;une journ\u00e9e compl\u00e8te avec d\u00e9jeuner inclus !<\/em><\/h1>\n<hr>\n<h2>Dur\u00e9e<\/h2>\n<p>8 heures<\/p>\n<hr>\n<h2>\u00c0 propos de<\/h2>\n<p>Excursion priv\u00e9e d&rsquo;une journ\u00e9e compl\u00e8te pour 4 personnes maximum. Tu peux personnaliser cette excursion pour aller \u00e0 Sete Cidade &amp; Lagoa do Fogo, Furnas ou Nordeste. Cette excursion comprend le d\u00e9jeuner et les boissons.  <\/p>\n<h2>Ramasser<\/h2>\n<p>Prise en charge \u00e0 n&rsquo;importe quel h\u00f4tel de Ponta Delgada entre 09h00 et 09h15.<\/p>\n","protected":false},"excerpt":{"rendered":"<p>Excursion priv\u00e9e d&rsquo;une journ\u00e9e compl\u00e8te pour 4 personnes maximum. Tu peux personnaliser cette excursion pour aller \u00e0 Sete Cidade &amp; Lagoa do Fogo, Furnas ou Nordeste. Cette excursion comprend le d\u00e9jeuner et les boissons.  <\/p>\n<p>&lt;script src= \u00ab\u00a0https:\/\/fareharbor.com\/embeds\/script\/calendar\/greenzoneazores\/items\/461187\/?asn=fhdn-eur&amp;asn-ref=guidetotheazores&amp;ref=guidetotheazores&amp;bookable-only=yes&amp;full-items=yes&amp;marketplace=yes&amp;flow=no&amp;branding=no\u00a0\u00bb&gt;&lt;\/script&gt;<\/p>\n<p>&nbsp;<\/p>\n","protected":false},"featured_media":25028,"comment_status":"closed","ping_status":"closed","template":"","meta":{"_acf_changed":false},"product_brand":[19589],"product_cat":[19484,19527,19486,19500],"product_tag":[19528],"class_list":{"0":"post-25042","1":"product","2":"type-product","3":"status-publish","4":"has-post-thumbnail","6":"product_brand-sao-miguel","7":"product_cat-activites","8":"product_cat-sao-miguel","9":"product_cat-toutes-les-iles","10":"product_cat-visites-guidees","11":"product_tag-saomiguelisland","13":"first","14":"instock","15":"taxable","16":"shipping-taxable","17":"product-type-external"},"acf":[],"_links":{"self":[{"href":"https:\/\/guidetotheazores.pt\/fr\/wp-json\/wp\/v2\/product\/25042","targetHints":{"allow":["GET"]}}],"collection":[{"href":"https:\/\/guidetotheazores.pt\/fr\/wp-json\/wp\/v2\/product"}],"about":[{"href":"https:\/\/guidetotheazores.pt\/fr\/wp-json\/wp\/v2\/types\/product"}],"replies":[{"embeddable":true,"href":"https:\/\/guidetotheazores.pt\/fr\/wp-json\/wp\/v2\/comments?post=25042"}],"wp:featuredmedia":[{"embeddable":true,"href":"https:\/\/guidetotheazores.pt\/fr\/wp-json\/wp\/v2\/media\/25028"}],"wp:attachment":[{"href":"https:\/\/guidetotheazores.pt\/fr\/wp-json\/wp\/v2\/media?parent=25042"}],"wp:term":[{"taxonomy":"product_brand","embeddable":true,"href":"https:\/\/guidetotheazores.pt\/fr\/wp-json\/wp\/v2\/product_brand?post=25042"},{"taxonomy":"product_cat","embeddable":true,"href":"https:\/\/guidetotheazores.pt\/fr\/wp-json\/wp\/v2\/product_cat?post=25042"},{"taxonomy":"product_tag","embeddable":true,"href":"https:\/\/guidetotheazores.pt\/fr\/wp-json\/wp\/v2\/product_tag?post=25042"}],"curies":[{"name":"wp","href":"https:\/\/api.w.org\/{rel}","templated":true}]}}