{"id":25137,"date":"2026-05-13T13:47:00","date_gmt":"2026-05-13T14:47:00","guid":{"rendered":"https:\/\/guidetotheazores.pt\/product\/sentier-des-4-lacs-avec-dejeuner\/"},"modified":"2026-05-13T13:47:00","modified_gmt":"2026-05-13T14:47:00","slug":"sentier-des-4-lacs-avec-dejeuner","status":"publish","type":"product","link":"https:\/\/guidetotheazores.pt\/fr\/produit\/sentier-des-4-lacs-avec-dejeuner\/","title":{"rendered":"Sentier des 4 lacs avec d\u00e9jeuner"},"content":{"rendered":"<p>D\u00e9tails de l&rsquo;activit\u00e9<br \/>\nCet itin\u00e9raire t&#8217;emm\u00e8ne sur le plateau central, o\u00f9 la nature se r\u00e9v\u00e8le sous sa forme la plus pure.<\/p>\n<p>Nous commen\u00e7ons par le point de vue des Lagoas Negra et Comprida, qui offre une vue imprenable sur deux des paysages les plus c\u00e9l\u00e8bres de l&rsquo;\u00eele. Nous nous dirigeons ensuite vers Lagoa Seca et Lagoa Branca, une zone paisible qui regorge d&rsquo;oiseaux migrateurs et indig\u00e8nes. <\/p>\n<p>En chemin, nous traversons des zones vertes et des terrains plus rocailleux, l&rsquo;oc\u00e9an \u00e9tant toujours pr\u00e9sent et fa\u00e7onnant le paysage.<\/p>\n<p>La derni\u00e8re partie du sentier comprend une descente vers Faj\u00e3 Grande, la paroisse la plus \u00e0 l&rsquo;ouest d&rsquo;Europe, au niveau de la c\u00e9l\u00e8bre cascade Po\u00e7o do Bacalhau &#8211; un endroit id\u00e9al pour se reposer et l&rsquo;occasion de faire un plongeon dans la chute d&rsquo;eau.<\/p>\n<p>Et pour terminer la journ\u00e9e, un d\u00e9licieux d\u00e9jeuner impr\u00e9gn\u00e9 de la culture locale te sera servi.<\/p>\n<p>Une exp\u00e9rience con\u00e7ue pour ceux qui recherchent la nature, la simplicit\u00e9 et des moments qui resteront \u00e0 jamais grav\u00e9s dans leur m\u00e9moire.<\/p>\n<p>Ce qui est inclus<br \/>\nGuide local<br \/>\nTransfert de la boutique Experience OC<br \/>\nD\u00e9jeuner local avec une boisson incluse (verre de jus ou de vin, ou bouteille d&rsquo;eau de 33 ml)<br \/>\nAssurance<\/p>\n<p>Ce qui n&rsquo;est pas inclus<br \/>\nD\u00e9penses personnelles<br \/>\nBoissons suppl\u00e9mentaires ou articles non mentionn\u00e9s<br \/>\n\u00c9quipement de randonn\u00e9e personnel<br \/>\nPourboires (facultatifs)<\/p>\n<p>Itin\u00e9raire<br \/>\nD\u00e9but de la marche au point de vue des Lagoas Negra et Comprida<br \/>\nPassage par Lagoa Seca<br \/>\nZone d&rsquo;observation des oiseaux \u00e0 Lagoa Branca<br \/>\nMarche sur le plateau central de l&rsquo;\u00eele<br \/>\nDescente par la paroi rocheuse de Faj\u00e3 Grande<br \/>\nFin de l&rsquo;activit\u00e9 au Po\u00e7o do Bacalhau, avec possibilit\u00e9 de se baigner<br \/>\nD\u00e9jeuner<\/p>\n<p>Points forts<br \/>\nTrail \u00e0 travers le plateau central de l&rsquo;\u00eele de Flores, en contact \u00e9troit avec la nature.<\/p>\n<p>Vue sur les lagunes Negra, Comprida, Seca et Branca<\/p>\n<p>Un endroit id\u00e9al pour observer les oiseaux<\/p>\n<p>Itin\u00e9raire offrant une vari\u00e9t\u00e9 de paysages, allant des espaces verts aux terrains rocailleux.<\/p>\n<p>Descente vers Faj\u00e3 Grande, le village le plus \u00e0 l&rsquo;ouest d&rsquo;Europe.<\/p>\n<p>Se termine au Po\u00e7o do Bacalhau, id\u00e9al pour se reposer et se baigner (si le temps le permet).<\/p>\n","protected":false},"excerpt":{"rendered":"<p>Cet itin\u00e9raire t&#8217;emm\u00e8ne sur le plateau central, o\u00f9 la nature se r\u00e9v\u00e8le sous sa forme la plus pure.<\/p>\n<p>Nous commen\u00e7ons par le point de vue des Lagoas Negra et Comprida, qui offre une vue imprenable sur deux des paysages les plus c\u00e9l\u00e8bres de l&rsquo;\u00eele. Nous nous dirigeons ensuite vers Lagoa Seca et Lagoa Branca, une zone paisible qui regorge d&rsquo;oiseaux migrateurs et indig\u00e8nes. <\/p>\n<p><script src=\"https:\/\/fareharbor.com\/embeds\/script\/calendar\/experienceoc\/items\/127182\/?asn=fhdn-eur&amp;asn-ref=guidetotheazores&amp;ref=guidetotheazores&amp;bookable-only=yes&amp;full-items=yes&amp;marketplace=yes&amp;flow=no&amp;branding=no\"><\/script><\/p>\n<p>Dur\u00e9e : 4 heures<\/p>\n<p>Point de rencontre : Exp\u00e9rience OC<\/p>\n<p>Annulations : annulations effectu\u00e9es moins de 72 heures \u00e0 l&rsquo;avance &#8211; 100 % du montant total sera factur\u00e9.<\/p>\n","protected":false},"featured_media":25128,"comment_status":"closed","ping_status":"closed","template":"","meta":{"_acf_changed":false},"product_brand":[19601],"product_cat":[19484,19523,19486,19500],"product_tag":[19524],"class_list":{"0":"post-25137","1":"product","2":"type-product","3":"status-publish","4":"has-post-thumbnail","6":"product_brand-flores","7":"product_cat-activites","8":"product_cat-flores","9":"product_cat-toutes-les-iles","10":"product_cat-visites-guidees","11":"product_tag-ile-aux-fleurs","13":"first","14":"instock","15":"taxable","16":"shipping-taxable","17":"product-type-external"},"acf":[],"_links":{"self":[{"href":"https:\/\/guidetotheazores.pt\/fr\/wp-json\/wp\/v2\/product\/25137","targetHints":{"allow":["GET"]}}],"collection":[{"href":"https:\/\/guidetotheazores.pt\/fr\/wp-json\/wp\/v2\/product"}],"about":[{"href":"https:\/\/guidetotheazores.pt\/fr\/wp-json\/wp\/v2\/types\/product"}],"replies":[{"embeddable":true,"href":"https:\/\/guidetotheazores.pt\/fr\/wp-json\/wp\/v2\/comments?post=25137"}],"wp:featuredmedia":[{"embeddable":true,"href":"https:\/\/guidetotheazores.pt\/fr\/wp-json\/wp\/v2\/media\/25128"}],"wp:attachment":[{"href":"https:\/\/guidetotheazores.pt\/fr\/wp-json\/wp\/v2\/media?parent=25137"}],"wp:term":[{"taxonomy":"product_brand","embeddable":true,"href":"https:\/\/guidetotheazores.pt\/fr\/wp-json\/wp\/v2\/product_brand?post=25137"},{"taxonomy":"product_cat","embeddable":true,"href":"https:\/\/guidetotheazores.pt\/fr\/wp-json\/wp\/v2\/product_cat?post=25137"},{"taxonomy":"product_tag","embeddable":true,"href":"https:\/\/guidetotheazores.pt\/fr\/wp-json\/wp\/v2\/product_tag?post=25137"}],"curies":[{"name":"wp","href":"https:\/\/api.w.org\/{rel}","templated":true}]}}