{"id":25141,"date":"2026-05-13T10:21:38","date_gmt":"2026-05-13T11:21:38","guid":{"rendered":"https:\/\/guidetotheazores.pt\/product\/experience-extreme-des-chutes-deau-avec-pique-nique\/"},"modified":"2026-05-13T10:21:38","modified_gmt":"2026-05-13T11:21:38","slug":"experience-extreme-des-chutes-deau-avec-pique-nique","status":"publish","type":"product","link":"https:\/\/guidetotheazores.pt\/fr\/produit\/experience-extreme-des-chutes-deau-avec-pique-nique\/","title":{"rendered":"Exp\u00e9rience extr\u00eame des chutes d&rsquo;eau avec pique-nique"},"content":{"rendered":"<p>D\u00e9tails de l&rsquo;activit\u00e9<br \/>\nUn sentier difficile menant aux chutes d&rsquo;eau cach\u00e9es de l&rsquo;\u00eele de Flores, reconnue par Turismo de Portugal mais rarement visit\u00e9e par les touristes. Accompagn\u00e9s par des guides locaux, tu suivras des sentiers hors des sentiers battus, en t&rsquo;arr\u00eatant pour te baigner dans le paysage naturel unique de l&rsquo;Atlantique Nord. <\/p>\n<p>C&rsquo;est une exp\u00e9rience con\u00e7ue pour ceux qui recherchent un d\u00e9fi et un contact authentique avec la nature.<br \/>\nTout au long du parcours, nous visitons certaines des chutes d&rsquo;eau les plus impressionnantes de l&rsquo;\u00eele, accessibles uniquement \u00e0 ceux qui connaissent bien le terrain.<\/p>\n<p>Plus qu&rsquo;un simple sentier, c&rsquo;est une fa\u00e7on diff\u00e9rente et intense de d\u00e9couvrir l&rsquo;\u00eele de Flores.<\/p>\n<p>Apr\u00e8s le sentier, un pique-nique compos\u00e9 de produits locaux est pr\u00e9vu, ainsi qu&rsquo;une pause repos.<\/p>\n<p>Ce qui est inclus<br \/>\nGuide local certifi\u00e9<br \/>\nBriefing initial sur la s\u00e9curit\u00e9<br \/>\nAssurance<br \/>\nAccompagnement et soutien technique tout au long du parcours<br \/>\nCollation (pique-nique)<\/p>\n<p>Ce qui n&rsquo;est pas inclus<br \/>\nTransport jusqu&rsquo;au point de d\u00e9part de l&rsquo;activit\u00e9<\/p>\n<p>Equipement personnel (chaussures et v\u00eatements adapt\u00e9s)<\/p>\n<p>D\u00e9penses personnelles<\/p>\n<p>Itin\u00e9raire<br \/>\nItin\u00e9raire<br \/>\nCascade de Ribeira do Cascalho<br \/>\nDistance : 1,1 km | Difficult\u00e9 : Mod\u00e9r\u00e9e<br \/>\nD\u00e9nivel\u00e9 total : 51 m | Dur\u00e9e : 2 heures | Baignade : Oui<\/p>\n<p>Cascade de Ribeira Grande<br \/>\nDistance de marche : 3 km | D\u00e9nivel\u00e9 total : 206 m<br \/>\nDifficult\u00e9 : Elev\u00e9e | Dur\u00e9e : 2h30 | Baignade : Non<\/p>\n<p>Cascade de Ribeira do C\u00e3o<br \/>\nDistance : 2 km | D\u00e9nivel\u00e9 total : 241 m<br \/>\nDifficult\u00e9 : Moyenne | Dur\u00e9e : 1h30 | Natation : Non<\/p>\n<p>Cascades de Ribeira Jos\u00e9 Fraga<br \/>\nDistance : 1,7 km | D\u00e9nivel\u00e9 total : 98 m<br \/>\nDifficult\u00e9 : Elev\u00e9e | Dur\u00e9e : 2h30 | Baignade : Oui<\/p>\n<p>Points forts<br \/>\nAcc\u00e8s \u00e0 des chutes d&rsquo;eau cach\u00e9es, peu connues des visiteurs.<\/p>\n<p>Un sentier stimulant, id\u00e9al pour ceux qui recherchent l&rsquo;aventure et les longues marches.<\/p>\n<p>Possibilit\u00e9 de se baigner dans des eaux naturelles entour\u00e9es de nature.<\/p>\n<p>Des guides locaux exp\u00e9riment\u00e9s qui connaissent les chemins les moins \u00e9vidents.<\/p>\n<p>Contact avec la vraie nature sauvage de l&rsquo;\u00eele de Flores<\/p>\n<p>Une exp\u00e9rience exclusive, loin des foules et des circuits touristiques habituels.<\/p>\n","protected":false},"excerpt":{"rendered":"<p>Un sentier difficile menant aux cascades cach\u00e9es de l&rsquo;\u00eele de Flores, reconnue par Turismo de Portugal mais rarement visit\u00e9e par les touristes. Accompagn\u00e9s par des guides locaux, tu suivras des sentiers hors des sentiers battus, en t&rsquo;arr\u00eatant pour te baigner dans le paysage naturel unique de l&rsquo;Atlantique Nord. <\/p>\n<p><script src=\"https:\/\/fareharbor.com\/embeds\/script\/calendar\/experienceoc\/items\/277532\/?asn=fhdn-eur&amp;asn-ref=guidetotheazores&amp;ref=guidetotheazores&amp;bookable-only=yes&amp;full-items=yes&amp;marketplace=yes&amp;flow=no&amp;branding=no\"><\/script><\/p>\n<p>Dur\u00e9e : 6 heures<\/p>\n<p>Point de rencontre : Magasin Experience OC<\/p>\n<p>Annulations : annulations effectu\u00e9es moins de 72 heures \u00e0 l&rsquo;avance : 100 % du montant total sera factur\u00e9.<\/p>\n<p>\u00c2ge : 16 ans et plus<\/p>\n","protected":false},"featured_media":25101,"comment_status":"closed","ping_status":"closed","template":"","meta":{"_acf_changed":false},"product_brand":[19601],"product_cat":[19484,19523,19486,19500],"product_tag":[19524],"class_list":{"0":"post-25141","1":"product","2":"type-product","3":"status-publish","4":"has-post-thumbnail","6":"product_brand-flores","7":"product_cat-activites","8":"product_cat-flores","9":"product_cat-toutes-les-iles","10":"product_cat-visites-guidees","11":"product_tag-ile-aux-fleurs","13":"first","14":"instock","15":"taxable","16":"shipping-taxable","17":"product-type-external"},"acf":[],"_links":{"self":[{"href":"https:\/\/guidetotheazores.pt\/fr\/wp-json\/wp\/v2\/product\/25141","targetHints":{"allow":["GET"]}}],"collection":[{"href":"https:\/\/guidetotheazores.pt\/fr\/wp-json\/wp\/v2\/product"}],"about":[{"href":"https:\/\/guidetotheazores.pt\/fr\/wp-json\/wp\/v2\/types\/product"}],"replies":[{"embeddable":true,"href":"https:\/\/guidetotheazores.pt\/fr\/wp-json\/wp\/v2\/comments?post=25141"}],"wp:featuredmedia":[{"embeddable":true,"href":"https:\/\/guidetotheazores.pt\/fr\/wp-json\/wp\/v2\/media\/25101"}],"wp:attachment":[{"href":"https:\/\/guidetotheazores.pt\/fr\/wp-json\/wp\/v2\/media?parent=25141"}],"wp:term":[{"taxonomy":"product_brand","embeddable":true,"href":"https:\/\/guidetotheazores.pt\/fr\/wp-json\/wp\/v2\/product_brand?post=25141"},{"taxonomy":"product_cat","embeddable":true,"href":"https:\/\/guidetotheazores.pt\/fr\/wp-json\/wp\/v2\/product_cat?post=25141"},{"taxonomy":"product_tag","embeddable":true,"href":"https:\/\/guidetotheazores.pt\/fr\/wp-json\/wp\/v2\/product_tag?post=25141"}],"curies":[{"name":"wp","href":"https:\/\/api.w.org\/{rel}","templated":true}]}}