{"id":25145,"date":"2026-05-13T10:09:20","date_gmt":"2026-05-13T11:09:20","guid":{"rendered":"https:\/\/guidetotheazores.pt\/product\/excursion-dune-demi-journee-chutes-deau-et-nord-baignade-facultative-au-poco-do-bacalhau\/"},"modified":"2026-05-13T10:09:20","modified_gmt":"2026-05-13T11:09:20","slug":"excursion-dune-demi-journee-chutes-deau-et-nord-baignade-facultative-au-poco-do-bacalhau","status":"publish","type":"product","link":"https:\/\/guidetotheazores.pt\/fr\/produit\/excursion-dune-demi-journee-chutes-deau-et-nord-baignade-facultative-au-poco-do-bacalhau\/","title":{"rendered":"Excursion d&rsquo;une demi-journ\u00e9e &#8211; Chutes d&rsquo;eau et Nord &#8211; baignade facultative au Po\u00e7o do Bacalhau"},"content":{"rendered":"<p>D\u00e9tails de l&rsquo;excursion<br \/>\nLors de cette excursion d&rsquo;une demi-journ\u00e9e, nous explorons le c\u00f4t\u00e9 nord de l&rsquo;\u00eele de Flores, une r\u00e9gion parsem\u00e9e de points de vue sur l&rsquo;Atlantique, notamment l&rsquo;\u00eele de Corvo, et les chutes d&rsquo;eau qui ont donn\u00e9 leur nom \u00e0 l&rsquo;\u00eele.<\/p>\n<p>L&rsquo;itin\u00e9raire s&rsquo;arr\u00eate \u00e0 des endroits embl\u00e9matiques tels que le point de vue d&rsquo;Alagoa, Ponta Ruiva, Ilh\u00e9u Furado et Ponta Delgada, ainsi que l&#8217;embl\u00e9matique cascade Po\u00e7o da Ribeira do Ferreiro et la charmante Faj\u00e3 Grande. C&rsquo;est le moyen id\u00e9al de d\u00e9couvrir l&rsquo;essence naturelle et tranquille de Flores, avec du temps pour prendre des photos, profiter du paysage et m\u00eame faire une baignade rafra\u00eechissante dans le Po\u00e7o do Bacalhau. <\/p>\n<p>Cette visite est con\u00e7ue pour ceux qui arrivent sur l&rsquo;\u00eele avec un temps limit\u00e9 et qui veulent voir les points forts du nord. Il peut se faire en une matin\u00e9e ou un apr\u00e8s-midi, offrant une exp\u00e9rience compl\u00e8te et sans pr\u00e9cipitation. <\/p>\n<p>Ce qui est inclus<br \/>\nTransport aller-retour depuis ton h\u00e9bergement, pour que tu n&rsquo;aies pas \u00e0 te soucier des d\u00e9placements.<\/p>\n<p>Un guide local qui conna\u00eet l&rsquo;histoire, la culture et la nature de l&rsquo;\u00eele.<\/p>\n<p>S&rsquo;arr\u00eate aux principaux points de vue et points d&rsquo;int\u00e9r\u00eat du c\u00f4t\u00e9 nord.<\/p>\n<p>Temps libre pour prendre des photos et profiter du paysage \u00e0 ta guise.<\/p>\n<p>Arr\u00eate-toi au Po\u00e7o do Bacalhau avec la possibilit\u00e9 de te baigner.<\/p>\n<p>L&rsquo;assurance responsabilit\u00e9 civile et l&rsquo;assurance individuelle contre les accidents.<\/p>\n<p>Ce qui n&rsquo;est pas inclus<br \/>\nNourriture et boissons pendant l&rsquo;excursion.<\/p>\n<p>Les objets personnels tels que les maillots de bain ou les serviettes.<\/p>\n<p>D\u00e9penses personnelles dans les \u00e9tablissements locaux.<\/p>\n<p>Services suppl\u00e9mentaires non mentionn\u00e9s comme \u00e9tant inclus.<\/p>\n<p>Itin\u00e9raire<br \/>\nUn circuit complet, organis\u00e9 pour que tu puisses profiter de chaque instant sans te soucier de rien.<\/p>\n<p>Point de vue d&rsquo;Alagoa<br \/>\nPonta Ruiva (mus\u00e9e + point de vue d&rsquo;Ilh\u00e9u Furado)<br \/>\nPoint de vue de Ponta Delgada<br \/>\nPo\u00e7o da Ribeira do Ferreiro &#8211; Promenade facile d&rsquo;environ 1.5 km<br \/>\nFaj\u00e3 Grande,<br \/>\nPo\u00e7o do Bacalhau avec le temps de prendre des photos et m\u00eame de faire trempette dans Po\u00e7o do Bacalhau.<br \/>\nPonta da Faj\u00e3.<br \/>\nPoints forts<br \/>\nExplore le meilleur de la c\u00f4te nord de Flores en seulement une demi-journ\u00e9e.<\/p>\n<p>Points de vue sur l&rsquo;Atlantique et l&rsquo;\u00eele de Corvo.<\/p>\n<p>Visite des sites embl\u00e9matiques tels que le Po\u00e7o da Ribeira do Ferreiro et Faj\u00e3 Grande.<\/p>\n<p>D\u00e9couvre des formations rocheuses saisissantes telles que Alagoa et Ponta Ruiva.<\/p>\n<p>C&rsquo;est l&rsquo;heure de la baignade rafra\u00eechissante \u00e0 Po\u00e7o do Bacalhau.<\/p>\n<p>Exp\u00e9rience accompagn\u00e9e par des guides locaux qui connaissent l&rsquo;histoire et la nature de l&rsquo;\u00eele.<\/p>\n<p>Circuit organis\u00e9 pour que tu puisses profiter au maximum de l&rsquo;\u00eele, m\u00eame avec un temps limit\u00e9.<\/p>\n","protected":false},"excerpt":{"rendered":"<p>Lors de cette excursion d&rsquo;une demi-journ\u00e9e, nous explorons le c\u00f4t\u00e9 nord de l&rsquo;\u00eele de Flores, une r\u00e9gion parsem\u00e9e de points de vue sur l&rsquo;Atlantique, notamment l&rsquo;\u00eele de Corvo, et les chutes d&rsquo;eau qui ont donn\u00e9 leur nom \u00e0 l&rsquo;\u00eele.<\/p>\n<p><script src=\"https:\/\/fareharbor.com\/embeds\/script\/calendar\/experienceoc\/items\/127199\/?asn=fhdn-eur&amp;asn-ref=guidetotheazores&amp;ref=guidetotheazores&amp;bookable-only=yes&amp;full-items=yes&amp;marketplace=yes&amp;flow=no&amp;branding=no\"><\/script><\/p>\n<p>Dur\u00e9e : 4 heures<\/p>\n<p>Point de rencontre : Boutique Experience OC<\/p>\n<p>Disponible en : Anglais, espagnol, fran\u00e7ais<\/p>\n<p>Annulations : annulations effectu\u00e9es moins de 72 heures \u00e0 l&rsquo;avance : 100% du montant total sera factur\u00e9.<\/p>\n","protected":false},"featured_media":25085,"comment_status":"closed","ping_status":"closed","template":"","meta":{"_acf_changed":false},"product_brand":[19601],"product_cat":[19484,19523,19486,19500],"product_tag":[19524],"class_list":{"0":"post-25145","1":"product","2":"type-product","3":"status-publish","4":"has-post-thumbnail","6":"product_brand-flores","7":"product_cat-activites","8":"product_cat-flores","9":"product_cat-toutes-les-iles","10":"product_cat-visites-guidees","11":"product_tag-ile-aux-fleurs","13":"first","14":"instock","15":"taxable","16":"shipping-taxable","17":"product-type-external"},"acf":[],"_links":{"self":[{"href":"https:\/\/guidetotheazores.pt\/fr\/wp-json\/wp\/v2\/product\/25145","targetHints":{"allow":["GET"]}}],"collection":[{"href":"https:\/\/guidetotheazores.pt\/fr\/wp-json\/wp\/v2\/product"}],"about":[{"href":"https:\/\/guidetotheazores.pt\/fr\/wp-json\/wp\/v2\/types\/product"}],"replies":[{"embeddable":true,"href":"https:\/\/guidetotheazores.pt\/fr\/wp-json\/wp\/v2\/comments?post=25145"}],"wp:featuredmedia":[{"embeddable":true,"href":"https:\/\/guidetotheazores.pt\/fr\/wp-json\/wp\/v2\/media\/25085"}],"wp:attachment":[{"href":"https:\/\/guidetotheazores.pt\/fr\/wp-json\/wp\/v2\/media?parent=25145"}],"wp:term":[{"taxonomy":"product_brand","embeddable":true,"href":"https:\/\/guidetotheazores.pt\/fr\/wp-json\/wp\/v2\/product_brand?post=25145"},{"taxonomy":"product_cat","embeddable":true,"href":"https:\/\/guidetotheazores.pt\/fr\/wp-json\/wp\/v2\/product_cat?post=25145"},{"taxonomy":"product_tag","embeddable":true,"href":"https:\/\/guidetotheazores.pt\/fr\/wp-json\/wp\/v2\/product_tag?post=25145"}],"curies":[{"name":"wp","href":"https:\/\/api.w.org\/{rel}","templated":true}]}}