{"id":25150,"date":"2026-05-13T09:57:01","date_gmt":"2026-05-13T10:57:01","guid":{"rendered":"https:\/\/guidetotheazores.pt\/product\/excursion-dune-demi-journee-dans-les-lagunes-et-le-sud-baignade-facultative-a-poco-redondo\/"},"modified":"2026-05-13T09:57:01","modified_gmt":"2026-05-13T10:57:01","slug":"excursion-dune-demi-journee-dans-les-lagunes-et-le-sud-baignade-facultative-a-poco-redondo","status":"publish","type":"product","link":"https:\/\/guidetotheazores.pt\/fr\/produit\/excursion-dune-demi-journee-dans-les-lagunes-et-le-sud-baignade-facultative-a-poco-redondo\/","title":{"rendered":"Excursion d&rsquo;une demi-journ\u00e9e dans les lagunes et le sud &#8211; baignade facultative \u00e0 Po\u00e7o Redondo"},"content":{"rendered":"<p>D\u00e9tails de la visite<br \/>\nLors de cette visite, con\u00e7ue pour ceux qui disposent de peu de temps sur l&rsquo;\u00eele, nous visitons les lagons les plus embl\u00e9matiques de l&rsquo;\u00eele. Les 7 lagons : Negra, Comprida, Branca, Seca, Rasa, Funda et Lomba &#8211; entour\u00e9s d&rsquo;une v\u00e9g\u00e9tation presque intacte. <\/p>\n<p>La visite combine la nature, les couleurs, les textures et l&rsquo;histoire locale, en passant par des points de vue tels que Craveiro Lopes et Portal, Rocha dos Bord\u00f5es, la c\u00e9l\u00e8bre Rocha dos Frades et la paroisse historique de Lajes das Flores.<\/p>\n<p>\u00c0 la fin, il reste du temps pour se d\u00e9tendre et, si le temps le permet, faire un plongeon dans les eaux cristallines du Po\u00e7o Redondo, un endroit encore rarement visit\u00e9 par les touristes.<\/p>\n<p>Ce qui est inclus<br \/>\nPrise en charge et retour \u00e0 ton h\u00e9bergement<br \/>\nGuide local certifi\u00e9 (portugais, anglais, espagnol et fran\u00e7ais)<br \/>\nTransport dans un v\u00e9hicule confortable<br \/>\nAssurance<br \/>\nArr\u00eat pour une baignade \u00e0 Po\u00e7o Redondo.<\/p>\n<p>Ce qui n&rsquo;est pas inclus<br \/>\nD\u00e9jeuner<br \/>\nArticles personnels<br \/>\nMaillots de bain, serviettes et accessoires<\/p>\n<p>Itin\u00e9raire<br \/>\nPrise en charge \u00e0 ton h\u00e9bergement ou au magasin Experience OC<\/p>\n<p>Lagoas Negra et Comprida<br \/>\nLagoas Branca et Seca<br \/>\nLagoa Rasa et Funda, Lomba<br \/>\nPoints de vue : Craveiro Lopes et Portal<br \/>\nVila das Lajes das Flores<br \/>\nRocha dos Frades<br \/>\nRocha dos Bord\u00f5es<br \/>\nMus\u00e9e des baleines (si disponible)<br \/>\nPo\u00e7o Redondo (baignade facultative)<br \/>\nRetour au magasin Experience OC et\/ou \u00e0 l&rsquo;h\u00e9bergement<\/p>\n<p>Points forts<br \/>\nVisite des 7 lagunes, de la Rocha dos Bord\u00f5es et du point de vue de Portal.<\/p>\n<p>Une baignade dans le Po\u00e7o Redondo, pour se d\u00e9tendre et se rafra\u00eechir \u00e0 la fin de l&rsquo;excursion.<\/p>\n<p>Une promenade dans le village historique de Lajes<\/p>\n<p>Guides locaux, certifi\u00e9s et sp\u00e9cialis\u00e9s dans les esp\u00e8ces end\u00e9miques et l&rsquo;histoire de l&rsquo;\u00eele.<\/p>\n<p>Une exp\u00e9rience courte, intense et m\u00e9morable, mettant en valeur les principales attractions naturelles de l&rsquo;\u00eele.<\/p>\n","protected":false},"excerpt":{"rendered":"<p>Lors de cette excursion, con\u00e7ue pour ceux qui disposent de peu de temps sur l&rsquo;\u00eele, nous visitons les lagons les plus embl\u00e9matiques de l&rsquo;\u00eele. Les 7 lagons : Negra, Comprida, Branca, Seca, Rasa, Funda et Lomba &#8211; entour\u00e9s d&rsquo;une v\u00e9g\u00e9tation presque intacte. <\/p>\n<p><script src=\"https:\/\/fareharbor.com\/embeds\/script\/calendar\/experienceoc\/items\/127197\/?asn=fhdn-eur&amp;asn-ref=guidetotheazores&amp;ref=guidetotheazores&amp;bookable-only=yes&amp;full-items=yes&amp;marketplace=yes&amp;flow=no&amp;branding=no\"><\/script><\/p>\n<div class=\"flex items-start gap-4 mb-4 last:mb-0\" data-v-a5b16f77=\"\">\n<div class=\"min-w-0 flex-1\"><span class=\"fh-text fh-text--body-sm fh-text--medium\" data-v-3872b9c5=\"\">Dur\u00e9e : <\/span>4H<\/div>\n<\/div>\n<div class=\"flex items-start gap-4 mb-4 last:mb-0\" data-v-a5b16f77=\"\">\n<div class=\"mt-1 shrink-0\"><\/div>\n<div class=\"min-w-0 flex-1\"><span class=\"fh-text fh-text--body-sm fh-text--medium\" data-v-3872b9c5=\"\">Point de rencontre : <\/span>Loja Experience OC<\/div>\n<\/div>\n<div class=\"flex items-start gap-4 mb-4 last:mb-0\" data-v-a5b16f77=\"\">\n<div class=\"mt-1 shrink-0\"><\/div>\n<div class=\"min-w-0 flex-1\"><span class=\"fh-text fh-text--body-sm fh-text--medium\" data-v-3872b9c5=\"\">Propos\u00e9 en : <\/span>anglais, espagnol, fran\u00e7ais<\/div>\n<\/div>\n<div class=\"flex items-start gap-4 mb-4 last:mb-0\" data-v-a5b16f77=\"\">\n<div class=\"mt-1 shrink-0\"><\/div>\n<div class=\"min-w-0 flex-1\"><\/div>\n<\/div>\n","protected":false},"featured_media":25079,"comment_status":"closed","ping_status":"closed","template":"","meta":{"_acf_changed":false},"product_brand":[19601],"product_cat":[19484,19523,19486,19500],"product_tag":[19524],"class_list":{"0":"post-25150","1":"product","2":"type-product","3":"status-publish","4":"has-post-thumbnail","6":"product_brand-flores","7":"product_cat-activites","8":"product_cat-flores","9":"product_cat-toutes-les-iles","10":"product_cat-visites-guidees","11":"product_tag-ile-aux-fleurs","13":"first","14":"instock","15":"taxable","16":"shipping-taxable","17":"product-type-external"},"acf":[],"_links":{"self":[{"href":"https:\/\/guidetotheazores.pt\/fr\/wp-json\/wp\/v2\/product\/25150","targetHints":{"allow":["GET"]}}],"collection":[{"href":"https:\/\/guidetotheazores.pt\/fr\/wp-json\/wp\/v2\/product"}],"about":[{"href":"https:\/\/guidetotheazores.pt\/fr\/wp-json\/wp\/v2\/types\/product"}],"replies":[{"embeddable":true,"href":"https:\/\/guidetotheazores.pt\/fr\/wp-json\/wp\/v2\/comments?post=25150"}],"wp:featuredmedia":[{"embeddable":true,"href":"https:\/\/guidetotheazores.pt\/fr\/wp-json\/wp\/v2\/media\/25079"}],"wp:attachment":[{"href":"https:\/\/guidetotheazores.pt\/fr\/wp-json\/wp\/v2\/media?parent=25150"}],"wp:term":[{"taxonomy":"product_brand","embeddable":true,"href":"https:\/\/guidetotheazores.pt\/fr\/wp-json\/wp\/v2\/product_brand?post=25150"},{"taxonomy":"product_cat","embeddable":true,"href":"https:\/\/guidetotheazores.pt\/fr\/wp-json\/wp\/v2\/product_cat?post=25150"},{"taxonomy":"product_tag","embeddable":true,"href":"https:\/\/guidetotheazores.pt\/fr\/wp-json\/wp\/v2\/product_tag?post=25150"}],"curies":[{"name":"wp","href":"https:\/\/api.w.org\/{rel}","templated":true}]}}