{"id":25153,"date":"2026-05-13T09:17:51","date_gmt":"2026-05-13T10:17:51","guid":{"rendered":"https:\/\/guidetotheazores.pt\/product\/canyoning-a-alem-inferior-niveau-1\/"},"modified":"2026-05-13T09:17:51","modified_gmt":"2026-05-13T10:17:51","slug":"canyoning-a-alem-inferior-niveau-1","status":"publish","type":"product","link":"https:\/\/guidetotheazores.pt\/fr\/produit\/canyoning-a-alem-inferior-niveau-1\/","title":{"rendered":"Canyoning \u00e0 Al\u00e9m Inferior &#8211; Niveau 1"},"content":{"rendered":"<p>D\u00e9tails de l&rsquo;activit\u00e9<br \/>\nVivez une exp\u00e9rience intense et unique au c\u0153ur de l&rsquo;un des paysages les plus \u00e9poustouflants de Flores.<br \/>\nAvalanche<\/p>\n<p>Cet itin\u00e9raire de canyoning combine la nature, l&rsquo;histoire et l&rsquo;aventure, avec des descentes difficiles, des eaux imp\u00e9tueuses et des paysages qui ne peuvent \u00eatre vus que de l&rsquo;int\u00e9rieur du canyon.<\/p>\n<p>Au cours de l&rsquo;excursion, tu feras 7 rappels, le plus long \u00e9tant de 16 m\u00e8tres, toujours accompagn\u00e9 d&rsquo;un guide certifi\u00e9, assurant la s\u00e9curit\u00e9 et l&rsquo;orientation \u00e0 chaque \u00e9tape.<\/p>\n<p>D&rsquo;une dur\u00e9e moyenne de 4 heures, cette activit\u00e9 est parfaite pour ceux qui recherchent des sensations fortes, un contact direct avec la nature et une exp\u00e9rience m\u00e9morable sur l&rsquo;\u00eele.<\/p>\n<p>Ce qui est inclus<br \/>\nGuide certifi\u00e9 et exp\u00e9riment\u00e9 tout au long de l&rsquo;itin\u00e9raire.<\/p>\n<p>Kit complet de canyoning (combinaison thermique, casque, chaussures et mat\u00e9riel technique).<\/p>\n<p>Assurance activit\u00e9<\/p>\n<p>Photos de l&rsquo;exp\u00e9rience<\/p>\n<p>De l&rsquo;eau et une collation l\u00e9g\u00e8re<\/p>\n<p>Ce qui n&rsquo;est pas inclus<br \/>\nTransport jusqu&rsquo;au point de rencontre<br \/>\nServiette de bain<\/p>\n<p>Itin\u00e9raire<br \/>\nEnregistrement \u00e0 la boutique Experience OC<\/p>\n<p>Points forts<br \/>\nExploration de l&rsquo;un des paysages les plus impressionnants de l&rsquo;\u00eele de Flores.<\/p>\n<p>7 rappels le long du parcours, dont un de 16 m\u00e8tres<\/p>\n<p>Contact direct avec la nature et les formations uniques du canyon.<\/p>\n<p>Une aventure dynamique et s\u00fbre, accompagn\u00e9e d&rsquo;un guide certifi\u00e9.<\/p>\n<p>Une exp\u00e9rience de 4 heures pleine d&rsquo;excitation et de paysages m\u00e9morables.<\/p>\n<p>Id\u00e9al pour ceux qui recherchent le d\u00e9fi et l&rsquo;aventure au c\u0153ur de l&rsquo;\u00eele.<\/p>\n","protected":false},"excerpt":{"rendered":"<p>Profite d&rsquo;une exp\u00e9rience intense et unique au c\u0153ur de l&rsquo;un des paysages les plus \u00e9poustouflants de Flores :<br \/>\nAvalanche. Cet itin\u00e9raire de canyoning combine nature, histoire et aventure, avec des descentes difficiles, des eaux imp\u00e9tueuses et des paysages qui ne peuvent \u00eatre vus que de l&rsquo;int\u00e9rieur du canyon. <\/p>\n<p><script src=\"https:\/\/fareharbor.com\/embeds\/script\/calendar\/experienceoc\/items\/202246\/?asn=fhdn-eur&amp;asn-ref=guidetotheazores&amp;ref=guidetotheazores&amp;bookable-only=yes&amp;full-items=yes&amp;marketplace=yes&amp;flow=no&amp;branding=no\"><\/script><\/p>\n<p>Dur\u00e9e : 4 heures<\/p>\n<p>Point de rencontre : Magasin Experience OC<\/p>\n<p>Disponible en : Anglais, Espagnol<\/p>\n<p>Annulations : annulations effectu\u00e9es moins de 72 heures \u00e0 l&rsquo;avance &#8211; 100 % du montant total sera factur\u00e9.<\/p>\n<p>\u00c2ge : 8+<\/p>\n","protected":false},"featured_media":25048,"comment_status":"closed","ping_status":"closed","template":"","meta":{"_acf_changed":false},"product_brand":[19601],"product_cat":[19484,19555,19523,19486],"product_tag":[19524],"class_list":{"0":"post-25153","1":"product","2":"type-product","3":"status-publish","4":"has-post-thumbnail","6":"product_brand-flores","7":"product_cat-activites","8":"product_cat-canyoning","9":"product_cat-flores","10":"product_cat-toutes-les-iles","11":"product_tag-ile-aux-fleurs","13":"first","14":"instock","15":"taxable","16":"shipping-taxable","17":"product-type-external"},"acf":[],"_links":{"self":[{"href":"https:\/\/guidetotheazores.pt\/fr\/wp-json\/wp\/v2\/product\/25153","targetHints":{"allow":["GET"]}}],"collection":[{"href":"https:\/\/guidetotheazores.pt\/fr\/wp-json\/wp\/v2\/product"}],"about":[{"href":"https:\/\/guidetotheazores.pt\/fr\/wp-json\/wp\/v2\/types\/product"}],"replies":[{"embeddable":true,"href":"https:\/\/guidetotheazores.pt\/fr\/wp-json\/wp\/v2\/comments?post=25153"}],"wp:featuredmedia":[{"embeddable":true,"href":"https:\/\/guidetotheazores.pt\/fr\/wp-json\/wp\/v2\/media\/25048"}],"wp:attachment":[{"href":"https:\/\/guidetotheazores.pt\/fr\/wp-json\/wp\/v2\/media?parent=25153"}],"wp:term":[{"taxonomy":"product_brand","embeddable":true,"href":"https:\/\/guidetotheazores.pt\/fr\/wp-json\/wp\/v2\/product_brand?post=25153"},{"taxonomy":"product_cat","embeddable":true,"href":"https:\/\/guidetotheazores.pt\/fr\/wp-json\/wp\/v2\/product_cat?post=25153"},{"taxonomy":"product_tag","embeddable":true,"href":"https:\/\/guidetotheazores.pt\/fr\/wp-json\/wp\/v2\/product_tag?post=25153"}],"curies":[{"name":"wp","href":"https:\/\/api.w.org\/{rel}","templated":true}]}}