{"id":25322,"date":"2026-05-14T09:08:32","date_gmt":"2026-05-14T10:08:32","guid":{"rendered":"https:\/\/guidetotheazores.pt\/product\/sete-cidades-excursion-dune-demi-journee\/"},"modified":"2026-05-14T09:08:32","modified_gmt":"2026-05-14T10:08:32","slug":"sete-cidades-excursion-dune-demi-journee","status":"publish","type":"product","link":"https:\/\/guidetotheazores.pt\/fr\/produit\/sete-cidades-excursion-dune-demi-journee\/","title":{"rendered":"Sete Cidades &#8211; Excursion d&rsquo;une demi-journ\u00e9e"},"content":{"rendered":"<div class=\"subsection\" data-v-a5b16f77=\"\">\n<div class=\"content-builder-markdown-view\" data-v-316d1a1e=\"\" data-v-a5b16f77=\"\">\n<p><strong><em>Une perspective \u00e0 couper le souffle sur Sete Cidades et Vista do Rei<\/em><\/strong><\/p>\n<p>Embarque pour un voyage vers le c\u00f4t\u00e9 ouest de l&rsquo;\u00eele, o\u00f9 des vues \u00e0 couper le souffle t&rsquo;attendent pour captiver tes sens. \u00c9merveille-toi devant la flore enchanteresse des A\u00e7ores, avec les hortensias qui ornent les sentiers de l&rsquo;\u00eele de S\u00e3o Miguel. Notre circuit va au-del\u00e0 des panoramas, te guidant vers les embl\u00e9matiques Sete Cidades du Portugal et divers points de vue, notamment le haut Pico do Carv\u00e3o et l&rsquo;impressionnant Escavaldo.  <\/p>\n<p>Laisse notre guide local te d\u00e9voiler les secrets les mieux gard\u00e9s des Azores dans une atmosph\u00e8re d\u00e9tendue et familiale, garantissant une exp\u00e9rience riche en sens. Immerge-toi dans la culture locale, connecte-toi \u00e0 la nature et assiste aux paysages extraordinaires au sein des volcans endormis. Avec une capacit\u00e9 maximale de 8 personnes, cette visite partag\u00e9e promet une exploration intime.  <\/p>\n<p>Rejoins-nous maintenant et cr\u00e9e des souvenirs qui transcendent le temps &#8211; un voyage inoubliable t&rsquo;attend !<\/p>\n<p><strong>RAMASSAGE GRATUIT<\/strong><\/p>\n<p>9h00 Prise en charge \u00e0 l&rsquo;h\u00f4tel<\/p>\n<p>D\u00c9P\u00d4T<br \/>\n13 h 30 Arriv\u00e9e \u00e0 l&rsquo;h\u00f4tel \/ Identique au d\u00e9part<\/p>\n<\/div>\n<\/div>\n<div class=\"subsection\" data-v-a5b16f77=\"\">\n<div class=\"block\" data-v-a5b16f77=\"\"><span class=\"fh-text fh-text--body-lg fh-text--bold\" data-v-3872b9c5=\"\" data-v-a5b16f77=\"\">Ce qui est inclus<\/span><\/div>\n<div class=\"content-builder-markdown-view\" data-v-316d1a1e=\"\" data-v-a5b16f77=\"\">\n<h2>Inclusions<\/h2>\n<ul>\n<li>Chauffeur passionn\u00e9 et prudent avec un guide local.<\/li>\n<li>Promenade guid\u00e9e dans la nature (adapt\u00e9e aux capacit\u00e9s des invit\u00e9s dans la camionnette).<\/li>\n<li>Assurance<\/li>\n<li>Prise en charge et d\u00e9p\u00f4t \u00e0 l&rsquo;int\u00e9rieur de la ville de Ponta Delgada.<\/li>\n<\/ul>\n<\/div>\n<\/div>\n<div class=\"subsection\" data-v-a5b16f77=\"\">\n<div class=\"block\" data-v-a5b16f77=\"\"><span class=\"fh-text fh-text--body-lg fh-text--bold\" data-v-3872b9c5=\"\" data-v-a5b16f77=\"\">Ce qui n&rsquo;est pas inclus<\/span><\/div>\n<div class=\"content-builder-markdown-view\" data-v-316d1a1e=\"\" data-v-a5b16f77=\"\">\n<h2>Exclusions<\/h2>\n<ul>\n<li>Restaurants et pause d\u00e9jeuner<\/li>\n<li>Frais d&rsquo;entr\u00e9e<\/li>\n<\/ul>\n<\/div>\n<\/div>\n<div class=\"subsection\" data-v-a5b16f77=\"\">\n<div class=\"block\" data-v-a5b16f77=\"\"><span class=\"fh-text fh-text--body-lg fh-text--bold\" data-v-3872b9c5=\"\" data-v-a5b16f77=\"\">Itin\u00e9raire<\/span><\/div>\n<div class=\"content-builder-markdown-view\" data-v-316d1a1e=\"\" data-v-a5b16f77=\"\">\n<ul>\n<li>Point de vue du Pico do Carv\u00e3o (Sete Cidades, Ponta Delgada)<\/li>\n<li>Point de vue Lagoa do Can\u00e1rio (Sete Cidades, Ponta Delgada)<\/li>\n<li>Point de vue Grota do Inferno (Sete Cidades, Ponta Delgada)<\/li>\n<li>Point de vue Vista do Rei (Sete Cidades, Ponta Delgada)<\/li>\n<li>Point de vue du Cerrado das Freiras (Sete Cidades, Ponta Delgada)<\/li>\n<li>Point de vue Lagoa do Santiago (Sete Cidades, Ponta Delgada)<\/li>\n<li>Visiter Sete Cidades (paroisse civile)<\/li>\n<\/ul>\n<\/div>\n<\/div>\n","protected":false},"excerpt":{"rendered":"<p>Embarque pour un voyage vers le c\u00f4t\u00e9 ouest de l&rsquo;\u00eele, o\u00f9 des vues \u00e0 couper le souffle t&rsquo;attendent pour captiver tes sens. \u00c9merveille-toi devant la flore enchanteresse des A\u00e7ores, avec les hortensias qui ornent les sentiers de l&rsquo;\u00eele de S\u00e3o Miguel. Notre circuit va au-del\u00e0 des panoramas, te guidant vers les embl\u00e9matiques Sete Cidades du Portugal et divers points de vue, notamment le haut Pico do Carv\u00e3o et l&rsquo;impressionnant Escavaldo.  <\/p>\n<p><script src=\"https:\/\/fareharbor.com\/embeds\/script\/calendar\/intothewildazorestours\/items\/124748\/?asn=fhdn-eur&amp;asn-ref=guidetotheazores&amp;ref=guidetotheazores&amp;bookable-only=yes&amp;full-items=yes&amp;marketplace=yes&amp;flow=no&amp;branding=no\"><\/script><\/p>\n<div class=\"flex items-start gap-4 mb-4 last:mb-0\" data-v-a5b16f77=\"\">\n<div class=\"min-w-0 flex-1\"><span class=\"fh-text fh-text--body-sm fh-text--medium\" data-v-3872b9c5=\"\">Dur\u00e9e : <\/span>4,5 heures<\/div>\n<\/div>\n<div class=\"flex items-start gap-4 mb-4 last:mb-0\" data-v-a5b16f77=\"\">\n<div class=\"mt-1 shrink-0\"><\/div>\n<div class=\"min-w-0 flex-1\"><span class=\"fh-text fh-text--body-sm fh-text--medium\" data-v-3872b9c5=\"\">Point de rencontre : <\/span>Prise en charge \u00e0 l&rsquo;h\u00f4tel<\/div>\n<\/div>\n","protected":false},"featured_media":25192,"comment_status":"closed","ping_status":"closed","template":"","meta":{"_acf_changed":false},"product_brand":[19589],"product_cat":[19484,19527,19486,19500],"product_tag":[19528],"class_list":{"0":"post-25322","1":"product","2":"type-product","3":"status-publish","4":"has-post-thumbnail","6":"product_brand-sao-miguel","7":"product_cat-activites","8":"product_cat-sao-miguel","9":"product_cat-toutes-les-iles","10":"product_cat-visites-guidees","11":"product_tag-saomiguelisland","13":"first","14":"instock","15":"taxable","16":"shipping-taxable","17":"product-type-external"},"acf":[],"_links":{"self":[{"href":"https:\/\/guidetotheazores.pt\/fr\/wp-json\/wp\/v2\/product\/25322","targetHints":{"allow":["GET"]}}],"collection":[{"href":"https:\/\/guidetotheazores.pt\/fr\/wp-json\/wp\/v2\/product"}],"about":[{"href":"https:\/\/guidetotheazores.pt\/fr\/wp-json\/wp\/v2\/types\/product"}],"replies":[{"embeddable":true,"href":"https:\/\/guidetotheazores.pt\/fr\/wp-json\/wp\/v2\/comments?post=25322"}],"wp:featuredmedia":[{"embeddable":true,"href":"https:\/\/guidetotheazores.pt\/fr\/wp-json\/wp\/v2\/media\/25192"}],"wp:attachment":[{"href":"https:\/\/guidetotheazores.pt\/fr\/wp-json\/wp\/v2\/media?parent=25322"}],"wp:term":[{"taxonomy":"product_brand","embeddable":true,"href":"https:\/\/guidetotheazores.pt\/fr\/wp-json\/wp\/v2\/product_brand?post=25322"},{"taxonomy":"product_cat","embeddable":true,"href":"https:\/\/guidetotheazores.pt\/fr\/wp-json\/wp\/v2\/product_cat?post=25322"},{"taxonomy":"product_tag","embeddable":true,"href":"https:\/\/guidetotheazores.pt\/fr\/wp-json\/wp\/v2\/product_tag?post=25322"}],"curies":[{"name":"wp","href":"https:\/\/api.w.org\/{rel}","templated":true}]}}