{"id":25326,"date":"2026-05-14T09:23:04","date_gmt":"2026-05-14T10:23:04","guid":{"rendered":"https:\/\/guidetotheazores.pt\/product\/sete-cidades-et-lagoa-do-fogo\/"},"modified":"2026-05-14T09:23:04","modified_gmt":"2026-05-14T10:23:04","slug":"sete-cidades-et-lagoa-do-fogo","status":"publish","type":"product","link":"https:\/\/guidetotheazores.pt\/fr\/produit\/sete-cidades-et-lagoa-do-fogo\/","title":{"rendered":"Sete Cidades et Lagoa do Fogo"},"content":{"rendered":"<div class=\"flex justify-between py-4 cursor-pointer\" data-v-c46ac7a2=\"\">\n<div class=\"heading-left\" data-v-c46ac7a2=\"\">\n<div class=\"fh-title fh-title--display-xl\" data-v-9d6554c3=\"\" data-v-c46ac7a2=\"\">\n<h1 class=\"fh-text fh-text--display-xl fh-text--medium\" data-v-3872b9c5=\"\" data-v-9d6554c3=\"\">D\u00e9tails de l&rsquo;activit\u00e9<\/h1>\n<\/div>\n<\/div>\n<div data-v-c46ac7a2=\"\">Embarque pour un voyage magique \u00e0 la d\u00e9couverte du c\u00f4t\u00e9 ouest enchanteur de l&rsquo;\u00eele de S\u00e3o Miguel avec notre sympathique guide touristique. Sois captiv\u00e9 par les c\u00e9l\u00e8bres lacs de crat\u00e8re de Sete Cidades et de Lagoa do Fogo, les charmantes chutes d&rsquo;eau, les falaises \u00e0 couper le souffle et les impressionnantes formations rocheuses le long du littoral de l&rsquo;\u00eele. Ton aventure commence \u00e0 Sete Cidades, l&rsquo;une des 7 merveilles naturelles du Portugal, o\u00f9 tu auras une vue imprenable sur les lacs jumeaux depuis deux perspectives uniques.  <\/div>\n<\/div>\n<div class=\"content pb-4\" data-v-c46ac7a2=\"\">\n<div class=\"subsection\" data-v-a5b16f77=\"\">\n<div class=\"content-builder-markdown-view\" data-v-316d1a1e=\"\" data-v-a5b16f77=\"\">\n<p>Apr\u00e8s un d\u00e9licieux repas, nous t&#8217;emm\u00e8nerons au c\u0153ur de l&rsquo;\u00eele de S\u00e3o Miguel, o\u00f9 tu seras \u00e9merveill\u00e9 par la beaut\u00e9 des remarquables falaises de la c\u00f4te nord. Aventure-toi \u00e0 l&rsquo;int\u00e9rieur des terres pour d\u00e9couvrir l&rsquo;imposante cascade de Salto do Cabrito, cach\u00e9e par une verdure luxuriante. Monte au sommet de Lagoa do Fogo pour avoir une vue hypnotique sur les lacs de crat\u00e8re primitifs et magiques de S\u00e3o Miguel. Enfin, termine ton voyage au sommet de la montagne, en t&rsquo;\u00e9merveillant des panoramas extraordinaires qui s&rsquo;\u00e9tendent sur une partie importante de l&rsquo;\u00eele.   <\/p>\n<p>Pr\u00e9pare-toi \u00e0 vivre une exp\u00e9rience inoubliable qui donne vie \u00e0 la beaut\u00e9 de S\u00e3o Miguel !<\/p>\n<\/div>\n<\/div>\n<div class=\"subsection\" data-v-a5b16f77=\"\">\n<div class=\"block\" data-v-a5b16f77=\"\"><span class=\"fh-text fh-text--body-lg fh-text--bold\" data-v-3872b9c5=\"\" data-v-a5b16f77=\"\">Itin\u00e9raire<\/span><\/div>\n<div class=\"content-builder-markdown-view\" data-v-316d1a1e=\"\" data-v-a5b16f77=\"\">\n<ul>\n<li>Point de vue du Pico do Carv\u00e3o (Sete Cidades, Ponta Delgada)<\/li>\n<li>Point de vue Lagoa do Can\u00e1rio (Sete Cidades, Ponta Delgada)<\/li>\n<li>Point de vue Grota do Inferno (Sete Cidades, Ponta Delgada)<\/li>\n<li>Point de vue Vista do Rei (Sete Cidades, Ponta Delgada)<\/li>\n<li>Point de vue du Cerrado das Freiras (Sete Cidades, Ponta Delgada)<\/li>\n<li>Point de vue Lagoa do Santiago (Sete Cidades, Ponta Delgada)<\/li>\n<li>Visiter Sete Cidades (paroisse civile)<\/li>\n<li>Point de vue du Pico da Barrosa (Ribeira Grande)<\/li>\n<li>Point de vue Lagoa do Fogo (Ribeira Grande)<\/li>\n<li>Visite de la cascade de Salto do Cabrito (Ribeira Grande)<\/li>\n<\/ul>\n<\/div>\n<\/div>\n<\/div>\n","protected":false},"excerpt":{"rendered":"<div class=\"flex justify-between py-4 cursor-pointer\" data-v-c46ac7a2=\"\">\n<div data-v-c46ac7a2=\"\">Embarque pour un voyage magique \u00e0 la d\u00e9couverte du c\u00f4t\u00e9 ouest enchanteur de l&rsquo;\u00eele de S\u00e3o Miguel avec notre sympathique guide touristique. Sois captiv\u00e9 par les c\u00e9l\u00e8bres lacs de crat\u00e8re Sete Cidades et Lagoa do Fogo, les charmantes chutes d&rsquo;eau, les falaises \u00e0 couper le souffle et les impressionnantes formations rocheuses le long du littoral de l&rsquo;\u00eele. <\/div>\n<\/div>\n<p><script src=\"https:\/\/fareharbor.com\/embeds\/script\/calendar\/intothewildazorestours\/items\/124743\/?asn=fhdn-eur&amp;asn-ref=guidetotheazores&amp;ref=guidetotheazores&amp;bookable-only=yes&amp;full-items=yes&amp;marketplace=yes&amp;flow=no&amp;branding=no\"><\/script><\/p>\n<div class=\"flex items-start gap-4 mb-4 last:mb-0\" data-v-a5b16f77=\"\">\n<div class=\"min-w-0 flex-1\">Dur\u00e9e : 8 heures<\/div>\n<\/div>\n<div class=\"flex items-start gap-4 mb-4 last:mb-0\" data-v-a5b16f77=\"\">\n<div class=\"mt-1 shrink-0\"><\/div>\n<div class=\"min-w-0 flex-1\"><span class=\"fh-text fh-text--body-sm fh-text--medium\" data-v-3872b9c5=\"\">Point de rencontre : <\/span>Prise en charge \u00e0 l&rsquo;h\u00f4tel<\/div>\n<\/div>\n","protected":false},"featured_media":25213,"comment_status":"closed","ping_status":"closed","template":"","meta":{"_acf_changed":false},"product_brand":[19589],"product_cat":[19484,19527,19486,19500],"product_tag":[19528],"class_list":{"0":"post-25326","1":"product","2":"type-product","3":"status-publish","4":"has-post-thumbnail","6":"product_brand-sao-miguel","7":"product_cat-activites","8":"product_cat-sao-miguel","9":"product_cat-toutes-les-iles","10":"product_cat-visites-guidees","11":"product_tag-saomiguelisland","13":"first","14":"instock","15":"taxable","16":"shipping-taxable","17":"product-type-external"},"acf":[],"_links":{"self":[{"href":"https:\/\/guidetotheazores.pt\/fr\/wp-json\/wp\/v2\/product\/25326","targetHints":{"allow":["GET"]}}],"collection":[{"href":"https:\/\/guidetotheazores.pt\/fr\/wp-json\/wp\/v2\/product"}],"about":[{"href":"https:\/\/guidetotheazores.pt\/fr\/wp-json\/wp\/v2\/types\/product"}],"replies":[{"embeddable":true,"href":"https:\/\/guidetotheazores.pt\/fr\/wp-json\/wp\/v2\/comments?post=25326"}],"wp:featuredmedia":[{"embeddable":true,"href":"https:\/\/guidetotheazores.pt\/fr\/wp-json\/wp\/v2\/media\/25213"}],"wp:attachment":[{"href":"https:\/\/guidetotheazores.pt\/fr\/wp-json\/wp\/v2\/media?parent=25326"}],"wp:term":[{"taxonomy":"product_brand","embeddable":true,"href":"https:\/\/guidetotheazores.pt\/fr\/wp-json\/wp\/v2\/product_brand?post=25326"},{"taxonomy":"product_cat","embeddable":true,"href":"https:\/\/guidetotheazores.pt\/fr\/wp-json\/wp\/v2\/product_cat?post=25326"},{"taxonomy":"product_tag","embeddable":true,"href":"https:\/\/guidetotheazores.pt\/fr\/wp-json\/wp\/v2\/product_tag?post=25326"}],"curies":[{"name":"wp","href":"https:\/\/api.w.org\/{rel}","templated":true}]}}